{"id":2016,"date":"2021-02-17T13:31:31","date_gmt":"2021-02-17T12:31:31","guid":{"rendered":"https:\/\/auslaenderaemter.com\/?page_id=2016"},"modified":"2022-07-08T11:33:03","modified_gmt":"2022-07-08T09:33:03","slug":"verpflichtungserklaerung","status":"publish","type":"page","link":"https:\/\/auslaenderaemter.com\/zh\/%e6%89%bf%e8%af%ba%e5%ae%a3%e8%a8%80\/","title":{"rendered":"\u627f\u8bfa\u5ba3\u8a00"},"content":{"rendered":"<figure id=\"attachment_3094\" aria-describedby=\"caption-attachment-3094\" style=\"width: 600px\" class=\"wp-caption aligncenter\"><img fetchpriority=\"high\" decoding=\"async\" class=\"wp-image-3094 size-full\" src=\"https:\/\/auslaenderaemter.com\/wp-content\/uploads\/2021\/02\/Design-ohne-Titel-8.png\" alt=\"\u627f\u8bfa\u5ba3\u8a00\" width=\"600\" height=\"400\" srcset=\"https:\/\/auslaenderaemter.com\/wp-content\/uploads\/2021\/02\/Design-ohne-Titel-8.png 600w, https:\/\/auslaenderaemter.com\/wp-content\/uploads\/2021\/02\/Design-ohne-Titel-8-300x200.png 300w\" sizes=\"(max-width: 600px) 100vw, 600px\" \/><figcaption id=\"caption-attachment-3094\" class=\"wp-caption-text\">\u901a\u8fc7\u627f\u8bfa\u58f0\u660e\uff0c\u60a8\u53ef\u4ee5\u8ba9\u6765\u81ea\u56fd\u5916\u7684\u4eba\u8fdb\u5165\u5e76\u7559\u5728\u5fb7\u56fd<\/figcaption><\/figure>\n<h2>\u5916\u56fd\u6e38\u5ba2\u627f\u8bfa\u4e66<\/h2>\n<p>\u4e3a\u4e86\u786e\u4fdd <strong>\u751f\u6d3b\u5f00\u9500<\/strong> <strong>\u7531\u7b2c\u4e09\u56fd\u56fd\u6c11<\/strong> \uff08\u96be\u6c11\u6216\u79fb\u6c11\uff09\u670d\u52a1\u4e8e\u6240\u8c13\u7684\u00a0<strong>\u627f\u8bfa\u5ba3\u8a00<\/strong>.\u4f5c\u4e3a\u4e00\u9879\u89c4\u5219\uff0c\u9700\u8981\u7b7e\u8bc1\u7684\u5916\u56fd\u4eba\u5fc5\u987b\u6709\u8db3\u591f\u7684 <strong>\u81ea\u6709\u8d44\u91d1<\/strong>\uff0c\u4ee5\u4fbf\u80fd\u591f\u652f\u4ed8\u4e0e\u8ba1\u5212\u4f4f\u5bbf\u76f8\u5173\u7684\u8d39\u7528\u3002<\/p>\n<p>\u6ca1\u6709\u5fc5\u8981\/\u53ef\u8bc1\u660e\u7684\u7b7e\u8bc1\u8981\u6c42\u7684\u5916\u56fd\u4eba <strong>\u81ea\u6709\u8d44\u91d1<\/strong>\uff0c\u5982\u679c\u6839\u636e\u4e2a\u4eba\u3001\u516c\u53f8\u6216\u534f\u4f1a\u53ca\u5176\u4e3b\u8981\u5c45\u4f4f\u5730\u5728\u5fb7\u56fd\u7684\u627f\u8bfa\u58f0\u660e\uff0c\u4ecd\u7136\u53ef\u4ee5\u7b7e\u53d1\u7b7e\u8bc1\uff0c <strong>\u627f\u62c5\u6240\u6709\u8d39\u7528<\/strong> \u4ed6\u8ddf\u968f\u3002<\/p>\n<h2>\u4ec0\u4e48\u662f\u627f\u8bfa\u58f0\u660e\uff1f<\/h2>\n<p>\u4e2a\u4eba\/\u516c\u53f8\u6216\u534f\u4f1a\u540c\u610f\u627f\u8bfa\u58f0\u660e <strong>\u652f\u4ed8\u6240\u6709\u8d39\u7528<\/strong>\uff0c\u8fd9\u662f\u7531\u7b7e\u8bc1\u7533\u8bf7\u4eba\u4e3a\u516c\u5171\u6cd5\u4eba\u5b9e\u4f53\u505c\u7559\u800c\u4ea7\u751f\u7684\u3002<\/p>\n<p>\u56e0\u6b64\uff0c\u627f\u8bfa\u58f0\u660e\u8fd8\u5305\u62ec\u62a5\u9500\u516c\u7acb\u533b\u9662\u7684\u533b\u7597\u8d39\u7528\uff0c\u9664\u975e\u5df2\u7ecf\u5b58\u5728\u76f8\u5e94\u7684\u5065\u5eb7\u4fdd\u9669\u3002\u5982\u679c\u60a8\u5728\u7b7e\u8bc1\u5230\u671f\u540e\u4e0d\u79bb\u5f00\u8be5\u56fd\uff0c\u627f\u8bfa\u58f0\u660e\u8fd8\u5305\u62ec\u79fb\u6c11\u8b66\u5bdf\u7a0b\u5e8f\u7684\u8d39\u7528\u3002<\/p>\n<h3>\u63d0\u4ea4\u627f\u8bfa\u58f0\u660e\u6240\u9700\u6587\u4ef6<\/h3>\n<p>\u4e3a\u4e86\u4f7f\u4e2a\u4eba\/\u516c\u53f8\u6216\u534f\u4f1a\u80fd\u591f\u63d0\u4ea4\u627f\u8bfa\u58f0\u660e\uff0c\u8fd8\u5fc5\u987b\u63d0\u4f9b\u4e00\u4e9b\u8bc1\u636e\u3002\u4e2a\u4eba\u5fc5\u987b\u63d0\u4f9b\u4e0e\u516c\u53f8\/\u534f\u4f1a\u4e0d\u540c\u7684\u8bc1\u660e\u3002\u5bf9\u5979\u6765\u8bf4\u5df2\u7ecf\u8db3\u591f\u4e86 <strong>\u6536\u5165\u4e0d\u591f<\/strong>, \u901a\u5e38\u662f\u4e00\u4e2a <strong>\u88ab\u5c01\u9501\u7684\u5e10\u6237<\/strong> \u5fc5\u8981\u7684\u3002\u8fd9\u662f\u6301\u6709\u4eba\u4e0d\u80fd\u968f\u610f\u5904\u7f6e\u7684\u7279\u6b8a\u8d26\u6237\u3002\u7533\u8bf7\u4eba\u5fc5\u987b\u5c06\u6cd5\u5f8b\u8981\u6c42\u7684\u6700\u4f4e\u91d1\u989d\u5b58\u5165\u88ab\u51bb\u7ed3\u7684\u8d26\u6237\u3002\u5728\u8bbf\u5ba2\u518d\u6b21\u79bb\u5f00\u5fb7\u56fd\u4e4b\u524d\uff0c\u8be5\u91d1\u989d\u5c06\u4fdd\u6301\u51bb\u7ed3\u72b6\u6001\u3002<\/p>\n<p><strong>\u4e2a\u4eba\u5fc5\u987b\u63d0\u4ea4\u4ee5\u4e0b\u6587\u4ef6\uff1a<\/strong><\/p>\n<ul>\n<li>\u8eab\u4efd\u8bc1\u660e\uff08\u4f8b\u5982\u62a4\u7167\u6216\u8eab\u4efd\u8bc1\uff09<\/li>\n<li>\u6ce8\u518c\u786e\u8ba4<\/li>\n<li>\u6536\u5165\u8bc1\u660e\uff08\u4f8b\u5982\u5de5\u8d44\u5355\u6216\u6240\u5f97\u7a0e\u8bc4\u4f30\uff09<\/li>\n<li>\u4efb\u4f55\u8d22\u52a1\u4e49\u52a1\u7684\u8bc1\u636e\uff0c\u4f8b\u5982\u507f\u8fd8\u8d37\u6b3e\u6216\u5b50\u5973\u629a\u517b\u8d39<\/li>\n<li>\u79df\u8d41\u534f\u8bae\u6216\u5730\u5951\u7684\u8bc1\u636e<\/li>\n<li>\u4e0e\u88ab\u9080\u8bf7\u4eba\u7684\u5173\u7cfb\u8bc1\u660e<\/li>\n<\/ul>\n<p><strong>\u516c\u53f8\u548c\u534f\u4f1a\u5fc5\u987b\u63d0\u4ea4\u4ee5\u4e0b\u6587\u4ef6\uff1a<\/strong><\/p>\n<ul>\n<li>\u516c\u53f8\/\u534f\u4f1a\u4ee3\u8868\u7684\u8eab\u4efd\u8bc1\u660e\u548c\u53ef\u80fd\u7684\u4ee3\u8868\u6743\u8bc1\u660e<\/li>\n<li>\u6458\u81ea\u516c\u53f8\u767b\u8bb0\u518c\u6216\u516c\u53f8\u7ae0\u7a0b<\/li>\n<li>\u516c\u53f8\/\u534f\u4f1a\u7684\u4fe1\u8a89\u8bc1\u660e<\/li>\n<li>\u4e0e\u88ab\u9080\u8bf7\u4eba\u7684\u5173\u7cfb\u8bc1\u660e\uff08\u5982\u679c\u6709\uff0c\u4f8b\u5982\u4e1a\u52a1\u5173\u7cfb\u7b49\uff09<\/li>\n<\/ul>\n<h3>\u627f\u8bfa\u58f0\u660e\u7684\u6709\u6548\u671f\u662f\u591a\u4e45\uff0c\u53ef\u4ee5\u64a4\u9500\u5417\uff1f<\/h3>\n<p>\u4f5c\u4e3a\u4e00\u9879\u89c4\u5219\uff0c\u5927\u4f7f\u9986\u63a5\u53d7\u627f\u8bfa\u58f0\u660e <strong>\u957f\u8fbe 6 \u4e2a\u6708 <\/strong>\u5c55\u89c8\u540e\u3002\u4ece\u63d0\u4ea4\u627f\u8bfa\u4e66\u5230\u7b7e\u53d1\u7b7e\u8bc1\uff0c\u539f\u5219\u4e0a\u4e0d\u8d85\u8fc76\u4e2a\u6708\u3002\u8fd9\u662f\u56e0\u4e3a <strong>\u8d22\u52a1\u72b6\u51b5<\/strong> \u540c\u65f6\u58f0\u660e\u65b9\u7684 <strong>\u53ef\u80fd\u5df2\u7ecf\u6539\u53d8<\/strong>.\u5982\u679c 6 \u4e2a\u6708\u7684\u671f\u9650\u5df2\u7ecf\u5230\u671f\uff0c\u901a\u5e38\u9700\u8981\u63d0\u4ea4\u65b0\u7684\u627f\u8bfa\u58f0\u660e\u3002<\/p>\n<p>\u6cd5\u5f8b\u6ca1\u6709\u89c4\u5b9a\u64a4\u9500\u627f\u8bfa\u58f0\u660e\u3002\u8054\u90a6\u5916\u4ea4\u90e8\u4e0d\u77e5\u9053\u64a4\u9500\u662f\u5426\u53ef\u4ee5\u907f\u514d\u53d1\u751f\u635f\u5bb3\u65f6\u7684\u8d54\u507f\u4e49\u52a1\u3002\u8054\u90a6\u5916\u4ea4\u90e8\u4e0d\u80fd\u4fdd\u8bc1\u53ea\u6709\u5728\u627f\u8bfa\u58f0\u660e\u88ab\u64a4\u9500\u7684\u60c5\u51b5\u4e0b\u624d\u80fd\u963b\u6b62\u7b7e\u8bc1\u3002<\/p>\n<h3>\u627f\u8bfa\u58f0\u660e\u7684\u8d39\u7528\u662f\u591a\u5c11\uff1f<\/h3>\n<p>\u627f\u8bfa\u58f0\u660e\u8d39\u00a0<strong>\u662f 29 \u6b27\u5143<\/strong>.\u6839\u636e\u300a\u5c45\u7559\u6761\u4f8b\u300b\u7b2c 47 \u6761\u7b2c 1 \u6b3e\u7b2c 12 \u9879\uff0c\u64a4\u56de\u7533\u8bf7\u4ea6\u987b\u7f34\u4ea4\u8d39\u7528\u3002<\/p>\n<div class=\"su-note\"  style=\"border-color:#dadbdd;border-radius:2px;-moz-border-radius:2px;-webkit-border-radius:2px;\"><div class=\"su-note-inner su-u-clearfix su-u-trim\" style=\"background-color:#f4f5f7;border-color:#ffffff;color:#333333;border-radius:2px;-moz-border-radius:2px;-webkit-border-radius:2px;\"><strong>\u4e00\u4e2a\u901a\u77e5\uff1a<\/strong> \u5bf9\u4e8e\u529e\u516c\u5ba4\u3001\u5f53\u5c40\u6216\u6cd5\u9662\uff0c\u60a8\u901a\u5e38\u9700\u8981\u6587\u4ef6\u3001\u8bc1\u4e66\u6216\u8bc1\u4e66\u4f5c\u4e3a <a href=\"https:\/\/auslaenderaemter.com\/zh\/\u5b98\u65b9\u6587\u4ef6\u8ba4\u8bc1\u7ffb\u8bd1\/\">\u8ba4\u8bc1\u7ffb\u8bd1<\/a>.<\/div><\/div>\n<h3>\u627f\u8bfa\u58f0\u660e\u5728\u8d22\u52a1\u4e0a\u6db5\u76d6\u54ea\u4e2a\u65f6\u671f\uff1f<\/h3>\n<p>\u57fa\u672c\u4e0a\uff0c\u901a\u8fc7\u4e4b\u95f4\u7684\u58f0\u660e<strong> 90 \u5929<\/strong> \u957f\u8fbe 6 \u4e2a\u6708\u7684\u8d22\u52a1\u5b89\u5168\u3002\u4efb\u4f55\u9700\u8981\u66f4\u957f\u7b7e\u8bc1\u7684\u4eba\u90fd\u5fc5\u987b\u8bc1\u660e\u4ed6\u4eec\u5728\u5269\u4f59\u671f\u9650\u5185\u7684\u7ecf\u6d4e\u80fd\u529b\u3002\u9002\u5408\u8fd9\u4e2a <strong>\u8fc7\u53bb 3-6 \u4e2a\u6708\u7684\u94f6\u884c\u5bf9\u8d26\u5355<\/strong>\uff0c\u5176\u4e2d\u6982\u8ff0\u4e86\u5927\u81f4\u7684\u6708\u6536\u5165\u3002<\/p>\n<ul>\n<li><strong>\u60a8\u671f\u5f85\u6765\u81ea\u56fd\u5916\u7684\u8bbf\u5ba2\u5417\uff1f<\/strong> \u5e26\u4e00\u4e2a <a href=\"https:\/\/auslaenderaemter.com\/zh\/\u5916\u5bbe\u4fdd\u9669\/\">\u5916\u5bbe\u4fdd\u9669<\/a>\u00a0\u60a8\u5728\u5fb7\u56fd\u548c\u6b27\u6d32\u53d7\u5230\u5168\u9762\u4fdd\u62a4\u3002<\/li>\n<\/ul>\n<h3>\u66f4\u8fdc<span class=\"ez-toc-section\">\u00a0<\/span>\u94fe\u63a5\u548c\u6765\u6e90<\/h3>\n<ul>\n<li><a href=\"https:\/\/auslaenderaemter.com\/zh\/\" data-wpel-link=\"internal\">\u5fb7\u56fd\u79fb\u6c11\u5c40<\/a><\/li>\n<li><a href=\"https:\/\/auslaenderaemter.com\/zh\/\u5c45\u7559\u8bb8\u53ef\u8bc1\/\">\u5c45\u7559\u8bb8\u53ef\u8bc1<\/a><\/li>\n<\/ul>","protected":false},"excerpt":{"rendered":"<p>\u5916\u56fd\u6e38\u5ba2\u7684\u627f\u8bfa\u58f0\u660e\u6240\u8c13\u7684\u627f\u8bfa\u58f0\u660e\u7528\u4e8e\u652f\u4ed8\u7b2c\u4e09\u56fd\u56fd\u6c11\uff08\u96be\u6c11\u6216\u79fb\u6c11\uff09\u7684\u751f\u6d3b\u8d39\u7528\u3002\u4e00\u822c\u6765\u8bf4\uff0c\u9700\u8981\u7b7e\u8bc1\u7684\u5916\u56fd\u4eba\u5fc5\u987b\u6709\u8db3\u591f\u7684\u8d44\u91d1\u6765\u652f\u4ed8\u8ba1\u5212\u9017\u7559\u671f\u95f4\u7684\u76f8\u5173\u8d39\u7528\u3002\u9700\u8981\u7b7e\u8bc1\u4f46\u6ca1\u6709\u5fc5\u8981\/\u53ef\u8bc1\u660e\u7684\u81ea\u8eab\u8d44\u6e90\u7684\u5916\u56fd\u4eba\u4ecd\u7136\u53ef\u4ee5\u83b7\u5f97...&nbsp;<a href=\"https:\/\/auslaenderaemter.com\/zh\/%e6%89%bf%e8%af%ba%e5%ae%a3%e8%a8%80\/\" rel=\"bookmark\">\u9605\u8bfb\u66f4\u591a \u201d<span class=\"screen-reader-text\">\u627f\u8bfa\u5ba3\u8a00<\/span><\/a><\/p>","protected":false},"author":1,"featured_media":0,"parent":0,"menu_order":0,"comment_status":"closed","ping_status":"closed","template":"","meta":{"neve_meta_sidebar":"","neve_meta_container":"","neve_meta_enable_content_width":"on","neve_meta_content_width":100,"neve_meta_title_alignment":"","neve_meta_author_avatar":"","neve_post_elements_order":"","neve_meta_disable_header":"","neve_meta_disable_footer":"","neve_meta_disable_title":"","neve_meta_reading_time":"","footnotes":""},"class_list":["post-2016","page","type-page","status-publish","hentry"],"yoast_head":"<!-- This site is optimized with the Yoast SEO plugin v27.4 - https:\/\/yoast.com\/product\/yoast-seo-wordpress\/ -->\n<title>Verpflichtungserkl\u00e4rung f\u00fcr ausl\u00e4ndische Besucher in Deutschland<\/title>\n<meta name=\"description\" content=\"Mit der Verpflichtungserkl\u00e4rung k\u00f6nnen Sie Personen aus dem Ausland die Einreise und den Aufenthalt in Deutschland erm\u00f6glichen\" \/>\n<meta name=\"robots\" content=\"index, follow, max-snippet:-1, max-image-preview:large, max-video-preview:-1\" \/>\n<link rel=\"canonical\" href=\"https:\/\/auslaenderaemter.com\/zh\/\u627f\u8bfa\u5ba3\u8a00\/\" \/>\n<meta property=\"og:locale\" content=\"zh_CN\" \/>\n<meta property=\"og:type\" content=\"article\" \/>\n<meta property=\"og:title\" content=\"Verpflichtungserkl\u00e4rung f\u00fcr ausl\u00e4ndische Besucher in Deutschland\" \/>\n<meta property=\"og:description\" content=\"Mit der Verpflichtungserkl\u00e4rung k\u00f6nnen Sie Personen aus dem Ausland die Einreise und den Aufenthalt in Deutschland erm\u00f6glichen\" \/>\n<meta property=\"og:url\" content=\"https:\/\/auslaenderaemter.com\/zh\/\u627f\u8bfa\u5ba3\u8a00\/\" \/>\n<meta property=\"og:site_name\" content=\"auslaenderaemter.com\" \/>\n<meta property=\"article:modified_time\" content=\"2022-07-08T09:33:03+00:00\" \/>\n<meta property=\"og:image\" content=\"https:\/\/auslaenderaemter.com\/wp-content\/uploads\/2021\/02\/Design-ohne-Titel-8.png\" \/>\n<meta name=\"twitter:card\" content=\"summary_large_image\" \/>\n<meta name=\"twitter:label1\" content=\"\u9884\u8ba1\u9605\u8bfb\u65f6\u95f4\" \/>\n\t<meta name=\"twitter:data1\" content=\"3 \u5206\" \/>\n<script type=\"application\/ld+json\" class=\"yoast-schema-graph\">{\"@context\":\"https:\\\/\\\/schema.org\",\"@graph\":[{\"@type\":\"WebPage\",\"@id\":\"https:\\\/\\\/auslaenderaemter.com\\\/verpflichtungserklaerung\\\/\",\"url\":\"https:\\\/\\\/auslaenderaemter.com\\\/verpflichtungserklaerung\\\/\",\"name\":\"Verpflichtungserkl\u00e4rung f\u00fcr ausl\u00e4ndische Besucher in Deutschland\",\"isPartOf\":{\"@id\":\"https:\\\/\\\/auslaenderaemter.com\\\/#website\"},\"primaryImageOfPage\":{\"@id\":\"https:\\\/\\\/auslaenderaemter.com\\\/verpflichtungserklaerung\\\/#primaryimage\"},\"image\":{\"@id\":\"https:\\\/\\\/auslaenderaemter.com\\\/verpflichtungserklaerung\\\/#primaryimage\"},\"thumbnailUrl\":\"https:\\\/\\\/auslaenderaemter.com\\\/wp-content\\\/uploads\\\/2021\\\/02\\\/Design-ohne-Titel-8.png\",\"datePublished\":\"2021-02-17T12:31:31+00:00\",\"dateModified\":\"2022-07-08T09:33:03+00:00\",\"description\":\"Mit der Verpflichtungserkl\u00e4rung k\u00f6nnen Sie Personen aus dem Ausland die Einreise und den Aufenthalt in Deutschland erm\u00f6glichen\",\"breadcrumb\":{\"@id\":\"https:\\\/\\\/auslaenderaemter.com\\\/verpflichtungserklaerung\\\/#breadcrumb\"},\"inLanguage\":\"zh-Hans\",\"potentialAction\":[{\"@type\":\"ReadAction\",\"target\":[\"https:\\\/\\\/auslaenderaemter.com\\\/verpflichtungserklaerung\\\/\"]}]},{\"@type\":\"ImageObject\",\"inLanguage\":\"zh-Hans\",\"@id\":\"https:\\\/\\\/auslaenderaemter.com\\\/verpflichtungserklaerung\\\/#primaryimage\",\"url\":\"https:\\\/\\\/auslaenderaemter.com\\\/wp-content\\\/uploads\\\/2021\\\/02\\\/Design-ohne-Titel-8.png\",\"contentUrl\":\"https:\\\/\\\/auslaenderaemter.com\\\/wp-content\\\/uploads\\\/2021\\\/02\\\/Design-ohne-Titel-8.png\"},{\"@type\":\"BreadcrumbList\",\"@id\":\"https:\\\/\\\/auslaenderaemter.com\\\/verpflichtungserklaerung\\\/#breadcrumb\",\"itemListElement\":[{\"@type\":\"ListItem\",\"position\":1,\"name\":\"Startseite\",\"item\":\"https:\\\/\\\/auslaenderaemter.com\\\/\"},{\"@type\":\"ListItem\",\"position\":2,\"name\":\"Verpflichtungserkl\u00e4rung\"}]},{\"@type\":\"WebSite\",\"@id\":\"https:\\\/\\\/auslaenderaemter.com\\\/#website\",\"url\":\"https:\\\/\\\/auslaenderaemter.com\\\/\",\"name\":\"auslaenderaemter.com\",\"description\":\"\",\"publisher\":{\"@id\":\"https:\\\/\\\/auslaenderaemter.com\\\/#organization\"},\"potentialAction\":[{\"@type\":\"SearchAction\",\"target\":{\"@type\":\"EntryPoint\",\"urlTemplate\":\"https:\\\/\\\/auslaenderaemter.com\\\/?s={search_term_string}\"},\"query-input\":{\"@type\":\"PropertyValueSpecification\",\"valueRequired\":true,\"valueName\":\"search_term_string\"}}],\"inLanguage\":\"zh-Hans\"},{\"@type\":\"Organization\",\"@id\":\"https:\\\/\\\/auslaenderaemter.com\\\/#organization\",\"name\":\"auslaenderaemter.com\",\"url\":\"https:\\\/\\\/auslaenderaemter.com\\\/\",\"logo\":{\"@type\":\"ImageObject\",\"inLanguage\":\"zh-Hans\",\"@id\":\"https:\\\/\\\/auslaenderaemter.com\\\/#\\\/schema\\\/logo\\\/image\\\/\",\"url\":\"https:\\\/\\\/auslaenderaemter.com\\\/wp-content\\\/uploads\\\/2021\\\/01\\\/cropped-Vollmond-info-13.png\",\"contentUrl\":\"https:\\\/\\\/auslaenderaemter.com\\\/wp-content\\\/uploads\\\/2021\\\/01\\\/cropped-Vollmond-info-13.png\",\"width\":500,\"height\":117,\"caption\":\"auslaenderaemter.com\"},\"image\":{\"@id\":\"https:\\\/\\\/auslaenderaemter.com\\\/#\\\/schema\\\/logo\\\/image\\\/\"}}]}<\/script>\n<!-- \/ Yoast SEO plugin. -->","yoast_head_json":{"title":"\u5fb7\u56fd\u5916\u56fd\u6e38\u5ba2\u627f\u8bfa\u58f0\u660e","description":"\u901a\u8fc7\u627f\u8bfa\u58f0\u660e\uff0c\u60a8\u53ef\u4ee5\u8ba9\u6765\u81ea\u56fd\u5916\u7684\u4eba\u8fdb\u5165\u5e76\u7559\u5728\u5fb7\u56fd","robots":{"index":"index","follow":"follow","max-snippet":"max-snippet:-1","max-image-preview":"max-image-preview:large","max-video-preview":"max-video-preview:-1"},"canonical":"https:\/\/auslaenderaemter.com\/zh\/\u627f\u8bfa\u5ba3\u8a00\/","og_locale":"zh_CN","og_type":"article","og_title":"Verpflichtungserkl\u00e4rung f\u00fcr ausl\u00e4ndische Besucher in Deutschland","og_description":"Mit der Verpflichtungserkl\u00e4rung k\u00f6nnen Sie Personen aus dem Ausland die Einreise und den Aufenthalt in Deutschland erm\u00f6glichen","og_url":"https:\/\/auslaenderaemter.com\/zh\/\u627f\u8bfa\u5ba3\u8a00\/","og_site_name":"auslaenderaemter.com","article_modified_time":"2022-07-08T09:33:03+00:00","og_image":[{"url":"https:\/\/auslaenderaemter.com\/wp-content\/uploads\/2021\/02\/Design-ohne-Titel-8.png","type":"","width":"","height":""}],"twitter_card":"summary_large_image","twitter_misc":{"\u9884\u8ba1\u9605\u8bfb\u65f6\u95f4":"3 \u5206"},"schema":{"@context":"https:\/\/schema.org","@graph":[{"@type":"WebPage","@id":"https:\/\/auslaenderaemter.com\/verpflichtungserklaerung\/","url":"https:\/\/auslaenderaemter.com\/verpflichtungserklaerung\/","name":"\u5fb7\u56fd\u5916\u56fd\u6e38\u5ba2\u627f\u8bfa\u58f0\u660e","isPartOf":{"@id":"https:\/\/auslaenderaemter.com\/#website"},"primaryImageOfPage":{"@id":"https:\/\/auslaenderaemter.com\/verpflichtungserklaerung\/#primaryimage"},"image":{"@id":"https:\/\/auslaenderaemter.com\/verpflichtungserklaerung\/#primaryimage"},"thumbnailUrl":"https:\/\/auslaenderaemter.com\/wp-content\/uploads\/2021\/02\/Design-ohne-Titel-8.png","datePublished":"2021-02-17T12:31:31+00:00","dateModified":"2022-07-08T09:33:03+00:00","description":"\u901a\u8fc7\u627f\u8bfa\u58f0\u660e\uff0c\u60a8\u53ef\u4ee5\u8ba9\u6765\u81ea\u56fd\u5916\u7684\u4eba\u8fdb\u5165\u5e76\u7559\u5728\u5fb7\u56fd","breadcrumb":{"@id":"https:\/\/auslaenderaemter.com\/verpflichtungserklaerung\/#breadcrumb"},"inLanguage":"zh-Hans","potentialAction":[{"@type":"ReadAction","target":["https:\/\/auslaenderaemter.com\/verpflichtungserklaerung\/"]}]},{"@type":"ImageObject","inLanguage":"zh-Hans","@id":"https:\/\/auslaenderaemter.com\/verpflichtungserklaerung\/#primaryimage","url":"https:\/\/auslaenderaemter.com\/wp-content\/uploads\/2021\/02\/Design-ohne-Titel-8.png","contentUrl":"https:\/\/auslaenderaemter.com\/wp-content\/uploads\/2021\/02\/Design-ohne-Titel-8.png"},{"@type":"BreadcrumbList","@id":"https:\/\/auslaenderaemter.com\/verpflichtungserklaerung\/#breadcrumb","itemListElement":[{"@type":"ListItem","position":1,"name":"Startseite","item":"https:\/\/auslaenderaemter.com\/"},{"@type":"ListItem","position":2,"name":"Verpflichtungserkl\u00e4rung"}]},{"@type":"WebSite","@id":"https:\/\/auslaenderaemter.com\/#website","url":"https:\/\/auslaenderaemter.com\/","name":"auslaenderaemter.com","description":"","publisher":{"@id":"https:\/\/auslaenderaemter.com\/#organization"},"potentialAction":[{"@type":"SearchAction","target":{"@type":"EntryPoint","urlTemplate":"https:\/\/auslaenderaemter.com\/?s={search_term_string}"},"query-input":{"@type":"PropertyValueSpecification","valueRequired":true,"valueName":"search_term_string"}}],"inLanguage":"zh-Hans"},{"@type":"Organization","@id":"https:\/\/auslaenderaemter.com\/#organization","name":"auslaenderaemter.com","url":"https:\/\/auslaenderaemter.com\/","logo":{"@type":"ImageObject","inLanguage":"zh-Hans","@id":"https:\/\/auslaenderaemter.com\/#\/schema\/logo\/image\/","url":"https:\/\/auslaenderaemter.com\/wp-content\/uploads\/2021\/01\/cropped-Vollmond-info-13.png","contentUrl":"https:\/\/auslaenderaemter.com\/wp-content\/uploads\/2021\/01\/cropped-Vollmond-info-13.png","width":500,"height":117,"caption":"auslaenderaemter.com"},"image":{"@id":"https:\/\/auslaenderaemter.com\/#\/schema\/logo\/image\/"}}]}},"_links":{"self":[{"href":"https:\/\/auslaenderaemter.com\/zh\/wp-json\/wp\/v2\/pages\/2016","targetHints":{"allow":["GET"]}}],"collection":[{"href":"https:\/\/auslaenderaemter.com\/zh\/wp-json\/wp\/v2\/pages"}],"about":[{"href":"https:\/\/auslaenderaemter.com\/zh\/wp-json\/wp\/v2\/types\/page"}],"author":[{"embeddable":true,"href":"https:\/\/auslaenderaemter.com\/zh\/wp-json\/wp\/v2\/users\/1"}],"replies":[{"embeddable":true,"href":"https:\/\/auslaenderaemter.com\/zh\/wp-json\/wp\/v2\/comments?post=2016"}],"version-history":[{"count":0,"href":"https:\/\/auslaenderaemter.com\/zh\/wp-json\/wp\/v2\/pages\/2016\/revisions"}],"wp:attachment":[{"href":"https:\/\/auslaenderaemter.com\/zh\/wp-json\/wp\/v2\/media?parent=2016"}],"curies":[{"name":"wp","href":"https:\/\/api.w.org\/{rel}","templated":true}]}}