{"id":3081,"date":"2021-02-24T00:10:55","date_gmt":"2021-02-23T23:10:55","guid":{"rendered":"https:\/\/auslaenderaemter.com\/?page_id=3081"},"modified":"2021-03-15T21:48:15","modified_gmt":"2021-03-15T20:48:15","slug":"versicherungen-fuer-auslaendische-gaeste","status":"publish","type":"page","link":"https:\/\/auslaenderaemter.com\/zh\/%e5%a4%96%e5%ae%be%e4%bf%9d%e9%99%a9\/","title":{"rendered":"\u5916\u5bbe\u4fdd\u9669"},"content":{"rendered":"<p><img fetchpriority=\"high\" decoding=\"async\" class=\"aligncenter wp-image-3087 size-full\" src=\"https:\/\/auslaenderaemter.com\/wp-content\/uploads\/2021\/02\/couple-1030744_640.jpg\" alt=\"\u5916\u5bbe\u4fdd\u9669\" width=\"640\" height=\"426\" srcset=\"https:\/\/auslaenderaemter.com\/wp-content\/uploads\/2021\/02\/couple-1030744_640.jpg 640w, https:\/\/auslaenderaemter.com\/wp-content\/uploads\/2021\/02\/couple-1030744_640-300x200.jpg 300w\" sizes=\"(max-width: 640px) 100vw, 640px\" \/><\/p>\n<p>\u5982\u679c <strong>\u5ea6\u5047\u8005<\/strong>, <strong>\u8bed\u8a00\u5b66\u751f<\/strong>, <strong>\u4e13\u4e1a\u4eba\u5458<\/strong> \u6216\u8005 <strong>\u5927\u5b66\u751f<\/strong> \u2013 \u5fb7\u56fd\u548c\u6b27\u6d32\u7684\u5916\u56fd\u5ba2\u4eba\u9700\u8981\u4e00\u4f4d <strong>\u65c5\u6e38\u533b\u7597\u4fdd\u9669<\/strong>, \u7b26\u5408\u6b27\u76df\u7684\u8981\u6c42 <strong>\u7b7e\u8bc1<\/strong> \u83b7\u5f97\u6279\u51c6\u3002<\/p>\n<p>\u5f53\u7136\uff0c\u4e0d\u4ec5\u56fd\u9645\u5065\u5eb7\u4fdd\u9669\u53ef\u4ee5\u9632\u6b62\u6602\u8d35\u7684\u8d39\u7528\uff0c\u800c\u4e14\u65c5\u884c\u610f\u5916\u4fdd\u9669\u4e5f\u53ef\u4ee5\u3002\u5982\u679c\u60a8\u8ba1\u5212\u5728\u5fb7\u56fd\u9017\u7559\u66f4\u957f\u65f6\u95f4\uff0c\u8d2d\u4e70\u7d27\u6025\u3001\u884c\u674e\u548c\u8d23\u4efb\u4fdd\u9669\u4e5f\u662f\u4e00\u4e2a\u660e\u663e\u7684\u4f18\u52bf\u3002\u6211\u4eec\u63a8\u8350\u4e00\u6b3e\u4e3a\u60a8\u5728\u5fb7\u56fd\u9017\u7559\u63d0\u4f9b\u53ef\u9760\u4fdd\u969c\u7684\u591a\u5408\u4e00\u4fdd\u9669\u3002<\/p>\n<h2>\u6211\u5728\u5ea6\u5047\u671f\u95f4\u662f\u5426\u4e0d\u53d7\u6cd5\u5b9a\u5065\u5eb7\u4fdd\u9669\u7684\u4fdd\u969c\uff1f<\/h2>\n<p>\u5047\u8bbe\u5f88\u63a5\u8fd1\uff0c\u4f46\u5b83\u6765\u4e86 <strong>\u6cd5\u5b9a\u5065\u5eb7\u4fdd\u9669<\/strong> \u5728\u56fd\u5916\u751f\u75c5 <strong>\u4e0d\u9650\u4e8e\u6216\u4ec5\u9650\u4e8e<\/strong>.\u56e0\u6b64\uff0c\u60a8\u5fc5\u987b\u5728\u9017\u7559\u5fb7\u56fd\u4e4b\u524d\u4e3a\u5916\u56fd\u5ba2\u4eba\u8d2d\u4e70\u4fdd\u9669\u3002<\/p>\n<h2>\u6e38\u5ba2\u65c5\u6e38\u5065\u5eb7\u4fdd\u9669<\/h2>\n<p>\u5916\u56fd\u5ba2\u4eba\u7684\u4fdd\u9669\u53ef\u4ee5\u4fdd\u62a4\u60a8\u514d\u53d7\u9ad8\u989d\u8d39\u7528\u7684\u5f71\u54cd\uff0c\u5e76\u786e\u4fdd\u60a8\u5728\u5fb7\u56fd\u7684\u9017\u7559\u3002\u5b83\u53d1\u751f\u7684\u901f\u5ea6\u901a\u5e38\u6bd4\u60a8\u60f3\u8c61\u7684\u8981\u5feb\uff1a\u5f92\u6b65\u65c5\u884c\u4e2d\u7684\u4e00\u4e2a\u9519\u8bef\u6b65\u9aa4\u3001\u75be\u75c5\u6216\u60a8\u81ea\u5df1\u7684\u884c\u674e\u4e22\u5931\/\u88ab\u76d7\uff0c\u7a81\u7136\u95f4\u60a8\u9762\u4e34\u7740\u5de8\u989d\u7684\u6210\u672c\u3002\u65ad\u817f\u7684\u6cbb\u7597\u548c\u9063\u8fd4\u5f88\u5feb\u5c31\u4f1a\u82b1\u8d39\u51e0\u5343\u6b27\u5143\u3002\u5982\u679c\u60a8\u4e3a\u5916\u5bbe\u8d2d\u4e70\u4e86\u4fdd\u9669\uff0c\u60a8\u53ef\u4ee5\u8282\u7701\u81ea\u5df1\u7684\u9ad8\u989d\u8d39\u7528\u3002\u4f46\u662f\uff0c\u5728\u4e3a\u5916\u56fd\u5ba2\u4eba\u8d2d\u4e70\u4fdd\u9669\u65f6\uff0c\u60a8\u9700\u8981\u8003\u8651\u51e0\u70b9\u3002<\/p>\n<h2>\u4e3a\u5916\u5bbe\u8d2d\u4e70\u4fdd\u9669\u65f6\u9700\u8981\u6ce8\u610f\u4ec0\u4e48\uff1f<\/h2>\n<p><strong>\u597d\u7684\u5916\u5bbe\u4fdd\u9669\u6709\u4ee5\u4e0b\u51e0\u70b9\u7279\u70b9\uff1a<\/strong><\/p>\n<ul>\n<li>\u5916\u5bbe\u4fdd\u9669\u7b26\u5408\u6b27\u76df\u8981\u6c42<\/li>\n<li>\u9488\u5bf9\u591a\u79cd\u98ce\u9669\u7684\u5168\u9762\u4fdd\u62a4<\/li>\n<li>\u5e7f\u6cdb\u7684\u670d\u52a1<\/li>\n<li>\u5916\u5bbe\u65e0\u81ea\u8d39\u4fdd\u9669<\/li>\n<li>\u6db5\u76d6\u533b\u5b66\u4e0a\u5408\u7406\u7684\u8fd4\u7a0b\u8fd0\u8f93<\/li>\n<\/ul>\n<h3>\u65c5\u884c\u5065\u5eb7\u4fdd\u9669\u548c\u56fd\u9645\u5065\u5eb7\u4fdd\u9669\u7684\u533a\u522b<\/h3>\n<p>\u65c5\u884c\u5065\u5eb7\u4fdd\u9669\u548c\u56fd\u9645\u5065\u5eb7\u4fdd\u9669\u7684\u4e3b\u8981\u533a\u522b <strong>\u53d6\u51b3\u4e8e\u65c5\u884c\u65f6\u95f4<\/strong>.\u65c5\u884c\u5065\u5eb7\u4fdd\u9669\u7279\u522b\u503c\u5f97\u5ea6\u5047 <strong>\u957f\u8fbe\u7ea6 8 \u5468<\/strong>.\u4f46\u662f\uff0c\u5982\u679c\u60a8\u8ba1\u5212\u957f\u671f\u65c5\u884c\uff0c\u5efa\u8bae\u60a8\u8d2d\u4e70\u56fd\u9645\u5065\u5eb7\u4fdd\u9669\u3002<\/p>\n<h3>\u6211\u4eec\u7684\u5efa\u8bae\uff1aHansemerkur \u4e3a\u5728\u5fb7\u56fd\u7684\u5916\u56fd\u5ba2\u4eba\u63d0\u4f9b\u7684\u4fdd\u9669<\/h3>\n<p>\u5916\u56fd\u5ba2\u4eba\u4fdd\u9669\u53ef\u4fdd\u62a4\u60a8\u5728\u5fb7\u56fd\u9017\u7559\u671f\u95f4\u514d\u4e8e\u9ad8\u989d\u8d39\u7528\u3002\u8d2d\u4e70\u4fdd\u9669\u662f\u6709\u610f\u4e49\u7684\uff0c\u7279\u522b\u662f\u5982\u679c\u60a8\u8ba1\u5212\u8fdb\u884c\u957f\u671f\u65c5\u884c\u3002\u65e0\u8bba\u662f\u4ea4\u6362\u5b66\u671f\u3001\u957f\u671f\u5b9e\u4e60\u8fd8\u662f\u957f\u671f\u63a2\u4eb2\u2014\u2014\u6211\u4eec\u90fd\u63a8\u8350\u4ed6\u4eec <a href=\"https:\/\/tidd.ly\/3u98xUL\">Hansemerkur \u4e3a\u5916\u56fd\u5ba2\u4eba\u63d0\u4f9b\u957f\u8fbe 5 \u5e74\u7684\u4fdd\u9669<\/a>*.<\/p>\n<p>\u5916\u56fd\u5ba2\u4eba\u7684\u4fdd\u9669\u662f\u60a8\u5728\u5fb7\u56fd\u9017\u7559\u671f\u95f4\u6700\u91cd\u8981\u7684\u884c\u674e\u4e4b\u4e00\u3002 Hansemerkur \u7684\u6e38\u5ba2\u4fdd\u9669\u4e3a\u60a8\u63d0\u4f9b\u4fdd\u62a4 <strong>\u957f\u8fbe 5 \u5e74<\/strong> \u5bf9\u6297\u9ad8\u6210\u672c\u3002\u6211\u4eec\u5efa\u8bae\u5c06\u56fd\u9645\u5065\u5eb7\u9669\u6269\u5927\u5230\u5305\u62ec\u65c5\u884c\u610f\u5916\u9669\u3001\u65c5\u884c\u8d23\u4efb\u9669\u3001\u65c5\u884c\u7d27\u6025\u4fdd\u9669\u548c\u65c5\u884c\u884c\u674e\u9669\uff0c\u8ba9\u60a8\u4eab\u53d7\u5230\u7279\u522b\u5168\u9762\u7684\u4fdd\u9669\u4fdd\u969c\u3002<\/p>\n<p>Hansemerkur \u4e3a\u5916\u56fd\u5ba2\u4eba\u63d0\u4f9b\u7684\u4fdd\u9669\u9002\u7528\u4e8e\u5728\u5fb7\u56fd\u957f\u671f\u9017\u7559\u957f\u8fbe 5 \u5e74\u3002 Hansemerkur \u7684\u7279\u70b9\u662f\u6210\u672c\u7edd\u5bf9\u900f\u660e\u3002\u77ed\u671f\u5408\u540c\u4e5f\u662f\u53ef\u80fd\u7684\u3002\u4f8b\u5982\uff0c\u5982\u679c\u60a8\u9009\u62e9\u201cTarif Profi\u201d\uff0c\u60a8\u5c06\u83b7\u5f97\u56fd\u9645\u5065\u5eb7\u4fdd\u9669\u3001\u65c5\u884c\u610f\u5916\u4fdd\u9669\u3001\u65c5\u884c\u8d23\u4efb\u4fdd\u9669\u3001\u65c5\u884c\u7d27\u6025\u4fdd\u9669\u548c\u65c5\u884c\u884c\u674e\u4fdd\u9669\u3002\u5f53\u7136\uff0c\u60a8\u4e5f\u53ef\u4ee5\u9009\u62e9\u201c\u57fa\u672c\u201d\u5173\u7a0e\uff0c\u5176\u4e2d\u5305\u62ec\u9664\u884c\u674e\u4fdd\u9669\u5916\u7684\u6240\u6709\u5916\u56fd\u5ba2\u4eba\u4fdd\u9669\u3002\u5916\u5bbe\u4fdd\u9669\u7b26\u5408\u6b27\u76df\u8981\u6c42\u3002<\/p>\n<p><!-- START ADVERTISER: HanseMerkur Versicherungsgruppe DE from awin.com --><\/p>\n<p><a href=\"https:\/\/www.awin1.com\/cread.php?s=2616553&amp;v=11705&amp;q=386611&amp;r=384383\"><br \/>\n<img decoding=\"async\" src=\"https:\/\/www.awin1.com\/cshow.php?s=2616553&amp;v=11705&amp;q=386611&amp;r=384383\" border=\"0\" \/><br \/>\n<\/a><\/p>\n<h3>\u66f4\u8fdc<span class=\"ez-toc-section\">\u00a0<\/span>\u94fe\u63a5\u548c\u6765\u6e90<\/h3>\n<ul>\n<li><a href=\"https:\/\/auslaenderaemter.com\/zh\/\u627f\u8bfa\u5ba3\u8a00\/\">\u5916\u56fd\u6e38\u5ba2\u627f\u8bfa\u4e66<\/a><\/li>\n<li><a href=\"https:\/\/auslaenderaemter.com\/zh\/\">\u5fb7\u56fd\u79fb\u6c11\u5c40<\/a><\/li>\n<\/ul>","protected":false},"excerpt":{"rendered":"<p>\u65e0\u8bba\u662f\u5ea6\u5047\u8005\u3001\u8bed\u8a00\u5b66\u751f\u3001\u4e13\u5bb6\u8fd8\u662f\u5b66\u751f - \u5fb7\u56fd\u548c\u6b27\u6d32\u7684\u5916\u56fd\u5ba2\u4eba\u90fd\u9700\u8981\u7b26\u5408\u6b27\u76df\u8981\u6c42\u7684\u65c5\u884c\u5065\u5eb7\u4fdd\u9669\u624d\u80fd\u83b7\u5f97\u7b7e\u8bc1\u3002\u5f53\u7136\uff0c\u4e0d\u4ec5\u56fd\u9645\u5065\u5eb7\u4fdd\u9669\u53ef\u4ee5\u4fdd\u969c\u60a8\u514d\u53d7\u6602\u8d35\u8d39\u7528\u7684\u5f71\u54cd\uff0c\u65c5\u884c\u610f\u5916\u4fdd\u9669\u4e5f\u53ef\u4ee5\u4fdd\u969c\u60a8\u7684\u5065\u5eb7\u3002\u8d2d\u4e70\u7d27\u6025\u9669\u3001\u884c\u674e\u9669\u548c\u8d23\u4efb\u9669\u4e5f\u662f\u4e00\u4e2a\u660e\u663e\u7684\u4f18\u52bf\uff0c\u5982\u679c\u2026\u2026&nbsp;<a href=\"https:\/\/auslaenderaemter.com\/zh\/%e5%a4%96%e5%ae%be%e4%bf%9d%e9%99%a9\/\" rel=\"bookmark\">\u9605\u8bfb\u66f4\u591a \u201d<span class=\"screen-reader-text\">\u5916\u5bbe\u4fdd\u9669<\/span><\/a><\/p>","protected":false},"author":1,"featured_media":3087,"parent":0,"menu_order":0,"comment_status":"closed","ping_status":"closed","template":"","meta":{"neve_meta_sidebar":"full-width","neve_meta_container":"","neve_meta_enable_content_width":"on","neve_meta_content_width":100,"neve_meta_title_alignment":"","neve_meta_author_avatar":"","neve_post_elements_order":"","neve_meta_disable_header":"","neve_meta_disable_footer":"","neve_meta_disable_title":"","neve_meta_reading_time":"","footnotes":""},"class_list":["post-3081","page","type-page","status-publish","has-post-thumbnail","hentry"],"yoast_head":"<!-- This site is optimized with the Yoast SEO plugin v27.3 - https:\/\/yoast.com\/product\/yoast-seo-wordpress\/ -->\n<title>Versicherung f\u00fcr ausl\u00e4ndische G\u00e4ste in Deutschland<\/title>\n<meta name=\"description\" content=\"Versicherungen f\u00fcr ausl\u00e4ndische G\u00e4ste bewahren Sie vor hohen Kosten und sichern Ihren Aufenthalt in Deutschland ab.\" \/>\n<meta name=\"robots\" content=\"index, follow, max-snippet:-1, max-image-preview:large, max-video-preview:-1\" \/>\n<link rel=\"canonical\" href=\"https:\/\/auslaenderaemter.com\/zh\/\u5916\u5bbe\u4fdd\u9669\/\" \/>\n<meta property=\"og:locale\" content=\"zh_CN\" \/>\n<meta property=\"og:type\" content=\"article\" \/>\n<meta property=\"og:title\" content=\"Versicherung f\u00fcr ausl\u00e4ndische G\u00e4ste in Deutschland\" \/>\n<meta property=\"og:description\" content=\"Versicherungen f\u00fcr ausl\u00e4ndische G\u00e4ste bewahren Sie vor hohen Kosten und sichern Ihren Aufenthalt in Deutschland ab.\" \/>\n<meta property=\"og:url\" content=\"https:\/\/auslaenderaemter.com\/zh\/\u5916\u5bbe\u4fdd\u9669\/\" \/>\n<meta property=\"og:site_name\" content=\"auslaenderaemter.com\" \/>\n<meta property=\"article:modified_time\" content=\"2021-03-15T20:48:15+00:00\" \/>\n<meta property=\"og:image\" content=\"https:\/\/auslaenderaemter.com\/wp-content\/uploads\/2021\/02\/couple-1030744_640.jpg\" \/>\n\t<meta property=\"og:image:width\" content=\"640\" \/>\n\t<meta property=\"og:image:height\" content=\"426\" \/>\n\t<meta property=\"og:image:type\" content=\"image\/jpeg\" \/>\n<meta name=\"twitter:card\" content=\"summary_large_image\" \/>\n<meta name=\"twitter:label1\" content=\"\u9884\u8ba1\u9605\u8bfb\u65f6\u95f4\" \/>\n\t<meta name=\"twitter:data1\" content=\"3 \u5206\" \/>\n<script type=\"application\/ld+json\" class=\"yoast-schema-graph\">{\"@context\":\"https:\\\/\\\/schema.org\",\"@graph\":[{\"@type\":\"WebPage\",\"@id\":\"https:\\\/\\\/auslaenderaemter.com\\\/versicherungen-fuer-auslaendische-gaeste\\\/\",\"url\":\"https:\\\/\\\/auslaenderaemter.com\\\/versicherungen-fuer-auslaendische-gaeste\\\/\",\"name\":\"Versicherung f\u00fcr ausl\u00e4ndische G\u00e4ste in Deutschland\",\"isPartOf\":{\"@id\":\"https:\\\/\\\/auslaenderaemter.com\\\/#website\"},\"primaryImageOfPage\":{\"@id\":\"https:\\\/\\\/auslaenderaemter.com\\\/versicherungen-fuer-auslaendische-gaeste\\\/#primaryimage\"},\"image\":{\"@id\":\"https:\\\/\\\/auslaenderaemter.com\\\/versicherungen-fuer-auslaendische-gaeste\\\/#primaryimage\"},\"thumbnailUrl\":\"https:\\\/\\\/auslaenderaemter.com\\\/wp-content\\\/uploads\\\/2021\\\/02\\\/couple-1030744_640.jpg\",\"datePublished\":\"2021-02-23T23:10:55+00:00\",\"dateModified\":\"2021-03-15T20:48:15+00:00\",\"description\":\"Versicherungen f\u00fcr ausl\u00e4ndische G\u00e4ste bewahren Sie vor hohen Kosten und sichern Ihren Aufenthalt in Deutschland ab.\",\"breadcrumb\":{\"@id\":\"https:\\\/\\\/auslaenderaemter.com\\\/versicherungen-fuer-auslaendische-gaeste\\\/#breadcrumb\"},\"inLanguage\":\"zh-Hans\",\"potentialAction\":[{\"@type\":\"ReadAction\",\"target\":[\"https:\\\/\\\/auslaenderaemter.com\\\/versicherungen-fuer-auslaendische-gaeste\\\/\"]}]},{\"@type\":\"ImageObject\",\"inLanguage\":\"zh-Hans\",\"@id\":\"https:\\\/\\\/auslaenderaemter.com\\\/versicherungen-fuer-auslaendische-gaeste\\\/#primaryimage\",\"url\":\"https:\\\/\\\/auslaenderaemter.com\\\/wp-content\\\/uploads\\\/2021\\\/02\\\/couple-1030744_640.jpg\",\"contentUrl\":\"https:\\\/\\\/auslaenderaemter.com\\\/wp-content\\\/uploads\\\/2021\\\/02\\\/couple-1030744_640.jpg\",\"width\":640,\"height\":426,\"caption\":\"Versicherung f\u00fcr ausl\u00e4ndische G\u00e4ste\"},{\"@type\":\"BreadcrumbList\",\"@id\":\"https:\\\/\\\/auslaenderaemter.com\\\/versicherungen-fuer-auslaendische-gaeste\\\/#breadcrumb\",\"itemListElement\":[{\"@type\":\"ListItem\",\"position\":1,\"name\":\"Startseite\",\"item\":\"https:\\\/\\\/auslaenderaemter.com\\\/\"},{\"@type\":\"ListItem\",\"position\":2,\"name\":\"Versicherungen f\u00fcr ausl\u00e4ndische G\u00e4ste\"}]},{\"@type\":\"WebSite\",\"@id\":\"https:\\\/\\\/auslaenderaemter.com\\\/#website\",\"url\":\"https:\\\/\\\/auslaenderaemter.com\\\/\",\"name\":\"auslaenderaemter.com\",\"description\":\"\",\"publisher\":{\"@id\":\"https:\\\/\\\/auslaenderaemter.com\\\/#organization\"},\"potentialAction\":[{\"@type\":\"SearchAction\",\"target\":{\"@type\":\"EntryPoint\",\"urlTemplate\":\"https:\\\/\\\/auslaenderaemter.com\\\/?s={search_term_string}\"},\"query-input\":{\"@type\":\"PropertyValueSpecification\",\"valueRequired\":true,\"valueName\":\"search_term_string\"}}],\"inLanguage\":\"zh-Hans\"},{\"@type\":\"Organization\",\"@id\":\"https:\\\/\\\/auslaenderaemter.com\\\/#organization\",\"name\":\"auslaenderaemter.com\",\"url\":\"https:\\\/\\\/auslaenderaemter.com\\\/\",\"logo\":{\"@type\":\"ImageObject\",\"inLanguage\":\"zh-Hans\",\"@id\":\"https:\\\/\\\/auslaenderaemter.com\\\/#\\\/schema\\\/logo\\\/image\\\/\",\"url\":\"https:\\\/\\\/auslaenderaemter.com\\\/wp-content\\\/uploads\\\/2021\\\/01\\\/cropped-Vollmond-info-13.png\",\"contentUrl\":\"https:\\\/\\\/auslaenderaemter.com\\\/wp-content\\\/uploads\\\/2021\\\/01\\\/cropped-Vollmond-info-13.png\",\"width\":500,\"height\":117,\"caption\":\"auslaenderaemter.com\"},\"image\":{\"@id\":\"https:\\\/\\\/auslaenderaemter.com\\\/#\\\/schema\\\/logo\\\/image\\\/\"}}]}<\/script>\n<!-- \/ Yoast SEO plugin. -->","yoast_head_json":{"title":"\u5728\u5fb7\u56fd\u7684\u5916\u56fd\u5ba2\u4eba\u7684\u4fdd\u9669","description":"\u5916\u56fd\u5ba2\u4eba\u7684\u4fdd\u9669\u53ef\u4ee5\u4fdd\u62a4\u60a8\u514d\u53d7\u9ad8\u989d\u8d39\u7528\u7684\u5f71\u54cd\uff0c\u5e76\u786e\u4fdd\u60a8\u5728\u5fb7\u56fd\u7684\u9017\u7559\u3002","robots":{"index":"index","follow":"follow","max-snippet":"max-snippet:-1","max-image-preview":"max-image-preview:large","max-video-preview":"max-video-preview:-1"},"canonical":"https:\/\/auslaenderaemter.com\/zh\/\u5916\u5bbe\u4fdd\u9669\/","og_locale":"zh_CN","og_type":"article","og_title":"Versicherung f\u00fcr ausl\u00e4ndische G\u00e4ste in Deutschland","og_description":"Versicherungen f\u00fcr ausl\u00e4ndische G\u00e4ste bewahren Sie vor hohen Kosten und sichern Ihren Aufenthalt in Deutschland ab.","og_url":"https:\/\/auslaenderaemter.com\/zh\/\u5916\u5bbe\u4fdd\u9669\/","og_site_name":"auslaenderaemter.com","article_modified_time":"2021-03-15T20:48:15+00:00","og_image":[{"width":640,"height":426,"url":"https:\/\/auslaenderaemter.com\/wp-content\/uploads\/2021\/02\/couple-1030744_640.jpg","type":"image\/jpeg"}],"twitter_card":"summary_large_image","twitter_misc":{"\u9884\u8ba1\u9605\u8bfb\u65f6\u95f4":"3 \u5206"},"schema":{"@context":"https:\/\/schema.org","@graph":[{"@type":"WebPage","@id":"https:\/\/auslaenderaemter.com\/versicherungen-fuer-auslaendische-gaeste\/","url":"https:\/\/auslaenderaemter.com\/versicherungen-fuer-auslaendische-gaeste\/","name":"\u5728\u5fb7\u56fd\u7684\u5916\u56fd\u5ba2\u4eba\u7684\u4fdd\u9669","isPartOf":{"@id":"https:\/\/auslaenderaemter.com\/#website"},"primaryImageOfPage":{"@id":"https:\/\/auslaenderaemter.com\/versicherungen-fuer-auslaendische-gaeste\/#primaryimage"},"image":{"@id":"https:\/\/auslaenderaemter.com\/versicherungen-fuer-auslaendische-gaeste\/#primaryimage"},"thumbnailUrl":"https:\/\/auslaenderaemter.com\/wp-content\/uploads\/2021\/02\/couple-1030744_640.jpg","datePublished":"2021-02-23T23:10:55+00:00","dateModified":"2021-03-15T20:48:15+00:00","description":"\u5916\u56fd\u5ba2\u4eba\u7684\u4fdd\u9669\u53ef\u4ee5\u4fdd\u62a4\u60a8\u514d\u53d7\u9ad8\u989d\u8d39\u7528\u7684\u5f71\u54cd\uff0c\u5e76\u786e\u4fdd\u60a8\u5728\u5fb7\u56fd\u7684\u9017\u7559\u3002","breadcrumb":{"@id":"https:\/\/auslaenderaemter.com\/versicherungen-fuer-auslaendische-gaeste\/#breadcrumb"},"inLanguage":"zh-Hans","potentialAction":[{"@type":"ReadAction","target":["https:\/\/auslaenderaemter.com\/versicherungen-fuer-auslaendische-gaeste\/"]}]},{"@type":"ImageObject","inLanguage":"zh-Hans","@id":"https:\/\/auslaenderaemter.com\/versicherungen-fuer-auslaendische-gaeste\/#primaryimage","url":"https:\/\/auslaenderaemter.com\/wp-content\/uploads\/2021\/02\/couple-1030744_640.jpg","contentUrl":"https:\/\/auslaenderaemter.com\/wp-content\/uploads\/2021\/02\/couple-1030744_640.jpg","width":640,"height":426,"caption":"Versicherung f\u00fcr ausl\u00e4ndische G\u00e4ste"},{"@type":"BreadcrumbList","@id":"https:\/\/auslaenderaemter.com\/versicherungen-fuer-auslaendische-gaeste\/#breadcrumb","itemListElement":[{"@type":"ListItem","position":1,"name":"Startseite","item":"https:\/\/auslaenderaemter.com\/"},{"@type":"ListItem","position":2,"name":"Versicherungen f\u00fcr ausl\u00e4ndische G\u00e4ste"}]},{"@type":"WebSite","@id":"https:\/\/auslaenderaemter.com\/#website","url":"https:\/\/auslaenderaemter.com\/","name":"auslaenderaemter.com","description":"","publisher":{"@id":"https:\/\/auslaenderaemter.com\/#organization"},"potentialAction":[{"@type":"SearchAction","target":{"@type":"EntryPoint","urlTemplate":"https:\/\/auslaenderaemter.com\/?s={search_term_string}"},"query-input":{"@type":"PropertyValueSpecification","valueRequired":true,"valueName":"search_term_string"}}],"inLanguage":"zh-Hans"},{"@type":"Organization","@id":"https:\/\/auslaenderaemter.com\/#organization","name":"auslaenderaemter.com","url":"https:\/\/auslaenderaemter.com\/","logo":{"@type":"ImageObject","inLanguage":"zh-Hans","@id":"https:\/\/auslaenderaemter.com\/#\/schema\/logo\/image\/","url":"https:\/\/auslaenderaemter.com\/wp-content\/uploads\/2021\/01\/cropped-Vollmond-info-13.png","contentUrl":"https:\/\/auslaenderaemter.com\/wp-content\/uploads\/2021\/01\/cropped-Vollmond-info-13.png","width":500,"height":117,"caption":"auslaenderaemter.com"},"image":{"@id":"https:\/\/auslaenderaemter.com\/#\/schema\/logo\/image\/"}}]}},"_links":{"self":[{"href":"https:\/\/auslaenderaemter.com\/zh\/wp-json\/wp\/v2\/pages\/3081","targetHints":{"allow":["GET"]}}],"collection":[{"href":"https:\/\/auslaenderaemter.com\/zh\/wp-json\/wp\/v2\/pages"}],"about":[{"href":"https:\/\/auslaenderaemter.com\/zh\/wp-json\/wp\/v2\/types\/page"}],"author":[{"embeddable":true,"href":"https:\/\/auslaenderaemter.com\/zh\/wp-json\/wp\/v2\/users\/1"}],"replies":[{"embeddable":true,"href":"https:\/\/auslaenderaemter.com\/zh\/wp-json\/wp\/v2\/comments?post=3081"}],"version-history":[{"count":0,"href":"https:\/\/auslaenderaemter.com\/zh\/wp-json\/wp\/v2\/pages\/3081\/revisions"}],"wp:featuredmedia":[{"embeddable":true,"href":"https:\/\/auslaenderaemter.com\/zh\/wp-json\/wp\/v2\/media\/3087"}],"wp:attachment":[{"href":"https:\/\/auslaenderaemter.com\/zh\/wp-json\/wp\/v2\/media?parent=3081"}],"curies":[{"name":"wp","href":"https:\/\/api.w.org\/{rel}","templated":true}]}}