{"id":3111,"date":"2021-03-15T20:27:21","date_gmt":"2021-03-15T19:27:21","guid":{"rendered":"https:\/\/auslaenderaemter.com\/?page_id=3111"},"modified":"2021-03-15T21:29:27","modified_gmt":"2021-03-15T20:29:27","slug":"fiktionsbescheinigung","status":"publish","type":"page","link":"https:\/\/auslaenderaemter.com\/zh\/%e5%b0%8f%e8%af%b4%e8%af%81%e4%b9%a6\/","title":{"rendered":"\u5c0f\u8bf4\u8bc1\u4e66"},"content":{"rendered":"<figure id=\"attachment_3120\" aria-describedby=\"caption-attachment-3120\" style=\"width: 600px\" class=\"wp-caption aligncenter\"><img fetchpriority=\"high\" decoding=\"async\" class=\"wp-image-3120 size-full\" src=\"https:\/\/auslaenderaemter.com\/wp-content\/uploads\/2021\/03\/IMG_5064-min-e1615834936619.png\" alt=\"\u5c0f\u8bf4\u8bc1\u4e66\" width=\"600\" height=\"338\" \/><figcaption id=\"caption-attachment-3120\" class=\"wp-caption-text\">\u865a\u6784\u8bc1\u660e\u9002\u7528\u4e8e\u5728\u5fb7\u56fd\u5408\u6cd5\u5c45\u4f4f\u5e76\u7b49\u5f85\u83b7\u5f97\u5c45\u7559\u8bb8\u53ef\u7684\u5916\u56fd\u4eba<\/figcaption><\/figure>\n<p>\u6bcf\u5f53\u5173\u4e8e\u8bf7\u6c42 <a href=\"https:\/\/auslaenderaemter.com\/zh\/\u5c45\u7559\u8bb8\u53ef\u8bc1\/\">\u5c45\u7559\u8bb8\u53ef\u8bc1<\/a> <strong>\u8fd8\u6ca1\u6709 <\/strong>\u5982\u679c\u7531\u4e8e\u5c1a\u672a\u6ee1\u8db3\u8be5\u51b3\u5b9a\u7684\u67d0\u4e9b\u5148\u51b3\u6761\u4ef6\u800c\u505a\u51fa\u51b3\u5b9a\uff0c\u5219\u53ef\u4ee5\u5728\u67d0\u4e9b\u60c5\u51b5\u4e0b\u7b7e\u53d1\u6240\u8c13\u7684\u865a\u6784\u8bc1\u4e66\u3002\u8be5\u8bc1\u4e66\u901a\u5e38\u5728\u79fb\u6c11\u5f53\u5c40\u5ba1\u67e5\u7533\u8bf7\u671f\u95f4\u7b7e\u53d1\u3002<\/p>\n<h2>\u4ec0\u4e48\u662f\u865a\u6784\u8bc1\u4e66\uff1f<\/h2>\n<p>\u865a\u6784\u7684\u8bc1\u4e66\u4f5c\u4e3a\u8bc1\u660e <strong>\u4e34\u65f6\u5c45\u4f4f\u6743<\/strong> \u5bf9\u4e8e\u5c45\u4f4f\u5728\u5fb7\u56fd\u7684\u5916\u56fd\u4eba\u3002\u8be5\u8bc1\u4e66\u901a\u5e38\u5728\u8d1f\u8d23\u7684\u79fb\u6c11\u5f53\u5c40\u5ba1\u67e5\u5c45\u7559\u8bb8\u53ef\u7533\u8bf7\u671f\u95f4\u7b7e\u53d1\u3002\u5728\u8fd9\u79cd\u60c5\u51b5\u4e0b\uff0c\u201c\u865a\u6784\u201d\u4e00\u8bcd\u63cf\u8ff0\u4e86\u4e0e\u5148\u524d\u5c45\u4f4f\u6743\u7684\u7ee7\u7eed\u5b58\u5728\u6709\u5173\u7684\u6cd5\u5f8b\u865a\u6784\u3002<\/p>\n<h2>\u6761\u4ef6<\/h2>\n<p>\u4e3a\u4e86\u4f7f\u865a\u6784\u7684\u8bc1\u4e66\u5408\u6cd5\uff0c\u5b83\u5fc5\u987b\u662f\u5728\u5c45\u7559\u8bb8\u53ef\u7684\u6388\u4e88\u6216\u5ef6\u671f\u4ecd\u7136\u5408\u6cd5\u7684\u65f6\u5019\u7b7e\u53d1\u7684\u3002\u6362\u53e5\u8bdd\u8bf4\uff0c\u5728\u63d0\u4ea4\u7533\u8bf7\u65f6\u5fc5\u987b\u4ecd\u7136\u6709\u6709\u6548\u7684\u5c45\u7559\u8bb8\u53ef\uff0c\u6216\u8005\u7533\u8bf7\u4eba\u5fc5\u987b\u662f\u5728\u5fb7\u56fd\u5408\u6cd5\u5c45\u4f4f\u800c\u65e0\u9700\u56e0\u56fd\u7c4d\u800c\u83b7\u5f97\u7b7e\u8bc1\u3002\u4e0d\u8981\u5fd8\u8bb0\uff0c\u865a\u6784\u7684\u8bc1\u660e\u5e76\u4e0d\u662f\u72ed\u4e49\u7684\u5c45\u7559\u8bb8\u53ef\uff0c\u800c\u53ea\u662f\u4ee3\u8868\u4e34\u65f6\u5c45\u7559\u6743\u5b58\u5728\u7684\u8bc1\u660e\u3002<\/p>\n<h2>\u6240\u9700\u6587\u4ef6<\/h2>\n<p>\u4e3a\u4e86\u5411\u60a8\u9881\u53d1\u865a\u6784\u8bc1\u4e66\uff0c\u60a8\u5fc5\u987b\u51fa\u793a\u6709\u6548\u62a4\u7167\u6216\u62a4\u7167\u66ff\u4ee3\u54c1\u3002\u5982\u679c\u60a8\u6301\u6709\u4ee5\u524d\u7684\u5c45\u7559\u8bb8\u53ef\uff0c\u4f8b\u5982\u7535\u5b50\u5c45\u7559\u8bb8\u53ef\uff0c\u60a8\u4e5f\u5e94\u8be5\u968f\u8eab\u643a\u5e26\u3002\u6b64\u5916\uff0c\u5e94\u63d0\u4f9b\u6ce8\u518c\u786e\u8ba4\u8bc1\u4e66\u6216\u79df\u8d41\u8bc1\u4e66\u3002<\/p>\n<h3>\u8d39\u7528<\/h3>\n<p>\u6839\u636e\u7b2c 47 \u6761\u7b2c 1 \u6b3e\u7b2c 8 \u6761 <a href=\"https:\/\/www.gesetze-im-internet.de\/aufenthv\/__47.html\" target=\"_blank\" rel=\"noopener\">\u5c45\u4f4f\u6761\u4f8b<\/a> 2017\u5e749\u67081\u65e5\u8d77\u6536\u8d39 <strong>13 \u6b27\u5143<\/strong> \u4e3a\u4e86<strong> \u6210\u4eba<\/strong> \u548c <strong>10 \u6b27\u5143 <\/strong>\u4e3a\u4e86<strong> \u672a\u6210\u5e74\u4eba<\/strong> \u56e0\u7b7e\u53d1\u865a\u6784\u8bc1\u4e66\u800c\u88ab\u6536\u53d6\u8d39\u7528\u3002\u4f46\u662f\uff0c\u5404\u79cd\u4eba\u7fa4\u514d\u4ea4\u6b64\u8d39\u7528\u3002\u5176\u4e2d\u5305\u62ec\u516c\u8ba4\u7684\u5bfb\u6c42\u5e87\u62a4\u8005\u548c\u96be\u6c11\u3001\u571f\u8033\u5176\u56fd\u6c11\u3001\u83b7\u5f97\u516c\u5171\u8d44\u52a9\u7684\u5956\u5b66\u91d1\u7684\u5b66\u751f\u53ca\u5176\u5bb6\u4eba\u3001\u745e\u58eb\u516c\u6c11\u548c\u5176\u4ed6\u4eba\u7fa4\u3002<\/p>\n<h3>\u5904\u7406\u65f6\u95f4<\/h3>\n<p>\u865a\u6784\u8bc1\u4e66\u7684\u5904\u7406\u65f6\u95f4\u975e\u5e38\u77ed\u3002\u5982\u679c\u60a8\u643a\u5e26\u5fc5\u8981\u7684\u6587\u4ef6\u5e76\u7b26\u5408\u5c55\u89c8\u7684\u8981\u6c42\uff0c\u60a8\u5c06\u5728\u8bbf\u95ee\u4e3b\u7ba1\u90e8\u95e8\u65f6\u76f4\u63a5\u6536\u5230\u6b64\u6587\u4ef6\u3002\u4f46\u662f\u4ec0\u4e48\u662f\u5408\u9002\u7684\u5c45\u7559\u8bb8\u53ef\u5f62\u5f0f\uff0c\u6709\u54ea\u4e9b\u5c45\u7559\u8bb8\u53ef\uff1f<\/p>\n<h3>\u4f60\u53ef\u4ee5\u5e26\u7740\u865a\u6784\u7684\u8bc1\u4e66\u65c5\u884c\u5417\uff1f<\/h3>\n<p>\u539f\u5219\u4e0a\uff0c\u53ef\u4ee5\u51ed\u865a\u6784\u7684\u8bc1\u4ef6\u65c5\u884c\uff0c\u56e0\u4e3a\u60a8\u53ef\u4ee5\u968f\u65f6\u51ed\u6b64\u7c7b\u8bc1\u4ef6\u91cd\u65b0\u8fdb\u5165\u5fb7\u56fd\u3002\u4f46\u662f\uff0c\u60a8\u5e94\u8be5\u8054\u7cfb <a href=\"https:\/\/botschaft-konsulat.de\/\" target=\"_blank\" rel=\"noopener\">\u76f8\u5e94\u65c5\u884c\u56fd\u5bb6\u7684\u5927\u4f7f\u9986<\/a> \u5173\u4e8e\u90a3\u4e2a <strong>\u67e5\u8be2<\/strong>\u662f\u5426\u5141\u8bb8\u51ed\u865a\u6784\u8bc1\u4ef6\u8fdb\u51fa\u3002\u5982\u679c\u60a8\u6709\u865a\u6784\u7684\u5bb9\u5fcd\u6216\u8bb8\u53ef\uff0c\u60a8\u4e0d\u80fd\u5e26\u7740\u5b83\u51fa\u56fd\u65c5\u884c\u3002<\/p>\n<ul>\n<li><strong>\u60a8\u671f\u5f85\u6765\u81ea\u56fd\u5916\u7684\u8bbf\u5ba2\u5417\uff1f<\/strong>\u00a0\u5e26\u4e00\u4e2a\u00a0<a href=\"https:\/\/auslaenderaemter.com\/zh\/\u5916\u5bbe\u4fdd\u9669\/\">\u5916\u5bbe\u4fdd\u9669<\/a>* \u60a8\u5728\u5fb7\u56fd\u548c\u6b27\u6d32\u53d7\u5230\u5168\u9762\u4fdd\u62a4\u3002<\/li>\n<\/ul>\n<h3>\u66f4\u591a\u94fe\u63a5\u548c\u6765\u6e90<\/h3>\n<ul>\n<li><a href=\"https:\/\/auslaenderaemter.com\/zh\/\">\u5fb7\u56fd\u79fb\u6c11\u5c40<\/a><\/li>\n<\/ul>","protected":false},"excerpt":{"rendered":"<p>\u5f53\u7531\u4e8e\u5c1a\u672a\u6ee1\u8db3\u8be5\u51b3\u5b9a\u7684\u67d0\u4e9b\u8981\u6c42\u800c\u5c1a\u672a\u5c31\u6240\u7533\u8bf7\u7684\u5c45\u7559\u8bb8\u53ef\u505a\u51fa\u51b3\u5b9a\u65f6\uff0c\u53ef\u80fd\u4f1a\u7b7e\u53d1\u6240\u8c13\u7684\u865a\u5047\u8bc1\u4e66\u3002\u8be5\u8bc1\u4e66\u901a\u5e38\u662f\u5728\u79fb\u6c11\u5c40\u5ba1\u67e5\u6240\u63d0\u4ea4\u7684\u7533\u8bf7\u671f\u95f4\u7b7e\u53d1\u7684\u3002\u4ec0\u4e48\u662f\u865a\u5047\u8bc1\u4e66\uff1f\u5c0f\u8bf4\u8bc1\u4e66\u2026\u2026&nbsp;<a href=\"https:\/\/auslaenderaemter.com\/zh\/%e5%b0%8f%e8%af%b4%e8%af%81%e4%b9%a6\/\" rel=\"bookmark\">\u9605\u8bfb\u66f4\u591a \u201d<span class=\"screen-reader-text\">\u5c0f\u8bf4\u8bc1\u4e66<\/span><\/a><\/p>","protected":false},"author":1,"featured_media":3120,"parent":0,"menu_order":0,"comment_status":"closed","ping_status":"closed","template":"","meta":{"neve_meta_sidebar":"full-width","neve_meta_container":"","neve_meta_enable_content_width":"on","neve_meta_content_width":100,"neve_meta_title_alignment":"","neve_meta_author_avatar":"","neve_post_elements_order":"","neve_meta_disable_header":"","neve_meta_disable_footer":"","neve_meta_disable_title":"","neve_meta_reading_time":"","footnotes":""},"class_list":["post-3111","page","type-page","status-publish","has-post-thumbnail","hentry"],"yoast_head":"<!-- This site is optimized with the Yoast SEO plugin v27.4 - https:\/\/yoast.com\/product\/yoast-seo-wordpress\/ -->\n<title>Die Fiktionsbescheinigung - auslaenderaemter.com<\/title>\n<meta name=\"description\" content=\"Eine Fiktionsbescheinigung fungiert als Nachweis eines vorl\u00e4ufigen Aufenthaltsrechts f\u00fcr in Deutschland lebende Ausl\u00e4nder.\" \/>\n<meta name=\"robots\" content=\"index, follow, max-snippet:-1, max-image-preview:large, max-video-preview:-1\" \/>\n<link rel=\"canonical\" href=\"https:\/\/auslaenderaemter.com\/zh\/\u5c0f\u8bf4\u8bc1\u4e66\/\" \/>\n<meta property=\"og:locale\" content=\"zh_CN\" \/>\n<meta property=\"og:type\" content=\"article\" \/>\n<meta property=\"og:title\" content=\"Die Fiktionsbescheinigung - auslaenderaemter.com\" \/>\n<meta property=\"og:description\" content=\"Eine Fiktionsbescheinigung fungiert als Nachweis eines vorl\u00e4ufigen Aufenthaltsrechts f\u00fcr in Deutschland lebende Ausl\u00e4nder.\" \/>\n<meta property=\"og:url\" content=\"https:\/\/auslaenderaemter.com\/zh\/\u5c0f\u8bf4\u8bc1\u4e66\/\" \/>\n<meta property=\"og:site_name\" content=\"auslaenderaemter.com\" \/>\n<meta property=\"article:modified_time\" content=\"2021-03-15T20:29:27+00:00\" \/>\n<meta property=\"og:image\" content=\"https:\/\/auslaenderaemter.com\/wp-content\/uploads\/2021\/03\/IMG_5064-min-e1615834936619.png\" \/>\n\t<meta property=\"og:image:width\" content=\"600\" \/>\n\t<meta property=\"og:image:height\" content=\"338\" \/>\n\t<meta property=\"og:image:type\" content=\"image\/png\" \/>\n<meta name=\"twitter:card\" content=\"summary_large_image\" \/>\n<meta name=\"twitter:label1\" content=\"\u9884\u8ba1\u9605\u8bfb\u65f6\u95f4\" \/>\n\t<meta name=\"twitter:data1\" content=\"3 \u5206\" \/>\n<script type=\"application\/ld+json\" class=\"yoast-schema-graph\">{\"@context\":\"https:\\\/\\\/schema.org\",\"@graph\":[{\"@type\":\"WebPage\",\"@id\":\"https:\\\/\\\/auslaenderaemter.com\\\/fiktionsbescheinigung\\\/\",\"url\":\"https:\\\/\\\/auslaenderaemter.com\\\/fiktionsbescheinigung\\\/\",\"name\":\"Die Fiktionsbescheinigung - auslaenderaemter.com\",\"isPartOf\":{\"@id\":\"https:\\\/\\\/auslaenderaemter.com\\\/#website\"},\"primaryImageOfPage\":{\"@id\":\"https:\\\/\\\/auslaenderaemter.com\\\/fiktionsbescheinigung\\\/#primaryimage\"},\"image\":{\"@id\":\"https:\\\/\\\/auslaenderaemter.com\\\/fiktionsbescheinigung\\\/#primaryimage\"},\"thumbnailUrl\":\"https:\\\/\\\/auslaenderaemter.com\\\/wp-content\\\/uploads\\\/2021\\\/03\\\/IMG_5064-min-e1615834936619.png\",\"datePublished\":\"2021-03-15T19:27:21+00:00\",\"dateModified\":\"2021-03-15T20:29:27+00:00\",\"description\":\"Eine Fiktionsbescheinigung fungiert als Nachweis eines vorl\u00e4ufigen Aufenthaltsrechts f\u00fcr in Deutschland lebende Ausl\u00e4nder.\",\"breadcrumb\":{\"@id\":\"https:\\\/\\\/auslaenderaemter.com\\\/fiktionsbescheinigung\\\/#breadcrumb\"},\"inLanguage\":\"zh-Hans\",\"potentialAction\":[{\"@type\":\"ReadAction\",\"target\":[\"https:\\\/\\\/auslaenderaemter.com\\\/fiktionsbescheinigung\\\/\"]}]},{\"@type\":\"ImageObject\",\"inLanguage\":\"zh-Hans\",\"@id\":\"https:\\\/\\\/auslaenderaemter.com\\\/fiktionsbescheinigung\\\/#primaryimage\",\"url\":\"https:\\\/\\\/auslaenderaemter.com\\\/wp-content\\\/uploads\\\/2021\\\/03\\\/IMG_5064-min-e1615834936619.png\",\"contentUrl\":\"https:\\\/\\\/auslaenderaemter.com\\\/wp-content\\\/uploads\\\/2021\\\/03\\\/IMG_5064-min-e1615834936619.png\",\"width\":600,\"height\":338,\"caption\":\"Fiktionsbescheinigung\"},{\"@type\":\"BreadcrumbList\",\"@id\":\"https:\\\/\\\/auslaenderaemter.com\\\/fiktionsbescheinigung\\\/#breadcrumb\",\"itemListElement\":[{\"@type\":\"ListItem\",\"position\":1,\"name\":\"Startseite\",\"item\":\"https:\\\/\\\/auslaenderaemter.com\\\/\"},{\"@type\":\"ListItem\",\"position\":2,\"name\":\"Fiktionsbescheinigung\"}]},{\"@type\":\"WebSite\",\"@id\":\"https:\\\/\\\/auslaenderaemter.com\\\/#website\",\"url\":\"https:\\\/\\\/auslaenderaemter.com\\\/\",\"name\":\"auslaenderaemter.com\",\"description\":\"\",\"publisher\":{\"@id\":\"https:\\\/\\\/auslaenderaemter.com\\\/#organization\"},\"potentialAction\":[{\"@type\":\"SearchAction\",\"target\":{\"@type\":\"EntryPoint\",\"urlTemplate\":\"https:\\\/\\\/auslaenderaemter.com\\\/?s={search_term_string}\"},\"query-input\":{\"@type\":\"PropertyValueSpecification\",\"valueRequired\":true,\"valueName\":\"search_term_string\"}}],\"inLanguage\":\"zh-Hans\"},{\"@type\":\"Organization\",\"@id\":\"https:\\\/\\\/auslaenderaemter.com\\\/#organization\",\"name\":\"auslaenderaemter.com\",\"url\":\"https:\\\/\\\/auslaenderaemter.com\\\/\",\"logo\":{\"@type\":\"ImageObject\",\"inLanguage\":\"zh-Hans\",\"@id\":\"https:\\\/\\\/auslaenderaemter.com\\\/#\\\/schema\\\/logo\\\/image\\\/\",\"url\":\"https:\\\/\\\/auslaenderaemter.com\\\/wp-content\\\/uploads\\\/2021\\\/01\\\/cropped-Vollmond-info-13.png\",\"contentUrl\":\"https:\\\/\\\/auslaenderaemter.com\\\/wp-content\\\/uploads\\\/2021\\\/01\\\/cropped-Vollmond-info-13.png\",\"width\":500,\"height\":117,\"caption\":\"auslaenderaemter.com\"},\"image\":{\"@id\":\"https:\\\/\\\/auslaenderaemter.com\\\/#\\\/schema\\\/logo\\\/image\\\/\"}}]}<\/script>\n<!-- \/ Yoast SEO plugin. -->","yoast_head_json":{"title":"\u865a\u6784\u7684\u8bc1\u4e66 - auslaenderaemter.com","description":"\u865a\u6784\u7684\u8bc1\u4e66\u53ef\u4f5c\u4e3a\u5c45\u4f4f\u5728\u5fb7\u56fd\u7684\u5916\u56fd\u4eba\u4e34\u65f6\u5c45\u4f4f\u6743\u7684\u8bc1\u660e\u3002","robots":{"index":"index","follow":"follow","max-snippet":"max-snippet:-1","max-image-preview":"max-image-preview:large","max-video-preview":"max-video-preview:-1"},"canonical":"https:\/\/auslaenderaemter.com\/zh\/\u5c0f\u8bf4\u8bc1\u4e66\/","og_locale":"zh_CN","og_type":"article","og_title":"Die Fiktionsbescheinigung - auslaenderaemter.com","og_description":"Eine Fiktionsbescheinigung fungiert als Nachweis eines vorl\u00e4ufigen Aufenthaltsrechts f\u00fcr in Deutschland lebende Ausl\u00e4nder.","og_url":"https:\/\/auslaenderaemter.com\/zh\/\u5c0f\u8bf4\u8bc1\u4e66\/","og_site_name":"auslaenderaemter.com","article_modified_time":"2021-03-15T20:29:27+00:00","og_image":[{"width":600,"height":338,"url":"https:\/\/auslaenderaemter.com\/wp-content\/uploads\/2021\/03\/IMG_5064-min-e1615834936619.png","type":"image\/png"}],"twitter_card":"summary_large_image","twitter_misc":{"\u9884\u8ba1\u9605\u8bfb\u65f6\u95f4":"3 \u5206"},"schema":{"@context":"https:\/\/schema.org","@graph":[{"@type":"WebPage","@id":"https:\/\/auslaenderaemter.com\/fiktionsbescheinigung\/","url":"https:\/\/auslaenderaemter.com\/fiktionsbescheinigung\/","name":"\u865a\u6784\u7684\u8bc1\u4e66 - auslaenderaemter.com","isPartOf":{"@id":"https:\/\/auslaenderaemter.com\/#website"},"primaryImageOfPage":{"@id":"https:\/\/auslaenderaemter.com\/fiktionsbescheinigung\/#primaryimage"},"image":{"@id":"https:\/\/auslaenderaemter.com\/fiktionsbescheinigung\/#primaryimage"},"thumbnailUrl":"https:\/\/auslaenderaemter.com\/wp-content\/uploads\/2021\/03\/IMG_5064-min-e1615834936619.png","datePublished":"2021-03-15T19:27:21+00:00","dateModified":"2021-03-15T20:29:27+00:00","description":"\u865a\u6784\u7684\u8bc1\u4e66\u53ef\u4f5c\u4e3a\u5c45\u4f4f\u5728\u5fb7\u56fd\u7684\u5916\u56fd\u4eba\u4e34\u65f6\u5c45\u4f4f\u6743\u7684\u8bc1\u660e\u3002","breadcrumb":{"@id":"https:\/\/auslaenderaemter.com\/fiktionsbescheinigung\/#breadcrumb"},"inLanguage":"zh-Hans","potentialAction":[{"@type":"ReadAction","target":["https:\/\/auslaenderaemter.com\/fiktionsbescheinigung\/"]}]},{"@type":"ImageObject","inLanguage":"zh-Hans","@id":"https:\/\/auslaenderaemter.com\/fiktionsbescheinigung\/#primaryimage","url":"https:\/\/auslaenderaemter.com\/wp-content\/uploads\/2021\/03\/IMG_5064-min-e1615834936619.png","contentUrl":"https:\/\/auslaenderaemter.com\/wp-content\/uploads\/2021\/03\/IMG_5064-min-e1615834936619.png","width":600,"height":338,"caption":"Fiktionsbescheinigung"},{"@type":"BreadcrumbList","@id":"https:\/\/auslaenderaemter.com\/fiktionsbescheinigung\/#breadcrumb","itemListElement":[{"@type":"ListItem","position":1,"name":"Startseite","item":"https:\/\/auslaenderaemter.com\/"},{"@type":"ListItem","position":2,"name":"Fiktionsbescheinigung"}]},{"@type":"WebSite","@id":"https:\/\/auslaenderaemter.com\/#website","url":"https:\/\/auslaenderaemter.com\/","name":"auslaenderaemter.com","description":"","publisher":{"@id":"https:\/\/auslaenderaemter.com\/#organization"},"potentialAction":[{"@type":"SearchAction","target":{"@type":"EntryPoint","urlTemplate":"https:\/\/auslaenderaemter.com\/?s={search_term_string}"},"query-input":{"@type":"PropertyValueSpecification","valueRequired":true,"valueName":"search_term_string"}}],"inLanguage":"zh-Hans"},{"@type":"Organization","@id":"https:\/\/auslaenderaemter.com\/#organization","name":"auslaenderaemter.com","url":"https:\/\/auslaenderaemter.com\/","logo":{"@type":"ImageObject","inLanguage":"zh-Hans","@id":"https:\/\/auslaenderaemter.com\/#\/schema\/logo\/image\/","url":"https:\/\/auslaenderaemter.com\/wp-content\/uploads\/2021\/01\/cropped-Vollmond-info-13.png","contentUrl":"https:\/\/auslaenderaemter.com\/wp-content\/uploads\/2021\/01\/cropped-Vollmond-info-13.png","width":500,"height":117,"caption":"auslaenderaemter.com"},"image":{"@id":"https:\/\/auslaenderaemter.com\/#\/schema\/logo\/image\/"}}]}},"_links":{"self":[{"href":"https:\/\/auslaenderaemter.com\/zh\/wp-json\/wp\/v2\/pages\/3111","targetHints":{"allow":["GET"]}}],"collection":[{"href":"https:\/\/auslaenderaemter.com\/zh\/wp-json\/wp\/v2\/pages"}],"about":[{"href":"https:\/\/auslaenderaemter.com\/zh\/wp-json\/wp\/v2\/types\/page"}],"author":[{"embeddable":true,"href":"https:\/\/auslaenderaemter.com\/zh\/wp-json\/wp\/v2\/users\/1"}],"replies":[{"embeddable":true,"href":"https:\/\/auslaenderaemter.com\/zh\/wp-json\/wp\/v2\/comments?post=3111"}],"version-history":[{"count":0,"href":"https:\/\/auslaenderaemter.com\/zh\/wp-json\/wp\/v2\/pages\/3111\/revisions"}],"wp:featuredmedia":[{"embeddable":true,"href":"https:\/\/auslaenderaemter.com\/zh\/wp-json\/wp\/v2\/media\/3120"}],"wp:attachment":[{"href":"https:\/\/auslaenderaemter.com\/zh\/wp-json\/wp\/v2\/media?parent=3111"}],"curies":[{"name":"wp","href":"https:\/\/api.w.org\/{rel}","templated":true}]}}