{"id":4046,"date":"2023-06-12T16:41:00","date_gmt":"2023-06-12T14:41:00","guid":{"rendered":"https:\/\/auslaenderaemter.com\/?page_id=4046"},"modified":"2023-06-12T16:41:00","modified_gmt":"2023-06-12T14:41:00","slug":"duldung","status":"publish","type":"page","link":"https:\/\/auslaenderaemter.com\/zh\/\u5bb9\u5fcd\/","title":{"rendered":"\u5bb9\u5fcd"},"content":{"rendered":"<p>Duldung\u662f\u5fb7\u56fd\u79fb\u6c11\u6cd5\u4e2d\u7684\u4e00\u4e2a\u91cd\u8981\u56e0\u7d20\uff0c\u5bf9\u5fb7\u56fd\u5f88\u591a\u4eba\u7684\u751f\u6d3b\u90fd\u6709\u5f71\u54cd\u3002\u5728\u672c\u6587\u4e2d\uff0c\u6211\u4eec\u5c06\u4e86\u89e3 Duldung \u7684\u542b\u4e49\u3001\u8c01\u6709\u6743\u4f7f\u7528\u5b83\u4ee5\u53ca\u6cd5\u5f8b\u542b\u4e49\u3002<\/p>\n<h2>\u4ec0\u4e48\u662f\u5bbd\u5bb9\uff1f<\/h2>\n<p>\u516c\u5dee\u662f <strong>\u6ca1\u6709\u5c45\u7559\u8bc1<\/strong>, \u4f46\u662f\u4e00\u4e2a <strong>\u6682\u65f6\u4e2d\u6b62\u9a71\u9010\u51fa\u5883<\/strong> \u7531\u5b9e\u9645\u4e0a\u4e0d\u5f97\u4e0d\u79bb\u5f00\u8be5\u56fd\u7684\u5916\u56fd\u4eba\u3002\u5979\u6765\u81ea <a href=\"https:\/\/auslaenderaemter.com\/zh\/\">\u79fb\u6c11\u5f53\u5c40<\/a>\u00a0\u5982\u679c\u51fa\u4e8e\u6cd5\u5f8b\u6216\u4e8b\u5b9e\u539f\u56e0\u6682\u65f6\u65e0\u6cd5\u6267\u884c\u9a71\u9010\u51fa\u5883\uff0c\u5219\u6279\u51c6\u3002<\/p>\n<p>Duldung \u5141\u8bb8\u6709\u5173\u4eba\u5458\u6682\u65f6\u7559\u5728\u5fb7\u56fd\uff0c\u76f4\u5230\u6682\u505c\u9a71\u9010\u51fa\u5883\u7684\u7406\u7531\u4e0d\u518d\u5b58\u5728\u3002\u7136\u800c\uff0c\u5b83\u4e5f\u6709\u5c40\u9650\u6027\uff0c\u4f8b\u5982\u8fdb\u5165\u52b3\u52a8\u529b\u5e02\u573a\u548c\u793e\u4f1a\u798f\u5229\u7684\u673a\u4f1a\u6709\u9650\u3002<\/p>\n<h2>\u5bb9\u5fcd\u7684\u5148\u51b3\u6761\u4ef6<\/h2>\n<p>\u5bb9\u5fcd\u901a\u5e38\u5728\u67d0\u4e9b\u6761\u4ef6\u4e0b\u88ab\u6388\u4e88\uff1a<\/p>\n<ol>\n<li><strong>\u9a71\u9010\u51fa\u5883\u7684\u6cd5\u5f8b\u6216\u4e8b\u5b9e\u969c\u788d\uff1a<\/strong> \u4f8b\u5982\uff0c\u5982\u679c\u5916\u56fd\u4eba\u5728\u5176\u672c\u56fd\u53d7\u5230\u9177\u5211\u6216\u6b7b\u5211\u5a01\u80c1\uff0c\u5982\u679c\u6ca1\u6709\u65c5\u884c\u8bc1\u4ef6\u6216\u6709\u5173\u4eba\u5458\u56e0\u5065\u5eb7\u539f\u56e0\u65e0\u6cd5\u65c5\u884c\uff0c\u5219\u53ef\u80fd\u5b58\u5728\u8fd9\u4e9b\u60c5\u51b5\u3002<\/li>\n<li><strong>\u4e0d\u53c2\u4e0e\u9012\u89e3\u51fa\u5883\u969c\u788d\uff1a<\/strong> Duldung \u901a\u5e38\u53ea\u6709\u5728\u6709\u5173\u4eba\u5458\u4e0d\u5bf9\u9a71\u9010\u51fa\u5883\u7684\u969c\u788d\u8d1f\u8d23\u7684\u60c5\u51b5\u4e0b\u624d\u4f1a\u88ab\u6279\u51c6\u3002<\/li>\n<\/ol>\n<h2>\u5bbd\u5bb9\u7684\u6cd5\u5f8b\u540e\u679c<\/h2>\n<p>\u5bb9\u5fcd\u5bf9\u53d7\u5f71\u54cd\u7684\u4eba\u6709\u4e00\u4e9b\u6cd5\u5f8b\u540e\u679c\uff1a<\/p>\n<ol>\n<li><strong>\u5c45\u4f4f\u9650\u5236\uff1a<\/strong> \u60a3\u6709 Duldung \u7684\u4eba\u901a\u5e38\u53ea\u80fd\u5728\u67d0\u4e2a\u5730\u7406\u533a\u57df\u751f\u6d3b\u548c\u65c5\u884c\u3002\u539f\u5219\u4e0a\uff0c\u4ed6\u4eec\u672a\u7ecf\u8bb8\u53ef\u4e0d\u5f97\u79bb\u5f00\u6307\u5b9a\u533a\u57df\u3002<\/li>\n<li><strong>\u9650\u5236\u8fdb\u5165\u52b3\u52a8\u529b\u5e02\u573a\uff1a<\/strong> \u60a3\u6709 Duldung \u7684\u4eba\u901a\u5e38\u53ea\u80fd\u6709\u9650\u5730\u8fdb\u5165\u52b3\u52a8\u529b\u5e02\u573a\u3002\u901a\u5e38\uff0c\u4ed6\u4eec\u53ea\u80fd\u5728\u4e09\u4e2a\u6708\u7684\u7b49\u5f85\u671f\u540e\u624d\u80fd\u5f00\u59cb\u5de5\u4f5c\uff0c\u5e76\u4e14\u9700\u8981\u79fb\u6c11\u5f53\u5c40\u548c\u8054\u90a6\u5c31\u4e1a\u5c40\u7684\u6279\u51c6\u3002<\/li>\n<li><strong>\u793e\u4ea4\u597d\u5904\uff1a<\/strong> \u60a3\u6709\u201cDuldung\u201d\u7684\u4eba\u901a\u5e38\u6709\u6743\u6839\u636e <a href=\"https:\/\/www.asyl.net\/themen\/sozialrecht\/asylbewerberleistungsgesetz#:~:text=Das%20Asylbewerberleistungsgesetz%20(AsylbLG)%20regelt%20den,)%2C%20sofern%20sie%20hilfsbed%C3%BCrftig%20sind.\" target=\"_blank\" rel=\"noopener\">\u5bfb\u6c42\u5e87\u62a4\u8005\u798f\u5229\u6cd5<\/a>\u8c01\u4f4e\u4e8e\u798f\u5229\u6c34\u5e73\u3002<\/li>\n<\/ol>\n<h2>\u7ed3\u8bba<\/h2>\n<p>\u5bbd\u5bb9\u662f\u5fb7\u56fd\u79fb\u6c11\u6cd5\u7684\u91cd\u8981\u7ec4\u6210\u90e8\u5206\u3002\u5b83\u4e3a\u5b9e\u9645\u4e0a\u6709\u4e49\u52a1\u79bb\u5f00\u8be5\u56fd\u7684\u4eba\u63d0\u4f9b\u4e34\u65f6\u4fdd\u62a4\uff0c\u4ee5\u514d\u88ab\u9a71\u9010\u51fa\u5883\u3002\u540c\u65f6\uff0c\u5b83\u4e5f\u6709\u5f88\u5927\u7684\u5c40\u9650\u6027\u3002\u83b7\u5f97\u5bbd\u5bb9\u7684\u4eba\u5fc5\u987b\u4e86\u89e3\u81ea\u5df1\u7684\u6743\u5229\u548c\u4e49\u52a1\uff0c\u5e76\u5bfb\u6c42\u9002\u5f53\u7684\u6cd5\u5f8b\u5efa\u8bae\uff0c\u8fd9\u4e00\u70b9\u5f88\u91cd\u8981\u3002<\/p>","protected":false},"excerpt":{"rendered":"<p>\u5bbd\u5bb9\u662f\u5fb7\u56fd\u79fb\u6c11\u6cd5\u7684\u4e00\u4e2a\u91cd\u8981\u56e0\u7d20\uff0c\u5f71\u54cd\u7740\u8bb8\u591a\u5fb7\u56fd\u4eba\u7684\u751f\u6d3b\u3002\u5728\u672c\u6587\u4e2d\uff0c\u6211\u4eec\u5c06\u63a2\u8ba8\u5bbd\u5bb9\u7684\u542b\u4e49\u3001\u8c01\u6709\u6743\u4eab\u53d7\u5bbd\u5bb9\u4ee5\u53ca\u5b83\u5177\u6709\u54ea\u4e9b\u6cd5\u5f8b\u542b\u4e49\u3002\u4ec0\u4e48\u662f\u5bbd\u5bb9\uff1f\u5bbd\u5bb9\u4e0d\u662f\u5c45\u7559\u8bb8\u53ef\uff0c\u800c\u662f\u6682\u65f6\u4e2d\u6b62\u9a71\u9010\u5916\u56fd\u4eba......&nbsp;<a href=\"https:\/\/auslaenderaemter.com\/zh\/\u5bb9\u5fcd\/\" rel=\"bookmark\">\u9605\u8bfb\u66f4\u591a \u201d<span class=\"screen-reader-text\">\u5bb9\u5fcd<\/span><\/a><\/p>","protected":false},"author":1,"featured_media":9,"parent":0,"menu_order":0,"comment_status":"closed","ping_status":"closed","template":"","meta":{"neve_meta_sidebar":"","neve_meta_container":"","neve_meta_enable_content_width":"off","neve_meta_content_width":100,"neve_meta_title_alignment":"","neve_meta_author_avatar":"","neve_post_elements_order":"","neve_meta_disable_header":"","neve_meta_disable_footer":"","neve_meta_disable_title":"","neve_meta_reading_time":"","footnotes":""},"class_list":["post-4046","page","type-page","status-publish","has-post-thumbnail","hentry"],"yoast_head":"<!-- This site is optimized with the Yoast SEO plugin v27.5 - https:\/\/yoast.com\/product\/yoast-seo-wordpress\/ -->\n<title>Ausl\u00e4nder und Duldung in Deutschland - auslaenderaemter.com<\/title>\n<meta name=\"description\" content=\"Erfahren Sie mehr \u00fcber die Duldung in Deutschland: ihre Bedeutung, Voraussetzungen und die rechtlichen Konsequenzen f\u00fcr Ausl\u00e4nder.\" \/>\n<meta name=\"robots\" content=\"index, follow, max-snippet:-1, max-image-preview:large, max-video-preview:-1\" \/>\n<link rel=\"canonical\" href=\"https:\/\/auslaenderaemter.com\/zh\/\u5bb9\u5fcd\/\" \/>\n<meta property=\"og:locale\" content=\"zh_CN\" \/>\n<meta property=\"og:type\" content=\"article\" \/>\n<meta property=\"og:title\" content=\"Ausl\u00e4nder und Duldung in Deutschland - auslaenderaemter.com\" \/>\n<meta property=\"og:description\" content=\"Erfahren Sie mehr \u00fcber die Duldung in Deutschland: ihre Bedeutung, Voraussetzungen und die rechtlichen Konsequenzen f\u00fcr Ausl\u00e4nder.\" \/>\n<meta property=\"og:url\" content=\"https:\/\/auslaenderaemter.com\/zh\/\u5bb9\u5fcd\/\" \/>\n<meta property=\"og:site_name\" content=\"auslaenderaemter.com\" \/>\n<meta property=\"og:image\" content=\"https:\/\/auslaenderaemter.com\/wp-content\/uploads\/2021\/01\/Vollmond-info-13.png\" \/>\n\t<meta property=\"og:image:width\" content=\"500\" \/>\n\t<meta property=\"og:image:height\" content=\"500\" \/>\n\t<meta property=\"og:image:type\" content=\"image\/png\" \/>\n<meta name=\"twitter:card\" content=\"summary_large_image\" \/>\n<meta name=\"twitter:label1\" content=\"\u9884\u8ba1\u9605\u8bfb\u65f6\u95f4\" \/>\n\t<meta name=\"twitter:data1\" content=\"2 \u5206\" \/>\n<script type=\"application\/ld+json\" class=\"yoast-schema-graph\">{\"@context\":\"https:\\\/\\\/schema.org\",\"@graph\":[{\"@type\":\"WebPage\",\"@id\":\"https:\\\/\\\/auslaenderaemter.com\\\/duldung\\\/\",\"url\":\"https:\\\/\\\/auslaenderaemter.com\\\/duldung\\\/\",\"name\":\"Ausl\u00e4nder und Duldung in Deutschland - auslaenderaemter.com\",\"isPartOf\":{\"@id\":\"https:\\\/\\\/auslaenderaemter.com\\\/#website\"},\"primaryImageOfPage\":{\"@id\":\"https:\\\/\\\/auslaenderaemter.com\\\/duldung\\\/#primaryimage\"},\"image\":{\"@id\":\"https:\\\/\\\/auslaenderaemter.com\\\/duldung\\\/#primaryimage\"},\"thumbnailUrl\":\"https:\\\/\\\/auslaenderaemter.com\\\/wp-content\\\/uploads\\\/2021\\\/01\\\/Vollmond-info-13.png\",\"datePublished\":\"2023-06-12T14:41:00+00:00\",\"description\":\"Erfahren Sie mehr \u00fcber die Duldung in Deutschland: ihre Bedeutung, Voraussetzungen und die rechtlichen Konsequenzen f\u00fcr Ausl\u00e4nder.\",\"breadcrumb\":{\"@id\":\"https:\\\/\\\/auslaenderaemter.com\\\/duldung\\\/#breadcrumb\"},\"inLanguage\":\"zh-Hans\",\"potentialAction\":[{\"@type\":\"ReadAction\",\"target\":[\"https:\\\/\\\/auslaenderaemter.com\\\/duldung\\\/\"]}]},{\"@type\":\"ImageObject\",\"inLanguage\":\"zh-Hans\",\"@id\":\"https:\\\/\\\/auslaenderaemter.com\\\/duldung\\\/#primaryimage\",\"url\":\"https:\\\/\\\/auslaenderaemter.com\\\/wp-content\\\/uploads\\\/2021\\\/01\\\/Vollmond-info-13.png\",\"contentUrl\":\"https:\\\/\\\/auslaenderaemter.com\\\/wp-content\\\/uploads\\\/2021\\\/01\\\/Vollmond-info-13.png\",\"width\":500,\"height\":500,\"caption\":\"Abschiebung\"},{\"@type\":\"BreadcrumbList\",\"@id\":\"https:\\\/\\\/auslaenderaemter.com\\\/duldung\\\/#breadcrumb\",\"itemListElement\":[{\"@type\":\"ListItem\",\"position\":1,\"name\":\"Startseite\",\"item\":\"https:\\\/\\\/auslaenderaemter.com\\\/\"},{\"@type\":\"ListItem\",\"position\":2,\"name\":\"Duldung\"}]},{\"@type\":\"WebSite\",\"@id\":\"https:\\\/\\\/auslaenderaemter.com\\\/#website\",\"url\":\"https:\\\/\\\/auslaenderaemter.com\\\/\",\"name\":\"auslaenderaemter.com\",\"description\":\"\",\"publisher\":{\"@id\":\"https:\\\/\\\/auslaenderaemter.com\\\/#organization\"},\"potentialAction\":[{\"@type\":\"SearchAction\",\"target\":{\"@type\":\"EntryPoint\",\"urlTemplate\":\"https:\\\/\\\/auslaenderaemter.com\\\/?s={search_term_string}\"},\"query-input\":{\"@type\":\"PropertyValueSpecification\",\"valueRequired\":true,\"valueName\":\"search_term_string\"}}],\"inLanguage\":\"zh-Hans\"},{\"@type\":\"Organization\",\"@id\":\"https:\\\/\\\/auslaenderaemter.com\\\/#organization\",\"name\":\"auslaenderaemter.com\",\"url\":\"https:\\\/\\\/auslaenderaemter.com\\\/\",\"logo\":{\"@type\":\"ImageObject\",\"inLanguage\":\"zh-Hans\",\"@id\":\"https:\\\/\\\/auslaenderaemter.com\\\/#\\\/schema\\\/logo\\\/image\\\/\",\"url\":\"https:\\\/\\\/auslaenderaemter.com\\\/wp-content\\\/uploads\\\/2021\\\/01\\\/cropped-Vollmond-info-13.png\",\"contentUrl\":\"https:\\\/\\\/auslaenderaemter.com\\\/wp-content\\\/uploads\\\/2021\\\/01\\\/cropped-Vollmond-info-13.png\",\"width\":500,\"height\":117,\"caption\":\"auslaenderaemter.com\"},\"image\":{\"@id\":\"https:\\\/\\\/auslaenderaemter.com\\\/#\\\/schema\\\/logo\\\/image\\\/\"}}]}<\/script>\n<!-- \/ Yoast SEO plugin. -->","yoast_head_json":{"title":"\u5fb7\u56fd\u7684\u5916\u661f\u4eba\u548c\u675c\u5c14\u4e1c - auslaenderaemter.com","description":"\u4e86\u89e3\u6709\u5173\u5fb7\u56fd Duldung \u7684\u66f4\u591a\u4fe1\u606f\uff1a\u5176\u542b\u4e49\u3001\u8981\u6c42\u548c\u5bf9\u5916\u56fd\u4eba\u7684\u6cd5\u5f8b\u540e\u679c\u3002","robots":{"index":"index","follow":"follow","max-snippet":"max-snippet:-1","max-image-preview":"max-image-preview:large","max-video-preview":"max-video-preview:-1"},"canonical":"https:\/\/auslaenderaemter.com\/zh\/\u5bb9\u5fcd\/","og_locale":"zh_CN","og_type":"article","og_title":"Ausl\u00e4nder und Duldung in Deutschland - auslaenderaemter.com","og_description":"Erfahren Sie mehr \u00fcber die Duldung in Deutschland: ihre Bedeutung, Voraussetzungen und die rechtlichen Konsequenzen f\u00fcr Ausl\u00e4nder.","og_url":"https:\/\/auslaenderaemter.com\/zh\/\u5bb9\u5fcd\/","og_site_name":"auslaenderaemter.com","og_image":[{"width":500,"height":500,"url":"https:\/\/auslaenderaemter.com\/wp-content\/uploads\/2021\/01\/Vollmond-info-13.png","type":"image\/png"}],"twitter_card":"summary_large_image","twitter_misc":{"\u9884\u8ba1\u9605\u8bfb\u65f6\u95f4":"2 \u5206"},"schema":{"@context":"https:\/\/schema.org","@graph":[{"@type":"WebPage","@id":"https:\/\/auslaenderaemter.com\/duldung\/","url":"https:\/\/auslaenderaemter.com\/duldung\/","name":"\u5fb7\u56fd\u7684\u5916\u661f\u4eba\u548c\u675c\u5c14\u4e1c - auslaenderaemter.com","isPartOf":{"@id":"https:\/\/auslaenderaemter.com\/#website"},"primaryImageOfPage":{"@id":"https:\/\/auslaenderaemter.com\/duldung\/#primaryimage"},"image":{"@id":"https:\/\/auslaenderaemter.com\/duldung\/#primaryimage"},"thumbnailUrl":"https:\/\/auslaenderaemter.com\/wp-content\/uploads\/2021\/01\/Vollmond-info-13.png","datePublished":"2023-06-12T14:41:00+00:00","description":"\u4e86\u89e3\u6709\u5173\u5fb7\u56fd Duldung \u7684\u66f4\u591a\u4fe1\u606f\uff1a\u5176\u542b\u4e49\u3001\u8981\u6c42\u548c\u5bf9\u5916\u56fd\u4eba\u7684\u6cd5\u5f8b\u540e\u679c\u3002","breadcrumb":{"@id":"https:\/\/auslaenderaemter.com\/duldung\/#breadcrumb"},"inLanguage":"zh-Hans","potentialAction":[{"@type":"ReadAction","target":["https:\/\/auslaenderaemter.com\/duldung\/"]}]},{"@type":"ImageObject","inLanguage":"zh-Hans","@id":"https:\/\/auslaenderaemter.com\/duldung\/#primaryimage","url":"https:\/\/auslaenderaemter.com\/wp-content\/uploads\/2021\/01\/Vollmond-info-13.png","contentUrl":"https:\/\/auslaenderaemter.com\/wp-content\/uploads\/2021\/01\/Vollmond-info-13.png","width":500,"height":500,"caption":"Abschiebung"},{"@type":"BreadcrumbList","@id":"https:\/\/auslaenderaemter.com\/duldung\/#breadcrumb","itemListElement":[{"@type":"ListItem","position":1,"name":"Startseite","item":"https:\/\/auslaenderaemter.com\/"},{"@type":"ListItem","position":2,"name":"Duldung"}]},{"@type":"WebSite","@id":"https:\/\/auslaenderaemter.com\/#website","url":"https:\/\/auslaenderaemter.com\/","name":"auslaenderaemter.com","description":"","publisher":{"@id":"https:\/\/auslaenderaemter.com\/#organization"},"potentialAction":[{"@type":"SearchAction","target":{"@type":"EntryPoint","urlTemplate":"https:\/\/auslaenderaemter.com\/?s={search_term_string}"},"query-input":{"@type":"PropertyValueSpecification","valueRequired":true,"valueName":"search_term_string"}}],"inLanguage":"zh-Hans"},{"@type":"Organization","@id":"https:\/\/auslaenderaemter.com\/#organization","name":"auslaenderaemter.com","url":"https:\/\/auslaenderaemter.com\/","logo":{"@type":"ImageObject","inLanguage":"zh-Hans","@id":"https:\/\/auslaenderaemter.com\/#\/schema\/logo\/image\/","url":"https:\/\/auslaenderaemter.com\/wp-content\/uploads\/2021\/01\/cropped-Vollmond-info-13.png","contentUrl":"https:\/\/auslaenderaemter.com\/wp-content\/uploads\/2021\/01\/cropped-Vollmond-info-13.png","width":500,"height":117,"caption":"auslaenderaemter.com"},"image":{"@id":"https:\/\/auslaenderaemter.com\/#\/schema\/logo\/image\/"}}]}},"_links":{"self":[{"href":"https:\/\/auslaenderaemter.com\/zh\/wp-json\/wp\/v2\/pages\/4046","targetHints":{"allow":["GET"]}}],"collection":[{"href":"https:\/\/auslaenderaemter.com\/zh\/wp-json\/wp\/v2\/pages"}],"about":[{"href":"https:\/\/auslaenderaemter.com\/zh\/wp-json\/wp\/v2\/types\/page"}],"author":[{"embeddable":true,"href":"https:\/\/auslaenderaemter.com\/zh\/wp-json\/wp\/v2\/users\/1"}],"replies":[{"embeddable":true,"href":"https:\/\/auslaenderaemter.com\/zh\/wp-json\/wp\/v2\/comments?post=4046"}],"version-history":[{"count":0,"href":"https:\/\/auslaenderaemter.com\/zh\/wp-json\/wp\/v2\/pages\/4046\/revisions"}],"wp:featuredmedia":[{"embeddable":true,"href":"https:\/\/auslaenderaemter.com\/zh\/wp-json\/wp\/v2\/media\/9"}],"wp:attachment":[{"href":"https:\/\/auslaenderaemter.com\/zh\/wp-json\/wp\/v2\/media?parent=4046"}],"curies":[{"name":"wp","href":"https:\/\/api.w.org\/{rel}","templated":true}]}}