{"id":4048,"date":"2023-06-12T16:46:54","date_gmt":"2023-06-12T14:46:54","guid":{"rendered":"https:\/\/auslaenderaemter.com\/?page_id=4048"},"modified":"2023-06-12T16:46:54","modified_gmt":"2023-06-12T14:46:54","slug":"ausweisung","status":"publish","type":"page","link":"https:\/\/auslaenderaemter.com\/zh\/\u5f00\u9664\/","title":{"rendered":"\u5f00\u9664"},"content":{"rendered":"<p>\u9a71\u9010\u5916\u56fd\u4eba\u662f\u5fb7\u56fd\u5916\u56fd\u4eba\u6cd5\u7684\u7ec4\u6210\u90e8\u5206\uff0c\u5bf9\u4e8e\u7ef4\u62a4\u516c\u5171\u5b89\u5168\u548c\u79e9\u5e8f\u81f3\u5173\u91cd\u8981\u3002\u5728\u672c\u6587\u4e2d\uff0c\u6211\u4eec\u5c06\u5b9a\u4e49\u9a71\u9010\uff0c\u89e3\u91ca\u9a71\u9010\u7684\u539f\u56e0\u4ee5\u53ca\u5bf9\u6570\u636e\u4e3b\u4f53\u53ef\u80fd\u4ea7\u751f\u7684\u540e\u679c\u3002<\/p>\n<h2>\u4ec0\u4e48\u662f\u9a71\u9010\uff1f<\/h2>\n<p>\u9a71\u9010\u662f\u4e00\u79cd\u884c\u653f\u884c\u4e3a\uff0c\u5916\u56fd\u4eba\u6709\u4e49\u52a1\u79bb\u5f00\u8054\u90a6\u9886\u571f\u5e76\u4e14\u4e0d\u5f97\u518d\u6b21\u5165\u5883\u3002\u5979\u6765\u81ea\u6709\u80fd\u529b\u7684 <a href=\"https:\/\/auslaenderaemter.com\/zh\/\">\u5916\u56fd\u4eba\u7ba1\u7406\u5c40<\/a> \u5b89\u6392\u5e76\u767b\u8bb0\u5728\u5916\u56fd\u4eba\u4e2d\u592e\u767b\u8bb0\u518c\u4e2d\u3002<\/p>\n<h2>\u5f00\u9664\u7406\u7531<\/h2>\n<p>\u5916\u56fd\u4eba\u88ab\u5fb7\u56fd\u9a71\u9010\u51fa\u5883\u7684\u539f\u56e0\u6709\u591a\u79cd\u3002\u8fd9\u5305\u62ec\uff1a<\/p>\n<ol>\n<li><strong>\u5371\u5bb3\u516c\u5171\u5b89\u5168\u548c\u79e9\u5e8f\uff1a<\/strong> \u5982\u679c\u5916\u56fd\u4eba\u5bf9\u516c\u5171\u5b89\u5168\u548c\u79e9\u5e8f\u6784\u6210\u5a01\u80c1\uff0c\u5219\u53ef\u80fd\u6784\u6210\u9a71\u9010\u7684\u7406\u7531\u3002\u4f8b\u5982\uff0c\u5982\u679c\u5916\u56fd\u4eba\u88ab\u5224\u72af\u6709\u5211\u4e8b\u7f6a\uff0c\u5c31\u53ef\u80fd\u51fa\u73b0\u8fd9\u79cd\u60c5\u51b5\u3002<\/li>\n<li><strong>\u8fdd\u53cd\u79fb\u6c11\u6cd5\u89c4\u5b9a\uff1a<\/strong> \u5982\u679c\u5916\u56fd\u4eba\u8fdd\u53cd\u5916\u56fd\u4eba\u6cd5\u7684\u89c4\u5b9a\uff0c\u4e5f\u53ef\u80fd\u88ab\u9a71\u9010\u51fa\u5883\u3002\u4f8b\u5982\uff0c\u5982\u679c\u5916\u56fd\u4eba\u5728\u5fb7\u56fd\u975e\u6cd5\u5de5\u4f5c\u6216\u8fdd\u53cd\u767b\u8bb0\u4e49\u52a1\uff0c\u5c31\u53ef\u80fd\u51fa\u73b0\u8fd9\u79cd\u60c5\u51b5\u3002<\/li>\n<li><strong>\u62a4\u7167\u8fdd\u89c4\uff1a<\/strong> \u5916\u56fd\u4eba\u5728\u5fb7\u56fd\u5fc5\u987b\u6301\u6709\u62a4\u7167\u3002\u5982\u679c\u5916\u56fd\u4eba\u6ca1\u6709\u6709\u6548\u62a4\u7167\u6216\u62a4\u7167\u66ff\u4ee3\u54c1\uff0c\u5219\u53ef\u80fd\u6784\u6210\u9a71\u9010\u7684\u7406\u7531\u3002<\/li>\n<\/ol>\n<h2>\u9a71\u9010\u7684\u540e\u679c<\/h2>\n<p>\u9a71\u9010\u4f1a\u7ed9\u76f8\u5173\u5916\u56fd\u4eba\u5e26\u6765\u4e25\u91cd\u540e\u679c\uff1a<\/p>\n<ol>\n<li><strong>\u51fa\u5883\u4e49\u52a1\uff1a<\/strong> \u5916\u56fd\u4eba\u6709\u4e49\u52a1\u7acb\u5373\u79bb\u5f00\u8054\u90a6\u9886\u571f\u3002\u5982\u679c\u4ed6\u4e0d\u8fd9\u6837\u505a\uff0c\u4ed6\u53ef\u80fd\u4f1a\u88ab\u9a71\u9010\u51fa\u5883\u3002<\/li>\n<li><strong>\u5165\u5883\u53ca\u5c45\u7559\u7981\u4ee4\uff1a<\/strong> \u9a71\u9010\u901a\u5e38\u4f34\u968f\u7740\u5165\u5883\u548c\u5c45\u4f4f\u7981\u4ee4\u3002\u8fd9\u610f\u5473\u7740\u5916\u56fd\u4eba\u4e0d\u5f97\u518d\u6b21\u8fdb\u5165\u8054\u90a6\u9886\u571f\u3002\u5165\u5883\u548c\u5c45\u7559\u7981\u4ee4\u7684\u671f\u9650\u901a\u5e38\u4e3a\u4e94\u81f3\u5341\u5e74\uff0c\u4f46\u4e5f\u53ef\u4ee5\u662f\u65e0\u9650\u671f\u7684\u3002<\/li>\n<\/ol>\n<h2>\u7ed3\u8bba<\/h2>\n<p>\u9a71\u9010\u662f\u5bf9\u5916\u56fd\u4eba\u6743\u5229\u7684\u4e25\u91cd\u5e72\u6d89\u3002\u5b83\u786e\u4fdd\u5fb7\u56fd\u7684\u516c\u5171\u5b89\u5168\u548c\u79e9\u5e8f\u5f97\u4ee5\u7ef4\u6301\u3002\u540c\u65f6\uff0c\u8fd9\u4e5f\u7ed9\u6709\u5173\u5916\u56fd\u4eba\u5e26\u6765\u4e86\u4e25\u91cd\u540e\u679c\u3002\u56e0\u6b64\uff0c\u5c45\u4f4f\u5728\u5fb7\u56fd\u7684\u5916\u56fd\u4eba\u5fc5\u987b\u9075\u5b88\u6709\u5173\u5916\u56fd\u4eba\u7684\u6cd5\u5f8b\u89c4\u5b9a\uff0c\u5e76\u5728\u5fc5\u8981\u65f6\u5bfb\u6c42\u6cd5\u5f8b\u5efa\u8bae\u3002<\/p>","protected":false},"excerpt":{"rendered":"<p>\u9a71\u9010\u5916\u56fd\u4eba\u662f\u5fb7\u56fd\u79fb\u6c11\u6cd5\u4e0d\u53ef\u5206\u5272\u7684\u4e00\u90e8\u5206\uff0c\u8fd9\u5bf9\u4e8e\u7ef4\u62a4\u516c\u5171\u5b89\u5168\u548c\u79e9\u5e8f\u81f3\u5173\u91cd\u8981\u3002\u5728\u672c\u6587\u4e2d\uff0c\u6211\u4eec\u5c06\u5b9a\u4e49\u9a71\u9010\uff0c\u89e3\u91ca\u5176\u539f\u56e0\uff0c\u5e76\u5f3a\u8c03\u5bf9\u53d7\u5f71\u54cd\u4e2a\u4eba\u53ef\u80fd\u4ea7\u751f\u7684\u540e\u679c\u3002\u4ec0\u4e48\u662f\u9a71\u9010\uff1f\u9a71\u9010\u662f\u4e00\u79cd\u884c\u653f\u884c\u4e3a\uff0c\u5916\u56fd\u4eba...&nbsp;<a href=\"https:\/\/auslaenderaemter.com\/zh\/\u5f00\u9664\/\" rel=\"bookmark\">\u9605\u8bfb\u66f4\u591a \u201d<span class=\"screen-reader-text\">\u5f00\u9664<\/span><\/a><\/p>","protected":false},"author":1,"featured_media":9,"parent":0,"menu_order":0,"comment_status":"closed","ping_status":"closed","template":"","meta":{"neve_meta_sidebar":"","neve_meta_container":"","neve_meta_enable_content_width":"off","neve_meta_content_width":100,"neve_meta_title_alignment":"","neve_meta_author_avatar":"","neve_post_elements_order":"","neve_meta_disable_header":"","neve_meta_disable_footer":"","neve_meta_disable_title":"","neve_meta_reading_time":"","footnotes":""},"class_list":["post-4048","page","type-page","status-publish","has-post-thumbnail","hentry"],"yoast_head":"<!-- This site is optimized with the Yoast SEO plugin v27.3 - https:\/\/yoast.com\/product\/yoast-seo-wordpress\/ -->\n<title>Ausweisung - Gr\u00fcnde und Folgen im deutschen Ausl\u00e4nderrecht<\/title>\n<meta name=\"description\" content=\"Verstehen Sie die Ausweisung im deutschen Ausl\u00e4nderrecht: ihre Definition, die Gr\u00fcnde daf\u00fcr und die daraus resultierenden Folgen.\" \/>\n<meta name=\"robots\" content=\"index, follow, max-snippet:-1, max-image-preview:large, max-video-preview:-1\" \/>\n<link rel=\"canonical\" href=\"https:\/\/auslaenderaemter.com\/zh\/\u5f00\u9664\/\" \/>\n<meta property=\"og:locale\" content=\"zh_CN\" \/>\n<meta property=\"og:type\" content=\"article\" \/>\n<meta property=\"og:title\" content=\"Ausweisung - Gr\u00fcnde und Folgen im deutschen Ausl\u00e4nderrecht\" \/>\n<meta property=\"og:description\" content=\"Verstehen Sie die Ausweisung im deutschen Ausl\u00e4nderrecht: ihre Definition, die Gr\u00fcnde daf\u00fcr und die daraus resultierenden Folgen.\" \/>\n<meta property=\"og:url\" content=\"https:\/\/auslaenderaemter.com\/zh\/\u5f00\u9664\/\" \/>\n<meta property=\"og:site_name\" content=\"auslaenderaemter.com\" \/>\n<meta property=\"og:image\" content=\"https:\/\/auslaenderaemter.com\/wp-content\/uploads\/2021\/01\/Vollmond-info-13.png\" \/>\n\t<meta property=\"og:image:width\" content=\"500\" \/>\n\t<meta property=\"og:image:height\" content=\"500\" \/>\n\t<meta property=\"og:image:type\" content=\"image\/png\" \/>\n<meta name=\"twitter:card\" content=\"summary_large_image\" \/>\n<meta name=\"twitter:label1\" content=\"\u9884\u8ba1\u9605\u8bfb\u65f6\u95f4\" \/>\n\t<meta name=\"twitter:data1\" content=\"2 \u5206\" \/>\n<script type=\"application\/ld+json\" class=\"yoast-schema-graph\">{\"@context\":\"https:\\\/\\\/schema.org\",\"@graph\":[{\"@type\":\"WebPage\",\"@id\":\"https:\\\/\\\/auslaenderaemter.com\\\/ausweisung\\\/\",\"url\":\"https:\\\/\\\/auslaenderaemter.com\\\/ausweisung\\\/\",\"name\":\"Ausweisung - Gr\u00fcnde und Folgen im deutschen Ausl\u00e4nderrecht\",\"isPartOf\":{\"@id\":\"https:\\\/\\\/auslaenderaemter.com\\\/#website\"},\"primaryImageOfPage\":{\"@id\":\"https:\\\/\\\/auslaenderaemter.com\\\/ausweisung\\\/#primaryimage\"},\"image\":{\"@id\":\"https:\\\/\\\/auslaenderaemter.com\\\/ausweisung\\\/#primaryimage\"},\"thumbnailUrl\":\"https:\\\/\\\/auslaenderaemter.com\\\/wp-content\\\/uploads\\\/2021\\\/01\\\/Vollmond-info-13.png\",\"datePublished\":\"2023-06-12T14:46:54+00:00\",\"description\":\"Verstehen Sie die Ausweisung im deutschen Ausl\u00e4nderrecht: ihre Definition, die Gr\u00fcnde daf\u00fcr und die daraus resultierenden Folgen.\",\"breadcrumb\":{\"@id\":\"https:\\\/\\\/auslaenderaemter.com\\\/ausweisung\\\/#breadcrumb\"},\"inLanguage\":\"zh-Hans\",\"potentialAction\":[{\"@type\":\"ReadAction\",\"target\":[\"https:\\\/\\\/auslaenderaemter.com\\\/ausweisung\\\/\"]}]},{\"@type\":\"ImageObject\",\"inLanguage\":\"zh-Hans\",\"@id\":\"https:\\\/\\\/auslaenderaemter.com\\\/ausweisung\\\/#primaryimage\",\"url\":\"https:\\\/\\\/auslaenderaemter.com\\\/wp-content\\\/uploads\\\/2021\\\/01\\\/Vollmond-info-13.png\",\"contentUrl\":\"https:\\\/\\\/auslaenderaemter.com\\\/wp-content\\\/uploads\\\/2021\\\/01\\\/Vollmond-info-13.png\",\"width\":500,\"height\":500,\"caption\":\"Abschiebung\"},{\"@type\":\"BreadcrumbList\",\"@id\":\"https:\\\/\\\/auslaenderaemter.com\\\/ausweisung\\\/#breadcrumb\",\"itemListElement\":[{\"@type\":\"ListItem\",\"position\":1,\"name\":\"Startseite\",\"item\":\"https:\\\/\\\/auslaenderaemter.com\\\/\"},{\"@type\":\"ListItem\",\"position\":2,\"name\":\"Ausweisung\"}]},{\"@type\":\"WebSite\",\"@id\":\"https:\\\/\\\/auslaenderaemter.com\\\/#website\",\"url\":\"https:\\\/\\\/auslaenderaemter.com\\\/\",\"name\":\"auslaenderaemter.com\",\"description\":\"\",\"publisher\":{\"@id\":\"https:\\\/\\\/auslaenderaemter.com\\\/#organization\"},\"potentialAction\":[{\"@type\":\"SearchAction\",\"target\":{\"@type\":\"EntryPoint\",\"urlTemplate\":\"https:\\\/\\\/auslaenderaemter.com\\\/?s={search_term_string}\"},\"query-input\":{\"@type\":\"PropertyValueSpecification\",\"valueRequired\":true,\"valueName\":\"search_term_string\"}}],\"inLanguage\":\"zh-Hans\"},{\"@type\":\"Organization\",\"@id\":\"https:\\\/\\\/auslaenderaemter.com\\\/#organization\",\"name\":\"auslaenderaemter.com\",\"url\":\"https:\\\/\\\/auslaenderaemter.com\\\/\",\"logo\":{\"@type\":\"ImageObject\",\"inLanguage\":\"zh-Hans\",\"@id\":\"https:\\\/\\\/auslaenderaemter.com\\\/#\\\/schema\\\/logo\\\/image\\\/\",\"url\":\"https:\\\/\\\/auslaenderaemter.com\\\/wp-content\\\/uploads\\\/2021\\\/01\\\/cropped-Vollmond-info-13.png\",\"contentUrl\":\"https:\\\/\\\/auslaenderaemter.com\\\/wp-content\\\/uploads\\\/2021\\\/01\\\/cropped-Vollmond-info-13.png\",\"width\":500,\"height\":117,\"caption\":\"auslaenderaemter.com\"},\"image\":{\"@id\":\"https:\\\/\\\/auslaenderaemter.com\\\/#\\\/schema\\\/logo\\\/image\\\/\"}}]}<\/script>\n<!-- \/ Yoast SEO plugin. -->","yoast_head_json":{"title":"\u9a71\u9010 - \u5fb7\u56fd\u79fb\u6c11\u6cd5\u4e2d\u7684\u539f\u56e0\u548c\u540e\u679c","description":"\u4e86\u89e3\u5fb7\u56fd\u79fb\u6c11\u6cd5\u4e2d\u7684\u9a71\u9010\uff1a\u5176\u5b9a\u4e49\u3001\u539f\u56e0\u4ee5\u53ca\u7531\u6b64\u4ea7\u751f\u7684\u540e\u679c\u3002","robots":{"index":"index","follow":"follow","max-snippet":"max-snippet:-1","max-image-preview":"max-image-preview:large","max-video-preview":"max-video-preview:-1"},"canonical":"https:\/\/auslaenderaemter.com\/zh\/\u5f00\u9664\/","og_locale":"zh_CN","og_type":"article","og_title":"Ausweisung - Gr\u00fcnde und Folgen im deutschen Ausl\u00e4nderrecht","og_description":"Verstehen Sie die Ausweisung im deutschen Ausl\u00e4nderrecht: ihre Definition, die Gr\u00fcnde daf\u00fcr und die daraus resultierenden Folgen.","og_url":"https:\/\/auslaenderaemter.com\/zh\/\u5f00\u9664\/","og_site_name":"auslaenderaemter.com","og_image":[{"width":500,"height":500,"url":"https:\/\/auslaenderaemter.com\/wp-content\/uploads\/2021\/01\/Vollmond-info-13.png","type":"image\/png"}],"twitter_card":"summary_large_image","twitter_misc":{"\u9884\u8ba1\u9605\u8bfb\u65f6\u95f4":"2 \u5206"},"schema":{"@context":"https:\/\/schema.org","@graph":[{"@type":"WebPage","@id":"https:\/\/auslaenderaemter.com\/ausweisung\/","url":"https:\/\/auslaenderaemter.com\/ausweisung\/","name":"\u9a71\u9010 - \u5fb7\u56fd\u79fb\u6c11\u6cd5\u4e2d\u7684\u539f\u56e0\u548c\u540e\u679c","isPartOf":{"@id":"https:\/\/auslaenderaemter.com\/#website"},"primaryImageOfPage":{"@id":"https:\/\/auslaenderaemter.com\/ausweisung\/#primaryimage"},"image":{"@id":"https:\/\/auslaenderaemter.com\/ausweisung\/#primaryimage"},"thumbnailUrl":"https:\/\/auslaenderaemter.com\/wp-content\/uploads\/2021\/01\/Vollmond-info-13.png","datePublished":"2023-06-12T14:46:54+00:00","description":"\u4e86\u89e3\u5fb7\u56fd\u79fb\u6c11\u6cd5\u4e2d\u7684\u9a71\u9010\uff1a\u5176\u5b9a\u4e49\u3001\u539f\u56e0\u4ee5\u53ca\u7531\u6b64\u4ea7\u751f\u7684\u540e\u679c\u3002","breadcrumb":{"@id":"https:\/\/auslaenderaemter.com\/ausweisung\/#breadcrumb"},"inLanguage":"zh-Hans","potentialAction":[{"@type":"ReadAction","target":["https:\/\/auslaenderaemter.com\/ausweisung\/"]}]},{"@type":"ImageObject","inLanguage":"zh-Hans","@id":"https:\/\/auslaenderaemter.com\/ausweisung\/#primaryimage","url":"https:\/\/auslaenderaemter.com\/wp-content\/uploads\/2021\/01\/Vollmond-info-13.png","contentUrl":"https:\/\/auslaenderaemter.com\/wp-content\/uploads\/2021\/01\/Vollmond-info-13.png","width":500,"height":500,"caption":"Abschiebung"},{"@type":"BreadcrumbList","@id":"https:\/\/auslaenderaemter.com\/ausweisung\/#breadcrumb","itemListElement":[{"@type":"ListItem","position":1,"name":"Startseite","item":"https:\/\/auslaenderaemter.com\/"},{"@type":"ListItem","position":2,"name":"Ausweisung"}]},{"@type":"WebSite","@id":"https:\/\/auslaenderaemter.com\/#website","url":"https:\/\/auslaenderaemter.com\/","name":"auslaenderaemter.com","description":"","publisher":{"@id":"https:\/\/auslaenderaemter.com\/#organization"},"potentialAction":[{"@type":"SearchAction","target":{"@type":"EntryPoint","urlTemplate":"https:\/\/auslaenderaemter.com\/?s={search_term_string}"},"query-input":{"@type":"PropertyValueSpecification","valueRequired":true,"valueName":"search_term_string"}}],"inLanguage":"zh-Hans"},{"@type":"Organization","@id":"https:\/\/auslaenderaemter.com\/#organization","name":"auslaenderaemter.com","url":"https:\/\/auslaenderaemter.com\/","logo":{"@type":"ImageObject","inLanguage":"zh-Hans","@id":"https:\/\/auslaenderaemter.com\/#\/schema\/logo\/image\/","url":"https:\/\/auslaenderaemter.com\/wp-content\/uploads\/2021\/01\/cropped-Vollmond-info-13.png","contentUrl":"https:\/\/auslaenderaemter.com\/wp-content\/uploads\/2021\/01\/cropped-Vollmond-info-13.png","width":500,"height":117,"caption":"auslaenderaemter.com"},"image":{"@id":"https:\/\/auslaenderaemter.com\/#\/schema\/logo\/image\/"}}]}},"_links":{"self":[{"href":"https:\/\/auslaenderaemter.com\/zh\/wp-json\/wp\/v2\/pages\/4048","targetHints":{"allow":["GET"]}}],"collection":[{"href":"https:\/\/auslaenderaemter.com\/zh\/wp-json\/wp\/v2\/pages"}],"about":[{"href":"https:\/\/auslaenderaemter.com\/zh\/wp-json\/wp\/v2\/types\/page"}],"author":[{"embeddable":true,"href":"https:\/\/auslaenderaemter.com\/zh\/wp-json\/wp\/v2\/users\/1"}],"replies":[{"embeddable":true,"href":"https:\/\/auslaenderaemter.com\/zh\/wp-json\/wp\/v2\/comments?post=4048"}],"version-history":[{"count":0,"href":"https:\/\/auslaenderaemter.com\/zh\/wp-json\/wp\/v2\/pages\/4048\/revisions"}],"wp:featuredmedia":[{"embeddable":true,"href":"https:\/\/auslaenderaemter.com\/zh\/wp-json\/wp\/v2\/media\/9"}],"wp:attachment":[{"href":"https:\/\/auslaenderaemter.com\/zh\/wp-json\/wp\/v2\/media?parent=4048"}],"curies":[{"name":"wp","href":"https:\/\/api.w.org\/{rel}","templated":true}]}}