{"id":58,"date":"2021-01-26T14:39:06","date_gmt":"2021-01-26T13:39:06","guid":{"rendered":"https:\/\/auslaenderaemter.com\/?page_id=58"},"modified":"2022-07-04T18:44:18","modified_gmt":"2022-07-04T16:44:18","slug":"auslaenderaemter-in-niedersachsen","status":"publish","type":"page","link":"https:\/\/auslaenderaemter.com\/zh\/%e4%b8%8b%e8%90%a8%e5%85%8b%e6%a3%ae%e5%b7%9e%e7%a7%bb%e6%b0%91%e5%b1%80\/","title":{"rendered":"\u4e0b\u8428\u514b\u68ee\u5dde\u79fb\u6c11\u5c40"},"content":{"rendered":"<p><strong>\u5728\u8fd9\u91cc\uff0c\u60a8\u53ef\u4ee5\u627e\u5230\u4e0b\u8428\u514b\u68ee\u5dde\u79fb\u6c11\u529e\u516c\u5ba4\/\u79fb\u6c11\u5f53\u5c40\u7684\u8054\u7cfb\u4fe1\u606f\u3001\u5730\u5740\u548c\u8425\u4e1a\u65f6\u95f4\u3002<\/strong><\/p>\n<h2><span id=\"Uebersicht_aller_Jobcenter_in_Baden-Wuerttemberg\" class=\"ez-toc-section\">\u4e0b\u8428\u514b\u68ee\u5dde\u6240\u6709\u79fb\u6c11\u529e\u516c\u5ba4\/\u79fb\u6c11\u5f53\u5c40\u6982\u89c8<\/span><\/h2>\n<ul>\n<li><a href=\"https:\/\/auslaenderaemter.com\/zh\/\u79fb\u6c11\u5c40-aurich\/\">\u5965\u91cc\u5e0c<\/a><\/li>\n<li><a href=\"https:\/\/auslaenderaemter.com\/zh\/\u79fb\u6c11\u5c40-bad-fallingborstel\/\">\u5df4\u7279\u6cd5\u7075\u535a\u65af\u7279\u5c14<\/a><\/li>\n<li><a href=\"https:\/\/auslaenderaemter.com\/zh\/\u79fb\u6c11\u5c40\u5239\u8f66\/\">\u5236\u52a8<\/a><\/li>\n<li><a href=\"https:\/\/auslaenderaemter.com\/zh\/\u79fb\u6c11\u5c40-\u5e03\u62c9\u59c6\u820d\/\">\u5e03\u62c9\u59c6\u820d<\/a><\/li>\n<li><a href=\"https:\/\/auslaenderaemter.com\/zh\/\u79fb\u6c11\u5c40-\u4e0d\u4f26\u745e\u514b\/\">\u4e0d\u4f26\u745e\u514b<\/a><\/li>\n<li><a href=\"https:\/\/auslaenderaemter.com\/zh\/\u79fb\u6c11\u5c40-celle\/\">\u7b56\u52d2<\/a><\/li>\n<li><a href=\"https:\/\/auslaenderaemter.com\/zh\/\u79fb\u6c11\u5c40-\u514b\u6d1b\u5f6d\u5821\/\">\u514b\u6d1b\u5f6d\u5821<\/a><\/li>\n<li><a href=\"https:\/\/auslaenderaemter.com\/zh\/\u79fb\u6c11\u5c40-\u5e93\u514b\u65af\u6e2f\/\">\u5e93\u514b\u65af\u6e2f<\/a><\/li>\n<li><a href=\"https:\/\/auslaenderaemter.com\/zh\/\u79fb\u6c11\u5c40-\u5fb7\u5c14\u95e8\u970d\u65af\u7279\/\">\u5fb7\u5c14\u95e8\u970d\u65af\u7279<\/a><\/li>\n<li><a href=\"https:\/\/auslaenderaemter.com\/zh\/\u79fb\u6c11\u5c40-diepholz\/\">\u8fea\u798f\u5c14\u8328<\/a><\/li>\n<li><a href=\"https:\/\/auslaenderaemter.com\/zh\/\u79fb\u6c11\u5c40-\u57c3\u59c6\u767b\/\">\u57c3\u59c6\u767b<\/a><\/li>\n<li><a href=\"https:\/\/auslaenderaemter.com\/zh\/\u79fb\u6c11\u5c40-gifhorn\/\">\u5409\u5f17\u970d\u6069<\/a><\/li>\n<li><a href=\"https:\/\/auslaenderaemter.com\/zh\/\u79fb\u6c11\u5c40-\u6208\u65af\u62c9\u5c14\/\">\u6208\u65af\u62c9\u5c14<\/a><\/li>\n<li><a href=\"https:\/\/auslaenderaemter.com\/zh\/\u79fb\u6c11\u529e\u516c\u5ba4-\u54e5\u5ef7\u6839\/\">\u54e5\u5ef7\u6839<\/a><\/li>\n<li><a href=\"https:\/\/auslaenderaemter.com\/zh\/\u79fb\u6c11\u5c40-\u54c8\u9ed8\u5c14\u6069\/\">\u54c8\u6885\u6797<\/a><\/li>\n<li><a href=\"https:\/\/auslaenderaemter.com\/zh\/\u79fb\u6c11\u5c40-\u6c49\u8bfa\u5a01\/\">\u6c49\u8bfa\u5a01<\/a><\/li>\n<li><a href=\"https:\/\/auslaenderaemter.com\/zh\/\u79fb\u6c11\u5c40-helmstedt\/\">\u8d6b\u5c14\u59c6\u65bd\u6cf0\u7279<\/a><\/li>\n<li><a href=\"https:\/\/auslaenderaemter.com\/zh\/\u79fb\u6c11\u5c40-\u5e0c\u5c14\u5fb7\u65af\u6d77\u59c6\/\">\u5e0c\u5c14\u5fb7\u65af\u6d77\u59c6<\/a><\/li>\n<li><a href=\"https:\/\/auslaenderaemter.com\/zh\/\u79fb\u6c11\u5c40-\u970d\u5c14\u8328\u660e\u767b\/\">\u970d\u5c14\u8328\u660e\u767b<\/a><\/li>\n<li><a href=\"https:\/\/auslaenderaemter.com\/zh\/\u79fb\u6c11\u5c40-jever\/\">\u66fe\u7ecf<\/a><\/li>\n<li><a href=\"https:\/\/auslaenderaemter.com\/zh\/\u79fb\u6c11\u5c40-\u6717\u6839\u54c8\u6839\/\">\u6717\u6839\u54c8\u6839<\/a><\/li>\n<li><a href=\"https:\/\/auslaenderaemter.com\/zh\/\u79fb\u6c11\u5c40-\u7a7a\/\">\u7a7a\u7684<\/a><\/li>\n<li><a href=\"https:\/\/auslaenderaemter.com\/zh\/\u79fb\u6c11\u5c40-\u6797\u6839\/\">\u6797\u6839<\/a><\/li>\n<li><a href=\"https:\/\/auslaenderaemter.com\/zh\/\u79fb\u6c11\u5c40-\u5415\u5dde\/\">\u7eff\u6d32<\/a><\/li>\n<li><a href=\"https:\/\/auslaenderaemter.com\/zh\/\u79fb\u6c11\u5c40-\u5415\u8bb7\u5821\/\">\u5415\u8bb7\u5821<\/a><\/li>\n<li><a href=\"https:\/\/auslaenderaemter.com\/zh\/\u79fb\u6c11\u5c40-meppen\/\">\u6885\u5f6d<\/a><\/li>\n<li><a href=\"https:\/\/auslaenderaemter.com\/zh\/\u79fb\u6c11\u5c40-\u5b81\u5821\/\">\u5b81\u5821<\/a><\/li>\n<li><a href=\"https:\/\/auslaenderaemter.com\/zh\/\u79fb\u6c11\u5c40-nordhorn\/\">\u5317\u89d2<\/a><\/li>\n<li><a href=\"https:\/\/auslaenderaemter.com\/zh\/\u79fb\u6c11\u5c40-northeim\/\">\u8bfa\u65af\u6d77\u59c6<\/a><\/li>\n<li><a href=\"https:\/\/auslaenderaemter.com\/zh\/\u79fb\u6c11\u5c40-\u5965\u5c14\u767b\u5821\/\">\u5965\u5c14\u767b\u5821<\/a><\/li>\n<li><a href=\"https:\/\/auslaenderaemter.com\/zh\/\u79fb\u6c11\u5c40-\u5965\u65af\u7eb3\u5e03\u5415\u514b\/\">\u5965\u65af\u7eb3\u5e03\u5415\u514b<\/a><\/li>\n<li><a href=\"https:\/\/auslaenderaemter.com\/zh\/\u79fb\u6c11\u5c40-osterholz-scharmbeck\/\">\u5965\u65af\u7279\u970d\u5c14\u8328-\u6c99\u59c6\u8d1d\u514b<\/a><\/li>\n<li><a href=\"https:\/\/auslaenderaemter.com\/zh\/\u5965\u65af\u7279\u7f57\u5fb7\u963f\u59c6\u54c8\u8328\u79fb\u6c11\u5c40\/\">\u5965\u65af\u7279\u7f57\u5fb7\u963f\u59c6\u54c8\u8328<\/a><\/li>\n<li><a href=\"https:\/\/auslaenderaemter.com\/zh\/\u79fb\u6c11\u5c40-peine\/\">\u75bc\u75db<\/a><\/li>\n<li><a href=\"https:\/\/auslaenderaemter.com\/zh\/\u79fb\u6c11\u5c40-\u62c9\u8328\u5821\/\">\u62c9\u7b56\u5821<\/a><\/li>\n<li><a href=\"https:\/\/auslaenderaemter.com\/zh\/\u79fb\u6c11\u5c40-\u7f57\u6ed5\u5821\/\">\u7f57\u817e\u5821<\/a><\/li>\n<li><a href=\"https:\/\/auslaenderaemter.com\/zh\/\u79fb\u6c11\u5c40-\u8428\u5c14\u8328\u5409\u7279\/\">\u8428\u5c14\u8328\u5409\u7279<\/a><\/li>\n<li><a href=\"https:\/\/auslaenderaemter.com\/zh\/\u79fb\u6c11\u529e\u516c\u5ba4\/\">\u57ce\u5e02<\/a><\/li>\n<li><a href=\"https:\/\/auslaenderaemter.com\/zh\/\u79fb\u6c11\u5c40-stadthagen\/\">\u65af\u5854\u8fbe\u6839<\/a><\/li>\n<li><a href=\"https:\/\/auslaenderaemter.com\/zh\/\u79fb\u6c11\u5c40-\u8d5b\u514b\/\">\u8d5b\u514b<\/a><\/li>\n<li><a href=\"https:\/\/auslaenderaemter.com\/zh\/\u79fb\u6c11\u5c40-uelzen\/\">\u4e8e\u5c14\u5c91<\/a><\/li>\n<li><a href=\"https:\/\/auslaenderaemter.com\/zh\/\u79fb\u6c11\u5c40-vechta\/\">\u97e6\u8d6b\u5854<\/a><\/li>\n<li><a href=\"https:\/\/auslaenderaemter.com\/zh\/\u79fb\u6c11\u5c40-\u5f17\u767b\/\">\u7eff\u5730<\/a><\/li>\n<li><a href=\"https:\/\/auslaenderaemter.com\/zh\/\u97e6\u65af\u7279\u65bd\u6cf0\u5fb7\u79fb\u6c11\u5c40\/\">\u97e6\u65af\u7279\u65af\u7279\u5fb7<\/a><\/li>\n<li><a href=\"https:\/\/auslaenderaemter.com\/zh\/\u79fb\u6c11\u5c40-\u7ef4\u5c14\u5fb7\u65af\u8c6a\u68ee\/\">\u7ef4\u5c14\u5fb7\u65af\u8c6a\u68ee<\/a><\/li>\n<li><a href=\"https:\/\/auslaenderaemter.com\/zh\/\u79fb\u6c11\u5c40-\u5a01\u5ec9\u6e2f\/\">\u5a01\u5ec9\u6e2f<\/a><\/li>\n<li><a href=\"https:\/\/auslaenderaemter.com\/zh\/\u79fb\u6c11\u5c40-winsen\/\">\u62b1\u6028<\/a><\/li>\n<li><a href=\"https:\/\/auslaenderaemter.com\/zh\/\u79fb\u6c11\u5c40-\u5a01\u7279\u8499\u5fb7\/\">\u7ef4\u7279\u8499\u5fb7<\/a><\/li>\n<li><a href=\"https:\/\/auslaenderaemter.com\/zh\/\u79fb\u6c11\u5c40-wolfenbuettel\/\">\u6c83\u5c14\u82ac\u6bd4\u7279\u5c14<\/a><\/li>\n<li><a href=\"https:\/\/auslaenderaemter.com\/zh\/\u79fb\u6c11\u5c40-\u6c83\u5c14\u592b\u65af\u5821\/\">\u6c83\u5c14\u592b\u65af\u5821<\/a><\/li>\n<\/ul>\n<h3>\u79fb\u6c11\u5f53\u5c40\u7684\u4efb\u52a1<\/h3>\n<p>\u79fb\u6c11\u5f53\u5c40\u8d1f\u8d23\u4e0e\u5c45\u4f4f\u548c\u62a4\u7167\u6cd5\u6709\u5173\u7684\u63aa\u65bd\u3002\u4ed6\u4eec\u6839\u636e\u300a\u5c45\u4f4f\u6cd5\u300b\u548c\u5176\u4ed6\u79fb\u6c11\u6cd5\u7684\u89c4\u5b9a\u505a\u51fa\u51b3\u5b9a\u3002<\/p>\n<p><strong>\u5176\u4ed6\u4efb\u52a1\u548c\u670d\u52a1\u5305\u62ec\uff1a<\/strong><\/p>\n<ul>\n<li>\u7535\u5b50\u5c45\u7559\u8bc1 (eAT)<\/li>\n<li>\u96be\u6c11\u63f4\u52a9\u8054\u7edc\u4eba<\/li>\n<li>\u5de5\u4f5c\u51c6\u8bc1<\/li>\n<li>\u5165\u53e3\u00a0<span class=\"highlight\">\u548c<\/span>\u00a0\u5fb7\u56fd\u4f4f\u5bbf<\/li>\n<li>\u5e87\u62a4<\/li>\n<li>\u4e00\u4f53\u5316<\/li>\n<li>\u627f\u8bfa\u5ba3\u8a00<\/li>\n<\/ul>\n<h3>\u5728\u79fb\u6c11\u5c40\u9884\u7ea6<\/h3>\n<p>\u5728\u5927\u591a\u6570\u60c5\u51b5\u4e0b\uff0c\u60a8\u53ef\u4ee5\u901a\u8fc7\u7535\u8bdd\u3001\u4f7f\u7528\u8054\u7cfb\u8868\u6216\u901a\u8fc7\u76f8\u5e94\u57ce\u5e02\u7684\u670d\u52a1\u95e8\u6237\u8fdb\u884c\u9884\u7ea6\u3002\u5728\u60a8\u8bbf\u95ee\u79fb\u6c11\u529e\u516c\u5ba4\u4e4b\u524d\uff0c\u8bf7\u786e\u4fdd\u60a8\u62e5\u6709\u6240\u6709\u5fc5\u8981\u7684\u6587\u4ef6\u3002<\/p>\n<div class=\"su-note\"  style=\"border-color:#dadbdd;border-radius:2px;-moz-border-radius:2px;-webkit-border-radius:2px;\"><div class=\"su-note-inner su-u-clearfix su-u-trim\" style=\"background-color:#f4f5f7;border-color:#ffffff;color:#333333;border-radius:2px;-moz-border-radius:2px;-webkit-border-radius:2px;\"><strong>\u4e00\u4e2a\u901a\u77e5\uff1a<\/strong> \u5bf9\u4e8e\u529e\u516c\u5ba4\u3001\u5f53\u5c40\u6216\u6cd5\u9662\uff0c\u60a8\u901a\u5e38\u9700\u8981\u6587\u4ef6\u3001\u8bc1\u4e66\u6216\u8bc1\u4e66\u4f5c\u4e3a <a href=\"https:\/\/auslaenderaemter.com\/zh\/\u5b98\u65b9\u6587\u4ef6\u8ba4\u8bc1\u7ffb\u8bd1\/\">\u8ba4\u8bc1\u7ffb\u8bd1<\/a>.<\/div><\/div>\n<ul>\n<li>\u5e26\u4e00\u4e2a\u00a0<a href=\"https:\/\/auslaenderaemter.com\/zh\/\u627f\u8bfa\u5ba3\u8a00\/\" data-wpel-link=\"internal\">\u627f\u8bfa\u5ba3\u8a00<\/a>\u00a0\u60a8\u53ef\u4ee5\u5141\u8bb8\u6765\u81ea\u56fd\u5916\u7684\u6e38\u5ba2\u8fdb\u5165\u5fb7\u56fd\u3002<\/li>\n<li><strong>\u60a8\u671f\u5f85\u6765\u81ea\u56fd\u5916\u7684\u8bbf\u5ba2\u5417\uff1f<\/strong>\u00a0\u5e26\u4e00\u4e2a\u00a0<a href=\"https:\/\/tidd.ly\/3u98xUL\" target=\"_blank\" rel=\"nofollow noopener external noreferrer\" data-wpel-link=\"external\">\u5916\u5bbe\u65c5\u6e38\u5065\u5eb7\u4fdd\u9669<\/a>* \u60a8\u5728\u5fb7\u56fd\u548c\u6b27\u6d32\u53d7\u5230\u5168\u9762\u4fdd\u62a4\u3002<\/li>\n<\/ul>\n<h3>\u66f4\u8fdc <span class=\"ez-toc-section\">\u79fb\u6c11\u5f53\u5c40 <\/span>\u94fe\u63a5\u548c\u6765\u6e90<\/h3>\n<ul>\n<li><a href=\"https:\/\/auslaenderaemter.com\/zh\/\">\u5fb7\u56fd\u79fb\u6c11\u5c40<\/a><\/li>\n<li><a href=\"https:\/\/www.bamf.de\/DE\/Startseite\/startseite_node.html\" target=\"_blank\" rel=\"noopener nofollow external noreferrer\" data-wpel-link=\"external\">\u8054\u90a6\u79fb\u6c11\u548c\u96be\u6c11\u529e\u516c\u5ba4<\/a>\u00a0(BAMF)<\/li>\n<\/ul>","protected":false},"excerpt":{"rendered":"<p>\u5728\u8fd9\u91cc\u60a8\u53ef\u4ee5\u627e\u5230\u4e0b\u8428\u514b\u68ee\u5dde\u79fb\u6c11\u529e\u516c\u5ba4\/\u79fb\u6c11\u5f53\u5c40\u7684\u8054\u7cfb\u4fe1\u606f\u3001\u5730\u5740\u548c\u5f00\u653e\u65f6\u95f4\u3002\u4e0b\u8428\u514b\u68ee\u5dde\u6240\u6709\u79fb\u6c11\u529e\u4e8b\u5904\/\u79fb\u6c11\u5c40\u6982\u89c8 \u5965\u91cc\u5e0c \u5df4\u5fb7\u6cd5\u6797\u535a\u65af\u7279 \u5e03\u62c9\u514b \u4e0d\u4f26\u745e\u514b \u585e\u52d2 \u514b\u6d1b\u5f6d\u5821 \u5e93\u514b\u65af\u6e2f \u5fb7\u5c14\u95e8\u970d\u65af\u7279 \u8fea\u666e\u970d\u5c14\u8328 \u57c3\u59c6\u767b \u5409\u592b\u970d\u6069 \u6208\u65af\u62c9\u5c14 \u54e5\u5ef7\u6839 \u6c49\u8bfa\u5a01 \u8d6b\u5c14\u59c6\u65bd\u6cf0\u7279 \u5e0c\u5c14\u5fb7\u65af\u6d77\u59c6 \u970d\u5c14\u8328\u660e\u767b \u8036\u7ef4\u5c14 \u6717\u6839\u54c8\u6839 \u5229\u5c14 \u6797\u6839 \u5415\u7ecd \u5415\u8bb7\u5821 \u6885\u5f6d \u5b81\u5821 \u8bfa\u7279\u970d\u6069 \u5965\u5c14\u767b\u5821 \u5965\u65af\u7eb3\u5e03\u5415\u514b \u5965\u65af\u7279\u970d\u5c14\u8328-\u6c99\u59c6\u8d1d\u514b\u5965\u65af\u7279\u7f57\u5fb7\u2026&nbsp;<a href=\"https:\/\/auslaenderaemter.com\/zh\/%e4%b8%8b%e8%90%a8%e5%85%8b%e6%a3%ae%e5%b7%9e%e7%a7%bb%e6%b0%91%e5%b1%80\/\" rel=\"bookmark\">\u9605\u8bfb\u66f4\u591a \u201d<span class=\"screen-reader-text\">\u4e0b\u8428\u514b\u68ee\u5dde\u79fb\u6c11\u5c40<\/span><\/a><\/p>","protected":false},"author":1,"featured_media":37,"parent":0,"menu_order":0,"comment_status":"closed","ping_status":"closed","template":"","meta":{"neve_meta_sidebar":"full-width","neve_meta_container":"","neve_meta_enable_content_width":"on","neve_meta_content_width":100,"neve_meta_title_alignment":"","neve_meta_author_avatar":"","neve_post_elements_order":"","neve_meta_disable_header":"","neve_meta_disable_footer":"","neve_meta_disable_title":"","neve_meta_reading_time":"","footnotes":""},"class_list":["post-58","page","type-page","status-publish","has-post-thumbnail","hentry"],"yoast_head":"<!-- This site is optimized with the Yoast SEO plugin v27.3 - https:\/\/yoast.com\/product\/yoast-seo-wordpress\/ -->\n<title>Ausl\u00e4nder\u00e4mter in Niedersachsen | Adresse, Anschrift und Kontakt<\/title>\n<meta name=\"description\" content=\"Ausl\u00e4nder\u00e4mter in Niedersachsen | Adresse und Anschrift \u2713 Telefonnummer, Kontakt und \u00d6ffnungszeiten \u2713 Ausl\u00e4nderbeh\u00f6rden in Deutschland\" \/>\n<meta name=\"robots\" content=\"index, follow, max-snippet:-1, max-image-preview:large, max-video-preview:-1\" \/>\n<link rel=\"canonical\" href=\"https:\/\/auslaenderaemter.com\/zh\/\u4e0b\u8428\u514b\u68ee\u5dde\u79fb\u6c11\u5c40\/\" \/>\n<meta property=\"og:locale\" content=\"zh_CN\" \/>\n<meta property=\"og:type\" content=\"article\" \/>\n<meta property=\"og:title\" content=\"Ausl\u00e4nder\u00e4mter in Niedersachsen | Adresse, Anschrift und Kontakt\" \/>\n<meta property=\"og:description\" content=\"Ausl\u00e4nder\u00e4mter in Niedersachsen | Adresse und Anschrift \u2713 Telefonnummer, Kontakt und \u00d6ffnungszeiten \u2713 Ausl\u00e4nderbeh\u00f6rden in Deutschland\" \/>\n<meta property=\"og:url\" content=\"https:\/\/auslaenderaemter.com\/zh\/\u4e0b\u8428\u514b\u68ee\u5dde\u79fb\u6c11\u5c40\/\" \/>\n<meta property=\"og:site_name\" content=\"auslaenderaemter.com\" \/>\n<meta property=\"article:modified_time\" content=\"2022-07-04T16:44:18+00:00\" \/>\n<meta property=\"og:image\" content=\"https:\/\/auslaenderaemter.com\/wp-content\/uploads\/2021\/01\/city-263069_640.jpg\" \/>\n\t<meta property=\"og:image:width\" content=\"640\" \/>\n\t<meta property=\"og:image:height\" content=\"480\" \/>\n\t<meta property=\"og:image:type\" content=\"image\/jpeg\" \/>\n<meta name=\"twitter:card\" content=\"summary_large_image\" \/>\n<meta name=\"twitter:label1\" content=\"\u9884\u8ba1\u9605\u8bfb\u65f6\u95f4\" \/>\n\t<meta name=\"twitter:data1\" content=\"1 \u5206\" \/>\n<script type=\"application\/ld+json\" class=\"yoast-schema-graph\">{\"@context\":\"https:\\\/\\\/schema.org\",\"@graph\":[{\"@type\":\"WebPage\",\"@id\":\"https:\\\/\\\/auslaenderaemter.com\\\/auslaenderaemter-in-niedersachsen\\\/\",\"url\":\"https:\\\/\\\/auslaenderaemter.com\\\/auslaenderaemter-in-niedersachsen\\\/\",\"name\":\"Ausl\u00e4nder\u00e4mter in Niedersachsen | Adresse, Anschrift und Kontakt\",\"isPartOf\":{\"@id\":\"https:\\\/\\\/auslaenderaemter.com\\\/#website\"},\"primaryImageOfPage\":{\"@id\":\"https:\\\/\\\/auslaenderaemter.com\\\/auslaenderaemter-in-niedersachsen\\\/#primaryimage\"},\"image\":{\"@id\":\"https:\\\/\\\/auslaenderaemter.com\\\/auslaenderaemter-in-niedersachsen\\\/#primaryimage\"},\"thumbnailUrl\":\"https:\\\/\\\/auslaenderaemter.com\\\/wp-content\\\/uploads\\\/2021\\\/01\\\/city-263069_640.jpg\",\"datePublished\":\"2021-01-26T13:39:06+00:00\",\"dateModified\":\"2022-07-04T16:44:18+00:00\",\"description\":\"Ausl\u00e4nder\u00e4mter in Niedersachsen | Adresse und Anschrift \u2713 Telefonnummer, Kontakt und \u00d6ffnungszeiten \u2713 Ausl\u00e4nderbeh\u00f6rden in Deutschland\",\"breadcrumb\":{\"@id\":\"https:\\\/\\\/auslaenderaemter.com\\\/auslaenderaemter-in-niedersachsen\\\/#breadcrumb\"},\"inLanguage\":\"zh-Hans\",\"potentialAction\":[{\"@type\":\"ReadAction\",\"target\":[\"https:\\\/\\\/auslaenderaemter.com\\\/auslaenderaemter-in-niedersachsen\\\/\"]}]},{\"@type\":\"ImageObject\",\"inLanguage\":\"zh-Hans\",\"@id\":\"https:\\\/\\\/auslaenderaemter.com\\\/auslaenderaemter-in-niedersachsen\\\/#primaryimage\",\"url\":\"https:\\\/\\\/auslaenderaemter.com\\\/wp-content\\\/uploads\\\/2021\\\/01\\\/city-263069_640.jpg\",\"contentUrl\":\"https:\\\/\\\/auslaenderaemter.com\\\/wp-content\\\/uploads\\\/2021\\\/01\\\/city-263069_640.jpg\",\"width\":640,\"height\":480,\"caption\":\"Ausl\u00e4nder\u00e4mter in Deutschland\"},{\"@type\":\"BreadcrumbList\",\"@id\":\"https:\\\/\\\/auslaenderaemter.com\\\/auslaenderaemter-in-niedersachsen\\\/#breadcrumb\",\"itemListElement\":[{\"@type\":\"ListItem\",\"position\":1,\"name\":\"Startseite\",\"item\":\"https:\\\/\\\/auslaenderaemter.com\\\/\"},{\"@type\":\"ListItem\",\"position\":2,\"name\":\"Ausl\u00e4nder\u00e4mter in Niedersachsen\"}]},{\"@type\":\"WebSite\",\"@id\":\"https:\\\/\\\/auslaenderaemter.com\\\/#website\",\"url\":\"https:\\\/\\\/auslaenderaemter.com\\\/\",\"name\":\"auslaenderaemter.com\",\"description\":\"\",\"publisher\":{\"@id\":\"https:\\\/\\\/auslaenderaemter.com\\\/#organization\"},\"potentialAction\":[{\"@type\":\"SearchAction\",\"target\":{\"@type\":\"EntryPoint\",\"urlTemplate\":\"https:\\\/\\\/auslaenderaemter.com\\\/?s={search_term_string}\"},\"query-input\":{\"@type\":\"PropertyValueSpecification\",\"valueRequired\":true,\"valueName\":\"search_term_string\"}}],\"inLanguage\":\"zh-Hans\"},{\"@type\":\"Organization\",\"@id\":\"https:\\\/\\\/auslaenderaemter.com\\\/#organization\",\"name\":\"auslaenderaemter.com\",\"url\":\"https:\\\/\\\/auslaenderaemter.com\\\/\",\"logo\":{\"@type\":\"ImageObject\",\"inLanguage\":\"zh-Hans\",\"@id\":\"https:\\\/\\\/auslaenderaemter.com\\\/#\\\/schema\\\/logo\\\/image\\\/\",\"url\":\"https:\\\/\\\/auslaenderaemter.com\\\/wp-content\\\/uploads\\\/2021\\\/01\\\/cropped-Vollmond-info-13.png\",\"contentUrl\":\"https:\\\/\\\/auslaenderaemter.com\\\/wp-content\\\/uploads\\\/2021\\\/01\\\/cropped-Vollmond-info-13.png\",\"width\":500,\"height\":117,\"caption\":\"auslaenderaemter.com\"},\"image\":{\"@id\":\"https:\\\/\\\/auslaenderaemter.com\\\/#\\\/schema\\\/logo\\\/image\\\/\"}}]}<\/script>\n<!-- \/ Yoast SEO plugin. -->","yoast_head_json":{"title":"\u4e0b\u8428\u514b\u68ee\u5dde\u79fb\u6c11\u529e\u516c\u5ba4|\u5730\u5740\u3001\u5730\u5740\u548c\u8054\u7cfb\u65b9\u5f0f","description":"\u4e0b\u8428\u514b\u68ee\u5dde\u79fb\u6c11\u529e\u516c\u5ba4|\u5730\u5740\u548c\u5730\u5740 \u2713 \u7535\u8bdd\u53f7\u7801\u3001\u8054\u7cfb\u65b9\u5f0f\u548c\u5f00\u653e\u65f6\u95f4 \u2713 \u5fb7\u56fd\u79fb\u6c11\u5c40","robots":{"index":"index","follow":"follow","max-snippet":"max-snippet:-1","max-image-preview":"max-image-preview:large","max-video-preview":"max-video-preview:-1"},"canonical":"https:\/\/auslaenderaemter.com\/zh\/\u4e0b\u8428\u514b\u68ee\u5dde\u79fb\u6c11\u5c40\/","og_locale":"zh_CN","og_type":"article","og_title":"Ausl\u00e4nder\u00e4mter in Niedersachsen | Adresse, Anschrift und Kontakt","og_description":"Ausl\u00e4nder\u00e4mter in Niedersachsen | Adresse und Anschrift \u2713 Telefonnummer, Kontakt und \u00d6ffnungszeiten \u2713 Ausl\u00e4nderbeh\u00f6rden in Deutschland","og_url":"https:\/\/auslaenderaemter.com\/zh\/\u4e0b\u8428\u514b\u68ee\u5dde\u79fb\u6c11\u5c40\/","og_site_name":"auslaenderaemter.com","article_modified_time":"2022-07-04T16:44:18+00:00","og_image":[{"width":640,"height":480,"url":"https:\/\/auslaenderaemter.com\/wp-content\/uploads\/2021\/01\/city-263069_640.jpg","type":"image\/jpeg"}],"twitter_card":"summary_large_image","twitter_misc":{"\u9884\u8ba1\u9605\u8bfb\u65f6\u95f4":"1 \u5206"},"schema":{"@context":"https:\/\/schema.org","@graph":[{"@type":"WebPage","@id":"https:\/\/auslaenderaemter.com\/auslaenderaemter-in-niedersachsen\/","url":"https:\/\/auslaenderaemter.com\/auslaenderaemter-in-niedersachsen\/","name":"\u4e0b\u8428\u514b\u68ee\u5dde\u79fb\u6c11\u529e\u516c\u5ba4|\u5730\u5740\u3001\u5730\u5740\u548c\u8054\u7cfb\u65b9\u5f0f","isPartOf":{"@id":"https:\/\/auslaenderaemter.com\/#website"},"primaryImageOfPage":{"@id":"https:\/\/auslaenderaemter.com\/auslaenderaemter-in-niedersachsen\/#primaryimage"},"image":{"@id":"https:\/\/auslaenderaemter.com\/auslaenderaemter-in-niedersachsen\/#primaryimage"},"thumbnailUrl":"https:\/\/auslaenderaemter.com\/wp-content\/uploads\/2021\/01\/city-263069_640.jpg","datePublished":"2021-01-26T13:39:06+00:00","dateModified":"2022-07-04T16:44:18+00:00","description":"\u4e0b\u8428\u514b\u68ee\u5dde\u79fb\u6c11\u529e\u516c\u5ba4|\u5730\u5740\u548c\u5730\u5740 \u2713 \u7535\u8bdd\u53f7\u7801\u3001\u8054\u7cfb\u65b9\u5f0f\u548c\u5f00\u653e\u65f6\u95f4 \u2713 \u5fb7\u56fd\u79fb\u6c11\u5c40","breadcrumb":{"@id":"https:\/\/auslaenderaemter.com\/auslaenderaemter-in-niedersachsen\/#breadcrumb"},"inLanguage":"zh-Hans","potentialAction":[{"@type":"ReadAction","target":["https:\/\/auslaenderaemter.com\/auslaenderaemter-in-niedersachsen\/"]}]},{"@type":"ImageObject","inLanguage":"zh-Hans","@id":"https:\/\/auslaenderaemter.com\/auslaenderaemter-in-niedersachsen\/#primaryimage","url":"https:\/\/auslaenderaemter.com\/wp-content\/uploads\/2021\/01\/city-263069_640.jpg","contentUrl":"https:\/\/auslaenderaemter.com\/wp-content\/uploads\/2021\/01\/city-263069_640.jpg","width":640,"height":480,"caption":"Ausl\u00e4nder\u00e4mter in Deutschland"},{"@type":"BreadcrumbList","@id":"https:\/\/auslaenderaemter.com\/auslaenderaemter-in-niedersachsen\/#breadcrumb","itemListElement":[{"@type":"ListItem","position":1,"name":"Startseite","item":"https:\/\/auslaenderaemter.com\/"},{"@type":"ListItem","position":2,"name":"Ausl\u00e4nder\u00e4mter in Niedersachsen"}]},{"@type":"WebSite","@id":"https:\/\/auslaenderaemter.com\/#website","url":"https:\/\/auslaenderaemter.com\/","name":"auslaenderaemter.com","description":"","publisher":{"@id":"https:\/\/auslaenderaemter.com\/#organization"},"potentialAction":[{"@type":"SearchAction","target":{"@type":"EntryPoint","urlTemplate":"https:\/\/auslaenderaemter.com\/?s={search_term_string}"},"query-input":{"@type":"PropertyValueSpecification","valueRequired":true,"valueName":"search_term_string"}}],"inLanguage":"zh-Hans"},{"@type":"Organization","@id":"https:\/\/auslaenderaemter.com\/#organization","name":"auslaenderaemter.com","url":"https:\/\/auslaenderaemter.com\/","logo":{"@type":"ImageObject","inLanguage":"zh-Hans","@id":"https:\/\/auslaenderaemter.com\/#\/schema\/logo\/image\/","url":"https:\/\/auslaenderaemter.com\/wp-content\/uploads\/2021\/01\/cropped-Vollmond-info-13.png","contentUrl":"https:\/\/auslaenderaemter.com\/wp-content\/uploads\/2021\/01\/cropped-Vollmond-info-13.png","width":500,"height":117,"caption":"auslaenderaemter.com"},"image":{"@id":"https:\/\/auslaenderaemter.com\/#\/schema\/logo\/image\/"}}]}},"_links":{"self":[{"href":"https:\/\/auslaenderaemter.com\/zh\/wp-json\/wp\/v2\/pages\/58","targetHints":{"allow":["GET"]}}],"collection":[{"href":"https:\/\/auslaenderaemter.com\/zh\/wp-json\/wp\/v2\/pages"}],"about":[{"href":"https:\/\/auslaenderaemter.com\/zh\/wp-json\/wp\/v2\/types\/page"}],"author":[{"embeddable":true,"href":"https:\/\/auslaenderaemter.com\/zh\/wp-json\/wp\/v2\/users\/1"}],"replies":[{"embeddable":true,"href":"https:\/\/auslaenderaemter.com\/zh\/wp-json\/wp\/v2\/comments?post=58"}],"version-history":[{"count":0,"href":"https:\/\/auslaenderaemter.com\/zh\/wp-json\/wp\/v2\/pages\/58\/revisions"}],"wp:featuredmedia":[{"embeddable":true,"href":"https:\/\/auslaenderaemter.com\/zh\/wp-json\/wp\/v2\/media\/37"}],"wp:attachment":[{"href":"https:\/\/auslaenderaemter.com\/zh\/wp-json\/wp\/v2\/media?parent=58"}],"curies":[{"name":"wp","href":"https:\/\/api.w.org\/{rel}","templated":true}]}}