{"id":68,"date":"2021-01-26T14:50:29","date_gmt":"2021-01-26T13:50:29","guid":{"rendered":"https:\/\/auslaenderaemter.com\/?page_id=68"},"modified":"2022-07-11T10:21:29","modified_gmt":"2022-07-11T08:21:29","slug":"auslaenderaemter-in-sachsen-anhalt","status":"publish","type":"page","link":"https:\/\/auslaenderaemter.com\/zh\/%e8%90%a8%e5%85%8b%e6%a3%ae-%e5%ae%89%e5%93%88%e5%b0%94%e7%89%b9%e7%a7%bb%e6%b0%91%e5%b1%80\/","title":{"rendered":"\u8428\u514b\u68ee-\u5b89\u54c8\u5c14\u7279\u7684\u79fb\u6c11\u529e\u516c\u5ba4"},"content":{"rendered":"<p><strong>\u5728\u8fd9\u91cc\uff0c\u60a8\u53ef\u4ee5\u627e\u5230\u8428\u514b\u68ee-\u5b89\u54c8\u5c14\u7279\u5dde\u79fb\u6c11\u529e\u516c\u5ba4\/\u79fb\u6c11\u5f53\u5c40\u7684\u8054\u7cfb\u4fe1\u606f\u3001\u5730\u5740\u548c\u5f00\u653e\u65f6\u95f4\u3002<\/strong><\/p>\n<h2><span id=\"Uebersicht_aller_Jobcenter_in_Baden-Wuerttemberg\" class=\"ez-toc-section\">\u8428\u514b\u68ee-\u5b89\u54c8\u5c14\u7279\u5dde\u6240\u6709\u79fb\u6c11\u529e\u516c\u5ba4\/\u79fb\u6c11\u5f53\u5c40\u6982\u89c8<\/span><\/h2>\n<ul>\n<li><a href=\"https:\/\/auslaenderaemter.com\/zh\/\u963f\u80af\u6613\u5317\u6cb3\u79fb\u6c11\u5c40\/\">\u963f\u80af\u6613\u5317\u6cb3<\/a><\/li>\n<li><a href=\"https:\/\/auslaenderaemter.com\/zh\/\u79fb\u6c11\u5c40-alsleben\/\">\u751f\u6d3b<\/a><\/li>\n<li><a href=\"https:\/\/auslaenderaemter.com\/zh\/\u79fb\u6c11\u5c40-aschersleben\/\">\u963f\u820d\u65af\u83b1\u672c<\/a><\/li>\n<li><a href=\"https:\/\/auslaenderaemter.com\/zh\/\u79fb\u6c11\u5c40\u8f74\/\">\u8f74<\/a><\/li>\n<li><a href=\"https:\/\/auslaenderaemter.com\/zh\/\u5df4\u5fb7\u52b3\u8d6b\u65bd\u5854\u7279\u79fb\u6c11\u5c40\/\">\u5df4\u7279\u52b3\u8d6b\u65bd\u5854\u7279<\/a><\/li>\n<li><a href=\"https:\/\/auslaenderaemter.com\/zh\/\u79fb\u6c11\u5c40-\u5df4\u5fb7\u65bd\u7c73\u5fb7\u8d1d\u683c\/\">\u5df4\u7279\u65bd\u7c73\u5fb7\u8d1d\u683c<\/a><\/li>\n<li><a href=\"https:\/\/auslaenderaemter.com\/zh\/\u79fb\u6c11\u5c40-\u4f2f\u6069\u5821\/\">\u4f2f\u6069\u5821\u8428\u5c14<\/a><\/li>\n<li><a href=\"https:\/\/auslaenderaemter.com\/zh\/\u79fb\u6c11\u5c40-\u6bd4\u7279\u8d39\u5c14\u5fb7-\u6c83\u5c14\u82ac\/\">\u6bd4\u7279\u8d39\u5c14\u5fb7\u6c83\u5c14\u82ac<\/a><\/li>\n<li><a href=\"https:\/\/auslaenderaemter.com\/zh\/\u79fb\u6c11\u5c40-bobbau\/\">\u9c8d\u52c3\u5927\u53a6<\/a><\/li>\n<li><a href=\"https:\/\/auslaenderaemter.com\/zh\/\u79fb\u6c11\u5c40-braunsbedra\/\">\u5e03\u52b3\u6069\u65af\u8d1d\u5fb7\u62c9<\/a><\/li>\n<li><a href=\"https:\/\/auslaenderaemter.com\/zh\/\u79fb\u6c11\u5c40-burg\/\">\u57ce\u5821<\/a><\/li>\n<li><a href=\"https:\/\/auslaenderaemter.com\/zh\/\u79fb\u6c11\u5c40-\u79d1\u65af\u7ef4\u683c-\u5b89\u54c8\u5c14\u7279\/\">\u79d1\u65af\u7ef4\u683c-\u5b89\u54c8\u5c14\u7279<\/a><\/li>\n<li><a href=\"https:\/\/auslaenderaemter.com\/zh\/\u5fb7\u7ecd-\u7f57\u65af\u52b3\u79fb\u6c11\u5c40\/\">\u5fb7\u7ecd-\u7f57\u65af\u52b3<\/a><\/li>\n<li><a href=\"https:\/\/auslaenderaemter.com\/zh\/\u79fb\u6c11\u5c40\u89c4\u5b9a\/\">\u4fa5\u5e78<\/a><\/li>\n<li><a href=\"https:\/\/auslaenderaemter.com\/zh\/\u5916\u4ea4\u90e8-\u683c\u96f7\u82ac\u6d77\u5c3c\u5174\/\">\u683c\u96f7\u82ac\u6d77\u5c3c\u8fb0<\/a><\/li>\n<li><a href=\"https:\/\/auslaenderaemter.com\/zh\/\u79fb\u6c11\u5c40-\u5927\u7ebf\/\">\u5927\u7ebf<\/a><\/li>\n<li><a href=\"https:\/\/auslaenderaemter.com\/zh\/\u54c8\u5c14\u4f2f\u65bd\u5854\u7279\u79fb\u6c11\u5c40\/\">\u54c8\u5c14\u4f2f\u65bd\u5854\u7279<\/a><\/li>\n<li><a href=\"https:\/\/auslaenderaemter.com\/zh\/\u54c8\u5c14\u767b\u65af\u83b1\u672c\u79fb\u6c11\u5c40\/\">\u54c8\u767b\u65af\u83b1\u672c<\/a><\/li>\n<li><a href=\"https:\/\/auslaenderaemter.com\/zh\/\u79fb\u6c11\u5c40\u5927\u5385\/\">\u5927\u5385<\/a><\/li>\n<li><a href=\"https:\/\/auslaenderaemter.com\/zh\/\u79fb\u6c11\u5c40-hettstedt\/\">\u8d6b\u7279\u65bd\u6cf0\u7279<\/a><\/li>\n<li><a href=\"https:\/\/auslaenderaemter.com\/zh\/\u79fb\u6c11\u5c40-\u970d\u6069\u83ab\u5c14\u68ee\/\">\u970d\u4ea8\u83ab\u5c14\u68ee<\/a><\/li>\n<li><a href=\"https:\/\/auslaenderaemter.com\/zh\/\u79fb\u6c11\u5c40-\u53ef\u4ee5\/\">\u6280\u80fd<\/a><\/li>\n<li><a href=\"https:\/\/auslaenderaemter.com\/zh\/\u79fb\u6c11\u5c40-\u79d1\u68ee-\u5b89\u54c8\u5c14\u7279\/\">\u79d1\u68ee<\/a><\/li>\n<li><a href=\"https:\/\/auslaenderaemter.com\/zh\/\u79fb\u6c11\u5c40-luetzen\/\">\u5415\u5c91<\/a><\/li>\n<li><a href=\"https:\/\/auslaenderaemter.com\/zh\/\u79fb\u6c11\u5c40-\u9a6c\u683c\u5fb7\u5821\/\">\u9a6c\u683c\u5fb7\u5821<\/a><\/li>\n<li><a href=\"https:\/\/auslaenderaemter.com\/zh\/\u79fb\u6c11\u5c40-\u6885\u6cfd\u5821\/\">\u6885\u745f\u5821<\/a><\/li>\n<li><a href=\"https:\/\/auslaenderaemter.com\/zh\/\u79fb\u6c11\u5c40-\u7459\u59c6\u5821\/\">\u7459\u59c6\u5821<\/a><\/li>\n<li><a href=\"https:\/\/auslaenderaemter.com\/zh\/\u79fb\u6c11\u5c40-\u594e\u5fb7\u6797\u5821\/\">\u594e\u5fb7\u6797\u5821<\/a><\/li>\n<li><a href=\"https:\/\/auslaenderaemter.com\/zh\/\u8428\u5c14\u8328\u97e6\u5fb7\u5c14\u79fb\u6c11\u5c40\/\">\u8428\u5c14\u8328\u97e6\u5fb7\u5c14<\/a><\/li>\n<li><a href=\"https:\/\/auslaenderaemter.com\/zh\/\u79fb\u6c11\u5c40-\u6851\u683c\u8c6a\u68ee\/\">\u6851\u683c\u8c6a\u68ee<\/a><\/li>\n<li><a href=\"https:\/\/auslaenderaemter.com\/zh\/\u79fb\u6c11\u529e\u516c\u5ba4-stendal\/\">\u65af\u6ed5\u8fbe\u5c14<\/a><\/li>\n<li><a href=\"https:\/\/auslaenderaemter.com\/zh\/\u79fb\u6c11\u5c40-weissenfels\/\">\u9b4f\u68ee\u8d39\u5c14\u65af<\/a><\/li>\n<li><a href=\"https:\/\/auslaenderaemter.com\/zh\/\u8def\u5fb7\u57ce-\u7ef4\u6ed5\u8d1d\u683c\u79fb\u6c11\u5c40\/\">\u8def\u5fb7\u57ce\u7ef4\u6ed5\u8d1d\u683c<\/a><\/li>\n<li><a href=\"https:\/\/auslaenderaemter.com\/zh\/\u79fb\u6c11\u5c40-woerlitz\/\">\u6c83\u5c14\u5229\u8328<\/a><\/li>\n<\/ul>\n<h3>\u79fb\u6c11\u5f53\u5c40\u7684\u4efb\u52a1<\/h3>\n<p>\u79fb\u6c11\u5f53\u5c40\u8d1f\u8d23\u4e0e\u5c45\u4f4f\u548c\u62a4\u7167\u6cd5\u6709\u5173\u7684\u63aa\u65bd\u3002\u4ed6\u4eec\u6839\u636e\u300a\u5c45\u4f4f\u6cd5\u300b\u548c\u5176\u4ed6\u79fb\u6c11\u6cd5\u7684\u89c4\u5b9a\u505a\u51fa\u51b3\u5b9a\u3002<\/p>\n<p><strong>\u5176\u4ed6\u4efb\u52a1\u548c\u670d\u52a1\u5305\u62ec\uff1a<\/strong><\/p>\n<ul>\n<li>\u7535\u5b50\u5c45\u7559\u8bc1 (eAT)<\/li>\n<li>\u96be\u6c11\u63f4\u52a9\u8054\u7edc\u4eba<\/li>\n<li>\u5de5\u4f5c\u51c6\u8bc1<\/li>\n<li>\u5165\u53e3\u00a0<span class=\"highlight\">\u548c<\/span>\u00a0\u5fb7\u56fd\u4f4f\u5bbf<\/li>\n<li>\u5e87\u62a4<\/li>\n<li>\u4e00\u4f53\u5316<\/li>\n<li>\u627f\u8bfa\u5ba3\u8a00<\/li>\n<\/ul>\n<h3>\u5728\u79fb\u6c11\u5c40\u9884\u7ea6<\/h3>\n<p>\u5728\u5927\u591a\u6570\u60c5\u51b5\u4e0b\uff0c\u60a8\u53ef\u4ee5\u901a\u8fc7\u7535\u8bdd\u3001\u4f7f\u7528\u8054\u7cfb\u8868\u6216\u901a\u8fc7\u76f8\u5e94\u57ce\u5e02\u7684\u670d\u52a1\u95e8\u6237\u8fdb\u884c\u9884\u7ea6\u3002\u5728\u60a8\u8bbf\u95ee\u79fb\u6c11\u529e\u516c\u5ba4\u4e4b\u524d\uff0c\u8bf7\u786e\u4fdd\u60a8\u62e5\u6709\u6240\u6709\u5fc5\u8981\u7684\u6587\u4ef6\u3002<\/p>\n<div class=\"su-note\"  style=\"border-color:#dadbdd;border-radius:2px;-moz-border-radius:2px;-webkit-border-radius:2px;\"><div class=\"su-note-inner su-u-clearfix su-u-trim\" style=\"background-color:#f4f5f7;border-color:#ffffff;color:#333333;border-radius:2px;-moz-border-radius:2px;-webkit-border-radius:2px;\"><strong>\u4e00\u4e2a\u901a\u77e5\uff1a<\/strong> \u5bf9\u4e8e\u529e\u516c\u5ba4\u3001\u5f53\u5c40\u6216\u6cd5\u9662\uff0c\u60a8\u901a\u5e38\u9700\u8981\u6587\u4ef6\u3001\u8bc1\u4e66\u6216\u8bc1\u4e66\u4f5c\u4e3a <a href=\"https:\/\/auslaenderaemter.com\/zh\/\u5b98\u65b9\u6587\u4ef6\u8ba4\u8bc1\u7ffb\u8bd1\/\">\u8ba4\u8bc1\u7ffb\u8bd1<\/a>.<\/div><\/div>\n<ul>\n<li>\u5e26\u4e00\u4e2a\u00a0<a href=\"https:\/\/auslaenderaemter.com\/zh\/\u627f\u8bfa\u5ba3\u8a00\/\" data-wpel-link=\"internal\">\u627f\u8bfa\u5ba3\u8a00<\/a>\u00a0\u60a8\u53ef\u4ee5\u5141\u8bb8\u6765\u81ea\u56fd\u5916\u7684\u6e38\u5ba2\u8fdb\u5165\u5fb7\u56fd\u3002<\/li>\n<li><strong>\u60a8\u671f\u5f85\u6765\u81ea\u56fd\u5916\u7684\u8bbf\u5ba2\u5417\uff1f<\/strong>\u00a0\u5e26\u4e00\u4e2a\u00a0<a href=\"https:\/\/tidd.ly\/3u98xUL\" target=\"_blank\" rel=\"nofollow noopener external noreferrer\" data-wpel-link=\"external\">\u5916\u5bbe\u65c5\u6e38\u5065\u5eb7\u4fdd\u9669<\/a>* \u60a8\u5728\u5fb7\u56fd\u548c\u6b27\u6d32\u53d7\u5230\u5168\u9762\u4fdd\u62a4\u3002<\/li>\n<\/ul>\n<h3>\u66f4\u8fdc <span class=\"ez-toc-section\">\u79fb\u6c11\u5f53\u5c40 <\/span>\u94fe\u63a5\u548c\u6765\u6e90<\/h3>\n<ul>\n<li><a href=\"https:\/\/auslaenderaemter.com\/zh\/\">\u5fb7\u56fd\u79fb\u6c11\u5c40<\/a><\/li>\n<li><a href=\"https:\/\/www.bamf.de\/DE\/Startseite\/startseite_node.html\" target=\"_blank\" rel=\"noopener nofollow external noreferrer\" data-wpel-link=\"external\">\u8054\u90a6\u79fb\u6c11\u548c\u96be\u6c11\u529e\u516c\u5ba4<\/a>\u00a0(BAMF)<\/li>\n<\/ul>","protected":false},"excerpt":{"rendered":"<p>\u5728\u8fd9\u91cc\u60a8\u53ef\u4ee5\u627e\u5230\u8428\u514b\u68ee-\u5b89\u54c8\u7279\u5dde\u79fb\u6c11\u529e\u516c\u5ba4\/\u79fb\u6c11\u5f53\u5c40\u7684\u8054\u7cfb\u4fe1\u606f\u3001\u5730\u5740\u548c\u529e\u516c\u65f6\u95f4\u3002\u8428\u514b\u68ee-\u5b89\u54c8\u5c14\u7279\u5dde\u6240\u6709\u5916\u56fd\u4eba\/\u79fb\u6c11\u5c40\u6982\u89c8 aken Albe asleben aschersleben Axien Bad Lauchst\u00e4dt Bad Schmiedeberg Bernburg Saale Bitterfeld Wolfen Bobbau Braunsbedra Burg coswig Anhalt Dessau-Ro\u00dfenhainichen Gr\u00e4fehainichen Halberstleben Halle Hettstedt Hohenm\u00f6lsen K\u00f6nern Magdeburg Merseburg Qued Linburg ...&nbsp;<a href=\"https:\/\/auslaenderaemter.com\/zh\/%e8%90%a8%e5%85%8b%e6%a3%ae-%e5%ae%89%e5%93%88%e5%b0%94%e7%89%b9%e7%a7%bb%e6%b0%91%e5%b1%80\/\" rel=\"bookmark\">\u9605\u8bfb\u66f4\u591a \u201d<span class=\"screen-reader-text\">\u8428\u514b\u68ee-\u5b89\u54c8\u5c14\u7279\u7684\u79fb\u6c11\u529e\u516c\u5ba4<\/span><\/a><\/p>","protected":false},"author":1,"featured_media":37,"parent":0,"menu_order":0,"comment_status":"closed","ping_status":"closed","template":"","meta":{"neve_meta_sidebar":"full-width","neve_meta_container":"","neve_meta_enable_content_width":"on","neve_meta_content_width":100,"neve_meta_title_alignment":"","neve_meta_author_avatar":"","neve_post_elements_order":"","neve_meta_disable_header":"","neve_meta_disable_footer":"","neve_meta_disable_title":"","neve_meta_reading_time":"","footnotes":""},"class_list":["post-68","page","type-page","status-publish","has-post-thumbnail","hentry"],"yoast_head":"<!-- This site is optimized with the Yoast SEO plugin v27.3 - https:\/\/yoast.com\/product\/yoast-seo-wordpress\/ -->\n<title>Ausl\u00e4nder\u00e4mter in Sachsen-Anhalt | Adresse, Anschrift und Kontakt<\/title>\n<meta name=\"description\" content=\"Ausl\u00e4nder\u00e4mter in Sachsen-Anhalt | Adresse und Anschrift \u2713 Telefonnummer, Kontakt und \u00d6ffnungszeiten \u2713 Ausl\u00e4nderbeh\u00f6rden in Deutschland\" \/>\n<meta name=\"robots\" content=\"index, follow, max-snippet:-1, max-image-preview:large, max-video-preview:-1\" \/>\n<link rel=\"canonical\" href=\"https:\/\/auslaenderaemter.com\/zh\/\u8428\u514b\u68ee-\u5b89\u54c8\u5c14\u7279\u79fb\u6c11\u5c40\/\" \/>\n<meta property=\"og:locale\" content=\"zh_CN\" \/>\n<meta property=\"og:type\" content=\"article\" \/>\n<meta property=\"og:title\" content=\"Ausl\u00e4nder\u00e4mter in Sachsen-Anhalt | Adresse, Anschrift und Kontakt\" \/>\n<meta property=\"og:description\" content=\"Ausl\u00e4nder\u00e4mter in Sachsen-Anhalt | Adresse und Anschrift \u2713 Telefonnummer, Kontakt und \u00d6ffnungszeiten \u2713 Ausl\u00e4nderbeh\u00f6rden in Deutschland\" \/>\n<meta property=\"og:url\" content=\"https:\/\/auslaenderaemter.com\/zh\/\u8428\u514b\u68ee-\u5b89\u54c8\u5c14\u7279\u79fb\u6c11\u5c40\/\" \/>\n<meta property=\"og:site_name\" content=\"auslaenderaemter.com\" \/>\n<meta property=\"article:modified_time\" content=\"2022-07-11T08:21:29+00:00\" \/>\n<meta property=\"og:image\" content=\"https:\/\/auslaenderaemter.com\/wp-content\/uploads\/2021\/01\/city-263069_640.jpg\" \/>\n\t<meta property=\"og:image:width\" content=\"640\" \/>\n\t<meta property=\"og:image:height\" content=\"480\" \/>\n\t<meta property=\"og:image:type\" content=\"image\/jpeg\" \/>\n<meta name=\"twitter:card\" content=\"summary_large_image\" \/>\n<meta name=\"twitter:label1\" content=\"\u9884\u8ba1\u9605\u8bfb\u65f6\u95f4\" \/>\n\t<meta name=\"twitter:data1\" content=\"1 \u5206\" \/>\n<script type=\"application\/ld+json\" class=\"yoast-schema-graph\">{\"@context\":\"https:\\\/\\\/schema.org\",\"@graph\":[{\"@type\":\"WebPage\",\"@id\":\"https:\\\/\\\/auslaenderaemter.com\\\/auslaenderaemter-in-sachsen-anhalt\\\/\",\"url\":\"https:\\\/\\\/auslaenderaemter.com\\\/auslaenderaemter-in-sachsen-anhalt\\\/\",\"name\":\"Ausl\u00e4nder\u00e4mter in Sachsen-Anhalt | Adresse, Anschrift und Kontakt\",\"isPartOf\":{\"@id\":\"https:\\\/\\\/auslaenderaemter.com\\\/#website\"},\"primaryImageOfPage\":{\"@id\":\"https:\\\/\\\/auslaenderaemter.com\\\/auslaenderaemter-in-sachsen-anhalt\\\/#primaryimage\"},\"image\":{\"@id\":\"https:\\\/\\\/auslaenderaemter.com\\\/auslaenderaemter-in-sachsen-anhalt\\\/#primaryimage\"},\"thumbnailUrl\":\"https:\\\/\\\/auslaenderaemter.com\\\/wp-content\\\/uploads\\\/2021\\\/01\\\/city-263069_640.jpg\",\"datePublished\":\"2021-01-26T13:50:29+00:00\",\"dateModified\":\"2022-07-11T08:21:29+00:00\",\"description\":\"Ausl\u00e4nder\u00e4mter in Sachsen-Anhalt | Adresse und Anschrift \u2713 Telefonnummer, Kontakt und \u00d6ffnungszeiten \u2713 Ausl\u00e4nderbeh\u00f6rden in Deutschland\",\"breadcrumb\":{\"@id\":\"https:\\\/\\\/auslaenderaemter.com\\\/auslaenderaemter-in-sachsen-anhalt\\\/#breadcrumb\"},\"inLanguage\":\"zh-Hans\",\"potentialAction\":[{\"@type\":\"ReadAction\",\"target\":[\"https:\\\/\\\/auslaenderaemter.com\\\/auslaenderaemter-in-sachsen-anhalt\\\/\"]}]},{\"@type\":\"ImageObject\",\"inLanguage\":\"zh-Hans\",\"@id\":\"https:\\\/\\\/auslaenderaemter.com\\\/auslaenderaemter-in-sachsen-anhalt\\\/#primaryimage\",\"url\":\"https:\\\/\\\/auslaenderaemter.com\\\/wp-content\\\/uploads\\\/2021\\\/01\\\/city-263069_640.jpg\",\"contentUrl\":\"https:\\\/\\\/auslaenderaemter.com\\\/wp-content\\\/uploads\\\/2021\\\/01\\\/city-263069_640.jpg\",\"width\":640,\"height\":480,\"caption\":\"Ausl\u00e4nder\u00e4mter in Deutschland\"},{\"@type\":\"BreadcrumbList\",\"@id\":\"https:\\\/\\\/auslaenderaemter.com\\\/auslaenderaemter-in-sachsen-anhalt\\\/#breadcrumb\",\"itemListElement\":[{\"@type\":\"ListItem\",\"position\":1,\"name\":\"Startseite\",\"item\":\"https:\\\/\\\/auslaenderaemter.com\\\/\"},{\"@type\":\"ListItem\",\"position\":2,\"name\":\"Ausl\u00e4nder\u00e4mter in Sachsen-Anhalt\"}]},{\"@type\":\"WebSite\",\"@id\":\"https:\\\/\\\/auslaenderaemter.com\\\/#website\",\"url\":\"https:\\\/\\\/auslaenderaemter.com\\\/\",\"name\":\"auslaenderaemter.com\",\"description\":\"\",\"publisher\":{\"@id\":\"https:\\\/\\\/auslaenderaemter.com\\\/#organization\"},\"potentialAction\":[{\"@type\":\"SearchAction\",\"target\":{\"@type\":\"EntryPoint\",\"urlTemplate\":\"https:\\\/\\\/auslaenderaemter.com\\\/?s={search_term_string}\"},\"query-input\":{\"@type\":\"PropertyValueSpecification\",\"valueRequired\":true,\"valueName\":\"search_term_string\"}}],\"inLanguage\":\"zh-Hans\"},{\"@type\":\"Organization\",\"@id\":\"https:\\\/\\\/auslaenderaemter.com\\\/#organization\",\"name\":\"auslaenderaemter.com\",\"url\":\"https:\\\/\\\/auslaenderaemter.com\\\/\",\"logo\":{\"@type\":\"ImageObject\",\"inLanguage\":\"zh-Hans\",\"@id\":\"https:\\\/\\\/auslaenderaemter.com\\\/#\\\/schema\\\/logo\\\/image\\\/\",\"url\":\"https:\\\/\\\/auslaenderaemter.com\\\/wp-content\\\/uploads\\\/2021\\\/01\\\/cropped-Vollmond-info-13.png\",\"contentUrl\":\"https:\\\/\\\/auslaenderaemter.com\\\/wp-content\\\/uploads\\\/2021\\\/01\\\/cropped-Vollmond-info-13.png\",\"width\":500,\"height\":117,\"caption\":\"auslaenderaemter.com\"},\"image\":{\"@id\":\"https:\\\/\\\/auslaenderaemter.com\\\/#\\\/schema\\\/logo\\\/image\\\/\"}}]}<\/script>\n<!-- \/ Yoast SEO plugin. -->","yoast_head_json":{"title":"\u8428\u514b\u68ee-\u5b89\u54c8\u5c14\u7279\u5dde\u79fb\u6c11\u529e\u516c\u5ba4| \u9ad8\u5206\u8fa8\u7387\u7167\u7247| CLIPARTO\u5730\u5740\u3001\u5730\u5740\u548c\u8054\u7cfb\u65b9\u5f0f","description":"\u8428\u514b\u68ee-\u5b89\u54c8\u5c14\u7279\u5dde\u79fb\u6c11\u529e\u516c\u5ba4| \u9ad8\u5206\u8fa8\u7387\u7167\u7247| CLIPARTO\u5730\u5740\u548c\u5730\u5740 \u2713 \u7535\u8bdd\u53f7\u7801\u3001\u8054\u7cfb\u65b9\u5f0f\u548c\u5f00\u653e\u65f6\u95f4 \u2713 \u5fb7\u56fd\u79fb\u6c11\u5c40","robots":{"index":"index","follow":"follow","max-snippet":"max-snippet:-1","max-image-preview":"max-image-preview:large","max-video-preview":"max-video-preview:-1"},"canonical":"https:\/\/auslaenderaemter.com\/zh\/\u8428\u514b\u68ee-\u5b89\u54c8\u5c14\u7279\u79fb\u6c11\u5c40\/","og_locale":"zh_CN","og_type":"article","og_title":"Ausl\u00e4nder\u00e4mter in Sachsen-Anhalt | Adresse, Anschrift und Kontakt","og_description":"Ausl\u00e4nder\u00e4mter in Sachsen-Anhalt | Adresse und Anschrift \u2713 Telefonnummer, Kontakt und \u00d6ffnungszeiten \u2713 Ausl\u00e4nderbeh\u00f6rden in Deutschland","og_url":"https:\/\/auslaenderaemter.com\/zh\/\u8428\u514b\u68ee-\u5b89\u54c8\u5c14\u7279\u79fb\u6c11\u5c40\/","og_site_name":"auslaenderaemter.com","article_modified_time":"2022-07-11T08:21:29+00:00","og_image":[{"width":640,"height":480,"url":"https:\/\/auslaenderaemter.com\/wp-content\/uploads\/2021\/01\/city-263069_640.jpg","type":"image\/jpeg"}],"twitter_card":"summary_large_image","twitter_misc":{"\u9884\u8ba1\u9605\u8bfb\u65f6\u95f4":"1 \u5206"},"schema":{"@context":"https:\/\/schema.org","@graph":[{"@type":"WebPage","@id":"https:\/\/auslaenderaemter.com\/auslaenderaemter-in-sachsen-anhalt\/","url":"https:\/\/auslaenderaemter.com\/auslaenderaemter-in-sachsen-anhalt\/","name":"\u8428\u514b\u68ee-\u5b89\u54c8\u5c14\u7279\u5dde\u79fb\u6c11\u529e\u516c\u5ba4| \u9ad8\u5206\u8fa8\u7387\u7167\u7247| CLIPARTO\u5730\u5740\u3001\u5730\u5740\u548c\u8054\u7cfb\u65b9\u5f0f","isPartOf":{"@id":"https:\/\/auslaenderaemter.com\/#website"},"primaryImageOfPage":{"@id":"https:\/\/auslaenderaemter.com\/auslaenderaemter-in-sachsen-anhalt\/#primaryimage"},"image":{"@id":"https:\/\/auslaenderaemter.com\/auslaenderaemter-in-sachsen-anhalt\/#primaryimage"},"thumbnailUrl":"https:\/\/auslaenderaemter.com\/wp-content\/uploads\/2021\/01\/city-263069_640.jpg","datePublished":"2021-01-26T13:50:29+00:00","dateModified":"2022-07-11T08:21:29+00:00","description":"\u8428\u514b\u68ee-\u5b89\u54c8\u5c14\u7279\u5dde\u79fb\u6c11\u529e\u516c\u5ba4| \u9ad8\u5206\u8fa8\u7387\u7167\u7247| CLIPARTO\u5730\u5740\u548c\u5730\u5740 \u2713 \u7535\u8bdd\u53f7\u7801\u3001\u8054\u7cfb\u65b9\u5f0f\u548c\u5f00\u653e\u65f6\u95f4 \u2713 \u5fb7\u56fd\u79fb\u6c11\u5c40","breadcrumb":{"@id":"https:\/\/auslaenderaemter.com\/auslaenderaemter-in-sachsen-anhalt\/#breadcrumb"},"inLanguage":"zh-Hans","potentialAction":[{"@type":"ReadAction","target":["https:\/\/auslaenderaemter.com\/auslaenderaemter-in-sachsen-anhalt\/"]}]},{"@type":"ImageObject","inLanguage":"zh-Hans","@id":"https:\/\/auslaenderaemter.com\/auslaenderaemter-in-sachsen-anhalt\/#primaryimage","url":"https:\/\/auslaenderaemter.com\/wp-content\/uploads\/2021\/01\/city-263069_640.jpg","contentUrl":"https:\/\/auslaenderaemter.com\/wp-content\/uploads\/2021\/01\/city-263069_640.jpg","width":640,"height":480,"caption":"Ausl\u00e4nder\u00e4mter in Deutschland"},{"@type":"BreadcrumbList","@id":"https:\/\/auslaenderaemter.com\/auslaenderaemter-in-sachsen-anhalt\/#breadcrumb","itemListElement":[{"@type":"ListItem","position":1,"name":"Startseite","item":"https:\/\/auslaenderaemter.com\/"},{"@type":"ListItem","position":2,"name":"Ausl\u00e4nder\u00e4mter in Sachsen-Anhalt"}]},{"@type":"WebSite","@id":"https:\/\/auslaenderaemter.com\/#website","url":"https:\/\/auslaenderaemter.com\/","name":"auslaenderaemter.com","description":"","publisher":{"@id":"https:\/\/auslaenderaemter.com\/#organization"},"potentialAction":[{"@type":"SearchAction","target":{"@type":"EntryPoint","urlTemplate":"https:\/\/auslaenderaemter.com\/?s={search_term_string}"},"query-input":{"@type":"PropertyValueSpecification","valueRequired":true,"valueName":"search_term_string"}}],"inLanguage":"zh-Hans"},{"@type":"Organization","@id":"https:\/\/auslaenderaemter.com\/#organization","name":"auslaenderaemter.com","url":"https:\/\/auslaenderaemter.com\/","logo":{"@type":"ImageObject","inLanguage":"zh-Hans","@id":"https:\/\/auslaenderaemter.com\/#\/schema\/logo\/image\/","url":"https:\/\/auslaenderaemter.com\/wp-content\/uploads\/2021\/01\/cropped-Vollmond-info-13.png","contentUrl":"https:\/\/auslaenderaemter.com\/wp-content\/uploads\/2021\/01\/cropped-Vollmond-info-13.png","width":500,"height":117,"caption":"auslaenderaemter.com"},"image":{"@id":"https:\/\/auslaenderaemter.com\/#\/schema\/logo\/image\/"}}]}},"_links":{"self":[{"href":"https:\/\/auslaenderaemter.com\/zh\/wp-json\/wp\/v2\/pages\/68","targetHints":{"allow":["GET"]}}],"collection":[{"href":"https:\/\/auslaenderaemter.com\/zh\/wp-json\/wp\/v2\/pages"}],"about":[{"href":"https:\/\/auslaenderaemter.com\/zh\/wp-json\/wp\/v2\/types\/page"}],"author":[{"embeddable":true,"href":"https:\/\/auslaenderaemter.com\/zh\/wp-json\/wp\/v2\/users\/1"}],"replies":[{"embeddable":true,"href":"https:\/\/auslaenderaemter.com\/zh\/wp-json\/wp\/v2\/comments?post=68"}],"version-history":[{"count":0,"href":"https:\/\/auslaenderaemter.com\/zh\/wp-json\/wp\/v2\/pages\/68\/revisions"}],"wp:featuredmedia":[{"embeddable":true,"href":"https:\/\/auslaenderaemter.com\/zh\/wp-json\/wp\/v2\/media\/37"}],"wp:attachment":[{"href":"https:\/\/auslaenderaemter.com\/zh\/wp-json\/wp\/v2\/media?parent=68"}],"curies":[{"name":"wp","href":"https:\/\/api.w.org\/{rel}","templated":true}]}}